{"id":52103,"date":"2022-06-29T13:06:16","date_gmt":"2022-06-29T11:06:16","guid":{"rendered":"https:\/\/secureus.se\/produkt\/byglingsplint-1-10par-sl\/"},"modified":"2026-03-26T11:40:15","modified_gmt":"2026-03-26T10:40:15","slug":"byglingsplint-1-10par-sl","status":"publish","type":"product","link":"https:\/\/secureus.se\/es\/byglingsplint-1-10par-sl\/","title":{"rendered":"Terminal puente 1-10Pares Sl."},"content":{"rendered":"<p>Terminal de puente con terminal de conexi\u00f3n separado para cable de alimentaci\u00f3n entrante conectado en paralelo con terminal de conexi\u00f3n separado para cables de distribuci\u00f3n salientes. Un par de entrada por cada 10 pares de salida o 1 par de entrada por cada 5 pares de salida en 2 secciones. Terminal de conexi\u00f3n independiente para pantalla.<\/p>","protected":false},"excerpt":{"rendered":"<p>Byglingsplint med separat anslutningsplint f\u00f6r inkommande matarkabel parallellkopplad med separat anslutningsplint f\u00f6r utg\u00e5ende spridningskablar. Ett par in till 10 par ut eller 1 par in till 5 par ut 2<\/p>","protected":false},"featured_media":142040,"template":"","meta":{"_acf_changed":false},"product_brand":[],"product_cat":[1547],"product_tag":[2212],"class_list":{"0":"post-52103","1":"product","2":"type-product","3":"status-publish","4":"has-post-thumbnail","6":"product_cat-plint-larm-telebox","7":"product_tag-box-bygling-buss","8":"product_shipping_class-postnord-varubrev","9":"pa_brands-alarmtech","10":"tm-no-options","12":"first","13":"instock","14":"sale","15":"taxable","16":"shipping-taxable","17":"purchasable","18":"product-type-simple"},"acf":[],"_links":{"self":[{"href":"https:\/\/secureus.se\/es\/wp-json\/wp\/v2\/product\/52103","targetHints":{"allow":["GET"]}}],"collection":[{"href":"https:\/\/secureus.se\/es\/wp-json\/wp\/v2\/product"}],"about":[{"href":"https:\/\/secureus.se\/es\/wp-json\/wp\/v2\/types\/product"}],"wp:featuredmedia":[{"embeddable":true,"href":"https:\/\/secureus.se\/es\/wp-json\/wp\/v2\/media\/142040"}],"wp:attachment":[{"href":"https:\/\/secureus.se\/es\/wp-json\/wp\/v2\/media?parent=52103"}],"wp:term":[{"taxonomy":"product_brand","embeddable":true,"href":"https:\/\/secureus.se\/es\/wp-json\/wp\/v2\/product_brand?post=52103"},{"taxonomy":"product_cat","embeddable":true,"href":"https:\/\/secureus.se\/es\/wp-json\/wp\/v2\/product_cat?post=52103"},{"taxonomy":"product_tag","embeddable":true,"href":"https:\/\/secureus.se\/es\/wp-json\/wp\/v2\/product_tag?post=52103"}],"curies":[{"name":"wp","href":"https:\/\/api.w.org\/{rel}","templated":true}]}}