{"id":52109,"date":"2022-06-29T13:02:53","date_gmt":"2022-06-29T11:02:53","guid":{"rendered":"https:\/\/secureus.se\/produkt\/skarvbox-mini-20-poler\/"},"modified":"2026-04-23T10:45:46","modified_gmt":"2026-04-23T08:45:46","slug":"skarvbox-mini-20-poler","status":"publish","type":"product","link":"https:\/\/secureus.se\/es\/skarvbox-mini-20-poler\/","title":{"rendered":"Caja de conexiones mini de 20 polos"},"content":{"rendered":"<p>Caja de conexiones peque\u00f1a, caja de alarma alternativa, telebox mini. Caja en pl\u00e1stico V0 apta para instalaciones contra incendios. Bloque de terminales en pl\u00e1stico V0 con terminales de tornillo con funci\u00f3n de elevaci\u00f3n para cables de 2,5mm2. 20 polos incluidos 2 terminales para protecci\u00f3n de apertura.<\/p>","protected":false},"excerpt":{"rendered":"<p>Caja de conexiones peque\u00f1a, caja de alarma alternativa, telebox mini. Caja en pl\u00e1stico V0 apta para instalaciones contra incendios. Bloque de terminales en pl\u00e1stico V0 con terminales de tornillo con funci\u00f3n de elevaci\u00f3n para cables de 2,5mm2. 20 polos incluidos 2 terminales para protecci\u00f3n de apertura.<\/p>","protected":false},"featured_media":142325,"template":"","meta":{"_acf_changed":false},"product_brand":[],"product_cat":[1545],"product_tag":[2217],"class_list":{"0":"post-52109","1":"product","2":"type-product","3":"status-publish","4":"has-post-thumbnail","6":"product_cat-kopplingsdosa-larmdosa","7":"product_tag-dosa-20-polig","8":"product_shipping_class-postnord-varubrev","9":"pa_brands-alarmtech","10":"pa_farg-ovrigt","11":"tm-no-options","13":"first","14":"outofstock","15":"sale","16":"taxable","17":"shipping-taxable","18":"purchasable","19":"product-type-simple"},"acf":[],"_links":{"self":[{"href":"https:\/\/secureus.se\/es\/wp-json\/wp\/v2\/product\/52109","targetHints":{"allow":["GET"]}}],"collection":[{"href":"https:\/\/secureus.se\/es\/wp-json\/wp\/v2\/product"}],"about":[{"href":"https:\/\/secureus.se\/es\/wp-json\/wp\/v2\/types\/product"}],"wp:featuredmedia":[{"embeddable":true,"href":"https:\/\/secureus.se\/es\/wp-json\/wp\/v2\/media\/142325"}],"wp:attachment":[{"href":"https:\/\/secureus.se\/es\/wp-json\/wp\/v2\/media?parent=52109"}],"wp:term":[{"taxonomy":"product_brand","embeddable":true,"href":"https:\/\/secureus.se\/es\/wp-json\/wp\/v2\/product_brand?post=52109"},{"taxonomy":"product_cat","embeddable":true,"href":"https:\/\/secureus.se\/es\/wp-json\/wp\/v2\/product_cat?post=52109"},{"taxonomy":"product_tag","embeddable":true,"href":"https:\/\/secureus.se\/es\/wp-json\/wp\/v2\/product_tag?post=52109"}],"curies":[{"name":"wp","href":"https:\/\/api.w.org\/{rel}","templated":true}]}}