{"id":52116,"date":"2022-06-29T12:55:20","date_gmt":"2022-06-29T10:55:20","guid":{"rendered":"https:\/\/secureus.se\/produkt\/sakringsplint-1-in-4-ut\/"},"modified":"2026-03-26T11:41:40","modified_gmt":"2026-03-26T10:41:40","slug":"sakringsplint-1-in-4-ut","status":"publish","type":"product","link":"https:\/\/secureus.se\/es\/sakringsplint-1-in-4-ut\/","title":{"rendered":"Terminal de fusible 1 entrada \u2013 4 salidas"},"content":{"rendered":"<p>Fuente de alimentaci\u00f3n con terminal de conexi\u00f3n separado para: Cables de alimentaci\u00f3n de entrada. Cable de salida de potencia. Cables de distribuci\u00f3n con fusibles (+) conectados internamente. Terminal de conexi\u00f3n independiente para pantalla.<\/p>","protected":false},"excerpt":{"rendered":"<p>Fuente de alimentaci\u00f3n con terminal de conexi\u00f3n separado para: Cables de alimentaci\u00f3n de entrada. Cable de salida de potencia. Cables de distribuci\u00f3n con fusibles (+) conectados internamente. Terminal de conexi\u00f3n independiente para pantalla.<\/p>","protected":false},"featured_media":142100,"template":"","meta":{"_acf_changed":false},"product_brand":[],"product_cat":[4153,1548],"product_tag":[2232],"class_list":{"0":"post-52116","1":"product","2":"type-product","3":"status-publish","4":"has-post-thumbnail","6":"product_cat-sakringsmodul","7":"product_cat-relaer-elektronik","8":"product_tag-rela-sakringsmodul","9":"product_shipping_class-postnord-varubrev","10":"tm-no-options","12":"first","13":"outofstock","14":"sale","15":"taxable","16":"shipping-taxable","17":"purchasable","18":"product-type-simple"},"acf":[],"_links":{"self":[{"href":"https:\/\/secureus.se\/es\/wp-json\/wp\/v2\/product\/52116","targetHints":{"allow":["GET"]}}],"collection":[{"href":"https:\/\/secureus.se\/es\/wp-json\/wp\/v2\/product"}],"about":[{"href":"https:\/\/secureus.se\/es\/wp-json\/wp\/v2\/types\/product"}],"wp:featuredmedia":[{"embeddable":true,"href":"https:\/\/secureus.se\/es\/wp-json\/wp\/v2\/media\/142100"}],"wp:attachment":[{"href":"https:\/\/secureus.se\/es\/wp-json\/wp\/v2\/media?parent=52116"}],"wp:term":[{"taxonomy":"product_brand","embeddable":true,"href":"https:\/\/secureus.se\/es\/wp-json\/wp\/v2\/product_brand?post=52116"},{"taxonomy":"product_cat","embeddable":true,"href":"https:\/\/secureus.se\/es\/wp-json\/wp\/v2\/product_cat?post=52116"},{"taxonomy":"product_tag","embeddable":true,"href":"https:\/\/secureus.se\/es\/wp-json\/wp\/v2\/product_tag?post=52116"}],"curies":[{"name":"wp","href":"https:\/\/api.w.org\/{rel}","templated":true}]}}