{"id":52120,"date":"2022-06-29T12:53:36","date_gmt":"2022-06-29T10:53:36","guid":{"rendered":"https:\/\/secureus.se\/produkt\/vaggdistans-q10x6mm-x40st\/"},"modified":"2026-04-08T16:34:37","modified_gmt":"2026-04-08T14:34:37","slug":"vaggdistans-q10x6mm-x40st","status":"publish","type":"product","link":"https:\/\/secureus.se\/es\/vaggdistans-q10x6mm-x40st\/","title":{"rendered":"Espaciador de pared Q10X6Mm X40 piezas"},"content":{"rendered":"<p>Simplifica el enrutamiento de cables detr\u00e1s de la caja\/caj\u00f3n. Se pueden apilar uno encima del otro y funcionan con 2581.13, que tiene 13 mm de largo. El di\u00e1metro es de 10,4 mm, el orificio del tornillo centrado tiene un di\u00e1metro de 3,8 mm. Se suministra 40 piezas\/paquete sin tornillos ni tacos.<\/p>","protected":false},"excerpt":{"rendered":"<p>F\u00f6renklar kabeldragningen in bakom boxen\/l\u00e5dan. Kan staplas p\u00e5 varandra och fungerar med 2581.13 som \u00e4r 13mm l\u00e5ng. Diameter \u00e4r 10,4mm, centrerat skruvh\u00e5l om 3,8mm diameter. Levereras 40st\/f\u00f6rpackning utan skruv och<\/p>","protected":false},"featured_media":142597,"template":"","meta":{"_acf_changed":false},"product_brand":[],"product_cat":[1547],"product_tag":[2211],"class_list":{"0":"post-52120","1":"product","2":"type-product","3":"status-publish","4":"has-post-thumbnail","6":"product_cat-plint-larm-telebox","7":"product_tag-box-tillbehor","8":"product_shipping_class-postnord-varubrev","9":"pa_brands-alarmtech","10":"tm-no-options","12":"first","13":"instock","14":"sale","15":"taxable","16":"shipping-taxable","17":"purchasable","18":"product-type-simple"},"acf":[],"_links":{"self":[{"href":"https:\/\/secureus.se\/es\/wp-json\/wp\/v2\/product\/52120","targetHints":{"allow":["GET"]}}],"collection":[{"href":"https:\/\/secureus.se\/es\/wp-json\/wp\/v2\/product"}],"about":[{"href":"https:\/\/secureus.se\/es\/wp-json\/wp\/v2\/types\/product"}],"wp:featuredmedia":[{"embeddable":true,"href":"https:\/\/secureus.se\/es\/wp-json\/wp\/v2\/media\/142597"}],"wp:attachment":[{"href":"https:\/\/secureus.se\/es\/wp-json\/wp\/v2\/media?parent=52120"}],"wp:term":[{"taxonomy":"product_brand","embeddable":true,"href":"https:\/\/secureus.se\/es\/wp-json\/wp\/v2\/product_brand?post=52120"},{"taxonomy":"product_cat","embeddable":true,"href":"https:\/\/secureus.se\/es\/wp-json\/wp\/v2\/product_cat?post=52120"},{"taxonomy":"product_tag","embeddable":true,"href":"https:\/\/secureus.se\/es\/wp-json\/wp\/v2\/product_tag?post=52120"}],"curies":[{"name":"wp","href":"https:\/\/api.w.org\/{rel}","templated":true}]}}