{"id":52121,"date":"2022-06-29T12:53:15","date_gmt":"2022-06-29T10:53:15","guid":{"rendered":"https:\/\/secureus.se\/produkt\/relaplint-12vdc-4-rela-sk\/"},"modified":"2026-04-23T11:07:23","modified_gmt":"2026-04-23T09:07:23","slug":"relaplint-12vdc-4-rela-sk","status":"publish","type":"product","link":"https:\/\/secureus.se\/es\/relaplint-12vdc-4-rela-sk\/","title":{"rendered":"Terminal de rel\u00e9 12 Vcc 4 Rel\u00e9 Sk"},"content":{"rendered":"<p>Terminal de rel\u00e9 con 2 o 4 rel\u00e9s. LED en paralelo con bobina. Diodo de protecci\u00f3n. 2 piezas respectivamente. 1 contacto de conmutaci\u00f3n separado en cada rel\u00e9. Terminal de conexi\u00f3n independiente para pantalla.<\/p>","protected":false},"excerpt":{"rendered":"<p>Terminal de rel\u00e9 con 2 o 4 rel\u00e9s. LED en paralelo con bobina. Diodo de protecci\u00f3n. 2 piezas respectivamente. 1 contacto de conmutaci\u00f3n separado en cada rel\u00e9. Terminal de conexi\u00f3n independiente para pantalla.<\/p>","protected":false},"featured_media":142584,"template":"","meta":{"_acf_changed":false},"product_brand":[],"product_cat":[1547],"product_tag":[],"class_list":{"0":"post-52121","1":"product","2":"type-product","3":"status-publish","4":"has-post-thumbnail","6":"product_cat-plint-larm-telebox","7":"product_shipping_class-postnord-varubrev","8":"pa_brands-alarmtech","9":"tm-no-options","11":"first","12":"instock","13":"sale","14":"taxable","15":"shipping-taxable","16":"purchasable","17":"product-type-simple"},"acf":[],"_links":{"self":[{"href":"https:\/\/secureus.se\/es\/wp-json\/wp\/v2\/product\/52121","targetHints":{"allow":["GET"]}}],"collection":[{"href":"https:\/\/secureus.se\/es\/wp-json\/wp\/v2\/product"}],"about":[{"href":"https:\/\/secureus.se\/es\/wp-json\/wp\/v2\/types\/product"}],"wp:featuredmedia":[{"embeddable":true,"href":"https:\/\/secureus.se\/es\/wp-json\/wp\/v2\/media\/142584"}],"wp:attachment":[{"href":"https:\/\/secureus.se\/es\/wp-json\/wp\/v2\/media?parent=52121"}],"wp:term":[{"taxonomy":"product_brand","embeddable":true,"href":"https:\/\/secureus.se\/es\/wp-json\/wp\/v2\/product_brand?post=52121"},{"taxonomy":"product_cat","embeddable":true,"href":"https:\/\/secureus.se\/es\/wp-json\/wp\/v2\/product_cat?post=52121"},{"taxonomy":"product_tag","embeddable":true,"href":"https:\/\/secureus.se\/es\/wp-json\/wp\/v2\/product_tag?post=52121"}],"curies":[{"name":"wp","href":"https:\/\/api.w.org\/{rel}","templated":true}]}}