{"id":52122,"date":"2022-06-29T12:52:33","date_gmt":"2022-06-29T10:52:33","guid":{"rendered":"https:\/\/secureus.se\/produkt\/plintdistans-15mm-20st\/"},"modified":"2026-02-20T11:50:51","modified_gmt":"2026-02-20T10:50:51","slug":"plintdistans-15mm-20st","status":"publish","type":"product","link":"https:\/\/secureus.se\/es\/plintdistans-15mm-20st\/","title":{"rendered":"Espaciador de terminales 15 mm 20 piezas"},"content":{"rendered":"<p>Para la instalaci\u00f3n, entre otros, de bornes de conexi\u00f3n, rel\u00e9s o m\u00f3dulos en cajas de chapa de distintos tama\u00f1os.<\/p>","protected":false},"excerpt":{"rendered":"<p>Para la instalaci\u00f3n, entre otros, de bornes de conexi\u00f3n, rel\u00e9s o m\u00f3dulos en cajas de chapa de distintos tama\u00f1os.<\/p>","protected":false},"featured_media":142591,"template":"","meta":{"_acf_changed":false},"product_brand":[],"product_cat":[1547],"product_tag":[2211],"class_list":{"0":"post-52122","1":"product","2":"type-product","3":"status-publish","4":"has-post-thumbnail","6":"product_cat-plint-larm-telebox","7":"product_tag-box-tillbehor","8":"product_shipping_class-postnord-varubrev","9":"pa_brands-alarmtech","10":"tm-no-options","12":"first","13":"instock","14":"sale","15":"taxable","16":"shipping-taxable","17":"purchasable","18":"product-type-simple"},"acf":[],"_links":{"self":[{"href":"https:\/\/secureus.se\/es\/wp-json\/wp\/v2\/product\/52122","targetHints":{"allow":["GET"]}}],"collection":[{"href":"https:\/\/secureus.se\/es\/wp-json\/wp\/v2\/product"}],"about":[{"href":"https:\/\/secureus.se\/es\/wp-json\/wp\/v2\/types\/product"}],"wp:featuredmedia":[{"embeddable":true,"href":"https:\/\/secureus.se\/es\/wp-json\/wp\/v2\/media\/142591"}],"wp:attachment":[{"href":"https:\/\/secureus.se\/es\/wp-json\/wp\/v2\/media?parent=52122"}],"wp:term":[{"taxonomy":"product_brand","embeddable":true,"href":"https:\/\/secureus.se\/es\/wp-json\/wp\/v2\/product_brand?post=52122"},{"taxonomy":"product_cat","embeddable":true,"href":"https:\/\/secureus.se\/es\/wp-json\/wp\/v2\/product_cat?post=52122"},{"taxonomy":"product_tag","embeddable":true,"href":"https:\/\/secureus.se\/es\/wp-json\/wp\/v2\/product_tag?post=52122"}],"curies":[{"name":"wp","href":"https:\/\/api.w.org\/{rel}","templated":true}]}}