{"id":52138,"date":"2022-06-29T13:12:19","date_gmt":"2022-06-29T11:12:19","guid":{"rendered":"https:\/\/secureus.se\/produkt\/kopplingsdosa-utomhus-i-metall\/"},"modified":"2026-04-08T16:49:59","modified_gmt":"2026-04-08T14:49:59","slug":"kopplingsdosa-utomhus-i-metall","status":"publish","type":"product","link":"https:\/\/secureus.se\/es\/kopplingsdosa-utomhus-i-metall\/","title":{"rendered":"Caja de conexiones exterior de metal"},"content":{"rendered":"<p>Caja de conexiones met\u00e1lica con 24 terminales de tornillo con funci\u00f3n de elevaci\u00f3n y calefacci\u00f3n interior para ambientes fr\u00edos. Para sistemas de alarma, entrada y c\u00e1maras. Entrada de cables en pl\u00e1stico resistente a los rayos UV para di\u00e1metros de cables de 4,5-10 mm. Alivio de tensi\u00f3n del cable e interruptor de manipulaci\u00f3n. Metal pintado de color blanco.<\/p>","protected":false},"excerpt":{"rendered":"<p>Caja de conexiones met\u00e1lica con 24 terminales de tornillo con funci\u00f3n de elevaci\u00f3n y calefacci\u00f3n interior para ambientes fr\u00edos. Para sistemas de alarma, intercomunicaci\u00f3n y c\u00e1maras. Entrada de cables en pl\u00e1stico resistente a los rayos UV para di\u00e1metros de cables de 4,5-10 mm. Alivio de tensi\u00f3n del cable e interruptor de manipulaci\u00f3n. Lacado en blanco<\/p>","protected":false},"featured_media":142879,"template":"","meta":{"_acf_changed":false},"product_brand":[],"product_cat":[1545],"product_tag":[2225],"class_list":{"0":"post-52138","1":"product","2":"type-product","3":"status-publish","4":"has-post-thumbnail","6":"product_cat-kopplingsdosa-larmdosa","7":"product_tag-sabplint-utomhus-ovr","8":"product_shipping_class-tunga-paket","9":"pa_brands-alarmtech","10":"pa_farg-vit","11":"tm-no-options","13":"first","14":"outofstock","15":"sale","16":"taxable","17":"shipping-taxable","18":"purchasable","19":"product-type-simple"},"acf":[],"_links":{"self":[{"href":"https:\/\/secureus.se\/es\/wp-json\/wp\/v2\/product\/52138","targetHints":{"allow":["GET"]}}],"collection":[{"href":"https:\/\/secureus.se\/es\/wp-json\/wp\/v2\/product"}],"about":[{"href":"https:\/\/secureus.se\/es\/wp-json\/wp\/v2\/types\/product"}],"wp:featuredmedia":[{"embeddable":true,"href":"https:\/\/secureus.se\/es\/wp-json\/wp\/v2\/media\/142879"}],"wp:attachment":[{"href":"https:\/\/secureus.se\/es\/wp-json\/wp\/v2\/media?parent=52138"}],"wp:term":[{"taxonomy":"product_brand","embeddable":true,"href":"https:\/\/secureus.se\/es\/wp-json\/wp\/v2\/product_brand?post=52138"},{"taxonomy":"product_cat","embeddable":true,"href":"https:\/\/secureus.se\/es\/wp-json\/wp\/v2\/product_cat?post=52138"},{"taxonomy":"product_tag","embeddable":true,"href":"https:\/\/secureus.se\/es\/wp-json\/wp\/v2\/product_tag?post=52138"}],"curies":[{"name":"wp","href":"https:\/\/api.w.org\/{rel}","templated":true}]}}