{"id":52152,"date":"2022-06-29T13:09:19","date_gmt":"2022-06-29T11:09:19","guid":{"rendered":"https:\/\/secureus.se\/produkt\/aterstallningsbox-infalld\/"},"modified":"2026-04-08T16:57:06","modified_gmt":"2026-04-08T14:57:06","slug":"aterstallningsbox-infalld","status":"publish","type":"product","link":"https:\/\/secureus.se\/es\/aterstallningsbox-infalld\/","title":{"rendered":"Caja de reinicio empotrada"},"content":{"rendered":"<p>El interruptor interrumpe la ruta entre las conexiones 02 y 12 cuando se presiona, p. ej. Reinicio de detectores de vidrio de rel\u00e9. Con LED y zumbador. Bloque de terminales de tornillo conectados a polos con funci\u00f3n de elevaci\u00f3n para cable de 0,14-1 mm2. Tambi\u00e9n disponible como caja de superficie, ver art. No. 28319.03 (N.\u00ba E. 5015207). Se suministra con tapa, color blanco 86x86mm.<\/p>","protected":false},"excerpt":{"rendered":"<p>El interruptor interrumpe la ruta entre las conexiones 02 y 12 cuando se presiona, p. ej. Reinicio de detectores de vidrio de rel\u00e9. Con LED y zumbador. Bloque de terminales de tornillo conectados a polos con funci\u00f3n de elevaci\u00f3n para cable de 0,14-1 mm2. Tambi\u00e9n disponible para montaje en superficie.<\/p>","protected":false},"featured_media":142507,"template":"","meta":{"_acf_changed":false},"product_brand":[],"product_cat":[1545],"product_tag":[2218],"class_list":{"0":"post-52152","1":"product","2":"type-product","3":"status-publish","4":"has-post-thumbnail","6":"product_cat-kopplingsdosa-larmdosa","7":"product_tag-dosa-glaskross","8":"product_shipping_class-postnord-varubrev","9":"pa_brands-alarmtech","10":"pa_farg-vit","11":"tm-no-options","13":"first","14":"outofstock","15":"sale","16":"taxable","17":"shipping-taxable","18":"purchasable","19":"product-type-simple"},"acf":[],"_links":{"self":[{"href":"https:\/\/secureus.se\/es\/wp-json\/wp\/v2\/product\/52152","targetHints":{"allow":["GET"]}}],"collection":[{"href":"https:\/\/secureus.se\/es\/wp-json\/wp\/v2\/product"}],"about":[{"href":"https:\/\/secureus.se\/es\/wp-json\/wp\/v2\/types\/product"}],"wp:featuredmedia":[{"embeddable":true,"href":"https:\/\/secureus.se\/es\/wp-json\/wp\/v2\/media\/142507"}],"wp:attachment":[{"href":"https:\/\/secureus.se\/es\/wp-json\/wp\/v2\/media?parent=52152"}],"wp:term":[{"taxonomy":"product_brand","embeddable":true,"href":"https:\/\/secureus.se\/es\/wp-json\/wp\/v2\/product_brand?post=52152"},{"taxonomy":"product_cat","embeddable":true,"href":"https:\/\/secureus.se\/es\/wp-json\/wp\/v2\/product_cat?post=52152"},{"taxonomy":"product_tag","embeddable":true,"href":"https:\/\/secureus.se\/es\/wp-json\/wp\/v2\/product_tag?post=52152"}],"curies":[{"name":"wp","href":"https:\/\/api.w.org\/{rel}","templated":true}]}}