{"id":52160,"date":"2022-06-29T13:06:43","date_gmt":"2022-06-29T11:06:43","guid":{"rendered":"https:\/\/secureus.se\/produkt\/bussplint-3x-1-3-par-avsak\/"},"modified":"2026-04-23T10:44:45","modified_gmt":"2026-04-23T08:44:45","slug":"bussplint-3x-1-3-par-avsak","status":"publish","type":"product","link":"https:\/\/secureus.se\/es\/bussplint-3x-1-3-par-avsak\/","title":{"rendered":"Terminal de bus 3X 1-3 Pares Cortados"},"content":{"rendered":"<p>Terminal de bus de 6 pines: par 3\u00d71 de cable entrante que se distribuye en 3 x 3 pares de salida. El tercer par se fusiona en dos lugares donde se fusionan los dos \u00faltimos pares salientes (08+09). Terminales de ranura (LSA) para cables de 0,4-0,7 mm de di\u00e1metro (\u00e1rea 0,12-0,4 mm2). Terminal separado para conexi\u00f3n de pantalla. Completo con terminal de firma 3131.01 (N.\u00ba de pieza 5015386). El z\u00f3calo se integra en el programa de pl\u00e1stico y chapa de Fatum.<\/p>","protected":false},"excerpt":{"rendered":"<p>Terminal de bus de 6 pines: par 3\u00d71 de cable entrante que se distribuye en 3 x 3 pares de salida. El tercer par se asegura en dos lugares donde se encuentran los dos \u00faltimos pares salientes (08+09)<\/p>","protected":false},"featured_media":142514,"template":"","meta":{"_acf_changed":false},"product_brand":[],"product_cat":[1547],"product_tag":[2212],"class_list":{"0":"post-52160","1":"product","2":"type-product","3":"status-publish","4":"has-post-thumbnail","6":"product_cat-plint-larm-telebox","7":"product_tag-box-bygling-buss","8":"product_shipping_class-postnord-varubrev","9":"pa_brands-alarmtech","10":"tm-no-options","12":"first","13":"outofstock","14":"sale","15":"taxable","16":"shipping-taxable","17":"purchasable","18":"product-type-simple"},"acf":[],"_links":{"self":[{"href":"https:\/\/secureus.se\/es\/wp-json\/wp\/v2\/product\/52160","targetHints":{"allow":["GET"]}}],"collection":[{"href":"https:\/\/secureus.se\/es\/wp-json\/wp\/v2\/product"}],"about":[{"href":"https:\/\/secureus.se\/es\/wp-json\/wp\/v2\/types\/product"}],"wp:featuredmedia":[{"embeddable":true,"href":"https:\/\/secureus.se\/es\/wp-json\/wp\/v2\/media\/142514"}],"wp:attachment":[{"href":"https:\/\/secureus.se\/es\/wp-json\/wp\/v2\/media?parent=52160"}],"wp:term":[{"taxonomy":"product_brand","embeddable":true,"href":"https:\/\/secureus.se\/es\/wp-json\/wp\/v2\/product_brand?post=52160"},{"taxonomy":"product_cat","embeddable":true,"href":"https:\/\/secureus.se\/es\/wp-json\/wp\/v2\/product_cat?post=52160"},{"taxonomy":"product_tag","embeddable":true,"href":"https:\/\/secureus.se\/es\/wp-json\/wp\/v2\/product_tag?post=52160"}],"curies":[{"name":"wp","href":"https:\/\/api.w.org\/{rel}","templated":true}]}}