{"id":52163,"date":"2022-06-29T13:05:24","date_gmt":"2022-06-29T11:05:24","guid":{"rendered":"https:\/\/secureus.se\/produkt\/larmbox-8-pol-sl-skr\/"},"modified":"2026-03-26T11:40:29","modified_gmt":"2026-03-26T10:40:29","slug":"larmbox-8-pol-sl-skr","status":"publish","type":"product","link":"https:\/\/secureus.se\/es\/larmbox-8-pol-sl-skr\/","title":{"rendered":"Caja de alarma 8-Pol Sl\/Skr"},"content":{"rendered":"<p>Conexi\u00f3n de conductor para cable de 0,4-0,7 mm de di\u00e1metro para el terminal LSA y cable de 0,14-1 mm2 para el terminal de tornillo con funci\u00f3n de elevaci\u00f3n. Terminal de conexi\u00f3n separado para cables entrantes y salientes. Producto completo en una peque\u00f1a caja blanca fabricada en pl\u00e1stico UL94-V0 (ign\u00edfugo y libre de hal\u00f3genos) con un espesor de material estable. La caja de conexiones se puede complementar con separadores de pared apilables de 6 mm o 13 mm de longitud, v\u00e9ase 2581.06 (Enr. 5015236) o 2581.13 (Enr. 5015238) y una peque\u00f1a placa de pared, v\u00e9ase 3132.01 (Enr. 5015560).<\/p>","protected":false},"excerpt":{"rendered":"<p>Ledaranslutning f\u00f6r 0,4-0,7mm tr\u00e5ddiameter f\u00f6r LSA terminalen och 0,14-1mm2 tr\u00e5d f\u00f6r skruvterminalen med hissfunktion. Separat anslutningsplint f\u00f6r inkommande respektive utg\u00e5ende kabel. Komplett produkt i en liten vit l\u00e5da av UL94-V0<\/p>","protected":false},"featured_media":142539,"template":"","meta":{"_acf_changed":false},"product_brand":[],"product_cat":[1545],"product_tag":[2215],"class_list":{"0":"post-52163","1":"product","2":"type-product","3":"status-publish","4":"has-post-thumbnail","6":"product_cat-kopplingsdosa-larmdosa","7":"product_tag-dosa-8-polig","8":"product_shipping_class-postnord-varubrev","9":"pa_brands-alarmtech","10":"pa_farg-vit","11":"tm-no-options","13":"first","14":"outofstock","15":"sale","16":"taxable","17":"shipping-taxable","18":"purchasable","19":"product-type-simple"},"acf":[],"_links":{"self":[{"href":"https:\/\/secureus.se\/es\/wp-json\/wp\/v2\/product\/52163","targetHints":{"allow":["GET"]}}],"collection":[{"href":"https:\/\/secureus.se\/es\/wp-json\/wp\/v2\/product"}],"about":[{"href":"https:\/\/secureus.se\/es\/wp-json\/wp\/v2\/types\/product"}],"wp:featuredmedia":[{"embeddable":true,"href":"https:\/\/secureus.se\/es\/wp-json\/wp\/v2\/media\/142539"}],"wp:attachment":[{"href":"https:\/\/secureus.se\/es\/wp-json\/wp\/v2\/media?parent=52163"}],"wp:term":[{"taxonomy":"product_brand","embeddable":true,"href":"https:\/\/secureus.se\/es\/wp-json\/wp\/v2\/product_brand?post=52163"},{"taxonomy":"product_cat","embeddable":true,"href":"https:\/\/secureus.se\/es\/wp-json\/wp\/v2\/product_cat?post=52163"},{"taxonomy":"product_tag","embeddable":true,"href":"https:\/\/secureus.se\/es\/wp-json\/wp\/v2\/product_tag?post=52163"}],"curies":[{"name":"wp","href":"https:\/\/api.w.org\/{rel}","templated":true}]}}