{"id":52165,"date":"2022-06-29T13:04:42","date_gmt":"2022-06-29T11:04:42","guid":{"rendered":"https:\/\/secureus.se\/produkt\/minibox-tom-1-plint\/"},"modified":"2026-04-23T10:45:33","modified_gmt":"2026-04-23T08:45:33","slug":"minibox-tom-1-plint","status":"publish","type":"product","link":"https:\/\/secureus.se\/es\/minibox-tom-1-plint\/","title":{"rendered":"Minibox Vac\u00eda 1 Terminal"},"content":{"rendered":"<p>Caja vac\u00eda con tapa completa en pl\u00e1stico blanco que cumple con UL94-V0. Incluye un tornillo para la tapa y un tornillo para el terminal. Los orificios para el cable se encuentran en la parte posterior de la caja. Si\u00e9ntete libre de complementar con espaciadores apilables: 6 mm 2581.06 (5015236) o 13 mm 2581.13 (5015238) y letrero de pared 3132.01 (5015560).<\/p>","protected":false},"excerpt":{"rendered":"<p>Tom l\u00e5da med helt lock i vit plast som uppfyller UL94-V0. Inkluderar en skruv f\u00f6r locket och en skruv till plinten. H\u00e5l f\u00f6r kabeln finns p\u00e5 baksidan av l\u00e5dan. Komplettera<\/p>","protected":false},"featured_media":142909,"template":"","meta":{"_acf_changed":false},"product_brand":[],"product_cat":[1545],"product_tag":[],"class_list":{"0":"post-52165","1":"product","2":"type-product","3":"status-publish","4":"has-post-thumbnail","6":"product_cat-kopplingsdosa-larmdosa","7":"product_shipping_class-postnord-varubrev","8":"pa_brands-alarmtech","9":"tm-no-options","11":"first","12":"outofstock","13":"sale","14":"taxable","15":"shipping-taxable","16":"purchasable","17":"product-type-simple"},"acf":[],"_links":{"self":[{"href":"https:\/\/secureus.se\/es\/wp-json\/wp\/v2\/product\/52165","targetHints":{"allow":["GET"]}}],"collection":[{"href":"https:\/\/secureus.se\/es\/wp-json\/wp\/v2\/product"}],"about":[{"href":"https:\/\/secureus.se\/es\/wp-json\/wp\/v2\/types\/product"}],"wp:featuredmedia":[{"embeddable":true,"href":"https:\/\/secureus.se\/es\/wp-json\/wp\/v2\/media\/142909"}],"wp:attachment":[{"href":"https:\/\/secureus.se\/es\/wp-json\/wp\/v2\/media?parent=52165"}],"wp:term":[{"taxonomy":"product_brand","embeddable":true,"href":"https:\/\/secureus.se\/es\/wp-json\/wp\/v2\/product_brand?post=52165"},{"taxonomy":"product_cat","embeddable":true,"href":"https:\/\/secureus.se\/es\/wp-json\/wp\/v2\/product_cat?post=52165"},{"taxonomy":"product_tag","embeddable":true,"href":"https:\/\/secureus.se\/es\/wp-json\/wp\/v2\/product_tag?post=52165"}],"curies":[{"name":"wp","href":"https:\/\/api.w.org\/{rel}","templated":true}]}}