{"id":52171,"date":"2022-06-29T13:03:37","date_gmt":"2022-06-29T11:03:37","guid":{"rendered":"https:\/\/secureus.se\/produkt\/larmbox-mini-16-par-1kohm\/"},"modified":"2026-04-08T16:53:10","modified_gmt":"2026-04-08T14:53:10","slug":"larmbox-mini-16-par-1kohm","status":"publish","type":"product","link":"https:\/\/secureus.se\/es\/larmbox-mini-16-par-1kohm\/","title":{"rendered":"Caja de alarma mini de 16 pares y 1 kohm"},"content":{"rendered":"<p>Conexi\u00f3n de conductor para cable de 1,0 mm2. Terminal de conexi\u00f3n separado para cables entrantes y salientes. Producto completo en una peque\u00f1a caja blanca hecha de pl\u00e1stico UL94-V0 (ign\u00edfugo y libre de hal\u00f3genos) con un espesor de material estable. La caja de conexiones se puede complementar con separadores de pared apilables de 6 mm o 13 mm de longitud, v\u00e9ase 2581.06 (Enr. 5015236) o 2581.13 (Enr. 5015238) y una peque\u00f1a placa de pared, v\u00e9ase 3132.01 (Enr. 5015560).<\/p>","protected":false},"excerpt":{"rendered":"<p>Ledaranslutning f\u00f6r 1,0 mm2 kabel. Separat anslutningsplint f\u00f6r inkommande respektive utg\u00e5ende kabel. Komplett produkt i en liten vit l\u00e5da av UL94-V0 plast (flams\u00e4ker och halogenfri) i stabil godstjocklek. Kopplingsdosan kan<\/p>","protected":false},"featured_media":142164,"template":"","meta":{"_acf_changed":false},"product_brand":[],"product_cat":[1545],"product_tag":[2216],"class_list":{"0":"post-52171","1":"product","2":"type-product","3":"status-publish","4":"has-post-thumbnail","6":"product_cat-kopplingsdosa-larmdosa","7":"product_tag-dosa-16-polig","8":"product_shipping_class-postnord-varubrev","9":"pa_brands-alarmtech","10":"pa_farg-vit","11":"tm-no-options","13":"first","14":"instock","15":"sale","16":"taxable","17":"shipping-taxable","18":"purchasable","19":"product-type-simple"},"acf":[],"_links":{"self":[{"href":"https:\/\/secureus.se\/es\/wp-json\/wp\/v2\/product\/52171","targetHints":{"allow":["GET"]}}],"collection":[{"href":"https:\/\/secureus.se\/es\/wp-json\/wp\/v2\/product"}],"about":[{"href":"https:\/\/secureus.se\/es\/wp-json\/wp\/v2\/types\/product"}],"wp:featuredmedia":[{"embeddable":true,"href":"https:\/\/secureus.se\/es\/wp-json\/wp\/v2\/media\/142164"}],"wp:attachment":[{"href":"https:\/\/secureus.se\/es\/wp-json\/wp\/v2\/media?parent=52171"}],"wp:term":[{"taxonomy":"product_brand","embeddable":true,"href":"https:\/\/secureus.se\/es\/wp-json\/wp\/v2\/product_brand?post=52171"},{"taxonomy":"product_cat","embeddable":true,"href":"https:\/\/secureus.se\/es\/wp-json\/wp\/v2\/product_cat?post=52171"},{"taxonomy":"product_tag","embeddable":true,"href":"https:\/\/secureus.se\/es\/wp-json\/wp\/v2\/product_tag?post=52171"}],"curies":[{"name":"wp","href":"https:\/\/api.w.org\/{rel}","templated":true}]}}