{"id":52199,"date":"2022-06-29T12:55:28","date_gmt":"2022-06-29T10:55:28","guid":{"rendered":"https:\/\/secureus.se\/produkt\/karmoverforing-28401-250cm\/"},"modified":"2026-04-23T10:46:10","modified_gmt":"2026-04-23T08:46:10","slug":"karmoverforing-28401-250cm","status":"publish","type":"product","link":"https:\/\/secureus.se\/es\/karmoverforing-28401-250cm\/","title":{"rendered":"Transferencia de marco 28401-250Cm"},"content":{"rendered":"<p>Cajas de formato mini (28401.03) con conexi\u00f3n RJ45 y 10 conexiones de tornillo, dos de ellas para protecci\u00f3n contra manipulaci\u00f3n\/apertura. Cable en espiral de 2500 mm de longitud, que corresponde a la longitud extendida recomendada. En modo inactivo, el cable en espiral mide aproximadamente 750 mm. 8 hilos de colores<\/p>","protected":false},"excerpt":{"rendered":"<p>Cajas de formato mini (28401.03) con conexi\u00f3n RJ45 y 10 conexiones de tornillo, dos de ellas para protecci\u00f3n contra manipulaci\u00f3n\/apertura. Cable en espiral de 2500 mm de longitud, que corresponde a la longitud extendida recomendada. En modo inactivo, el cable en espiral mide aproximadamente 750 mm. 8 colores<\/p>","protected":false},"featured_media":156729,"template":"","meta":{"_acf_changed":false},"product_brand":[],"product_cat":[1546],"product_tag":[],"class_list":{"0":"post-52199","1":"product","2":"type-product","3":"status-publish","4":"has-post-thumbnail","6":"product_cat-kabeloverforing","7":"product_shipping_class-postnord-varubrev","8":"tm-no-options","10":"first","11":"instock","12":"sale","13":"taxable","14":"shipping-taxable","15":"purchasable","16":"product-type-simple"},"acf":[],"_links":{"self":[{"href":"https:\/\/secureus.se\/es\/wp-json\/wp\/v2\/product\/52199","targetHints":{"allow":["GET"]}}],"collection":[{"href":"https:\/\/secureus.se\/es\/wp-json\/wp\/v2\/product"}],"about":[{"href":"https:\/\/secureus.se\/es\/wp-json\/wp\/v2\/types\/product"}],"wp:featuredmedia":[{"embeddable":true,"href":"https:\/\/secureus.se\/es\/wp-json\/wp\/v2\/media\/156729"}],"wp:attachment":[{"href":"https:\/\/secureus.se\/es\/wp-json\/wp\/v2\/media?parent=52199"}],"wp:term":[{"taxonomy":"product_brand","embeddable":true,"href":"https:\/\/secureus.se\/es\/wp-json\/wp\/v2\/product_brand?post=52199"},{"taxonomy":"product_cat","embeddable":true,"href":"https:\/\/secureus.se\/es\/wp-json\/wp\/v2\/product_cat?post=52199"},{"taxonomy":"product_tag","embeddable":true,"href":"https:\/\/secureus.se\/es\/wp-json\/wp\/v2\/product_tag?post=52199"}],"curies":[{"name":"wp","href":"https:\/\/api.w.org\/{rel}","templated":true}]}}