{"id":52201,"date":"2022-06-29T12:54:40","date_gmt":"2022-06-29T10:54:40","guid":{"rendered":"https:\/\/secureus.se\/produkt\/kopplingsbox-plat-3-plint\/"},"modified":"2026-03-26T11:43:22","modified_gmt":"2026-03-26T10:43:22","slug":"kopplingsbox-3-plintar-plat","status":"publish","type":"product","link":"https:\/\/secureus.se\/es\/kopplingsbox-3-plintar-plat\/","title":{"rendered":"Caja de conexiones de 3 terminales de chapa met\u00e1lica"},"content":{"rendered":"<p><strong>Caja de conexiones de chapa met\u00e1lica con espacio para hasta 3 bloques de terminales<\/strong><\/p>\n<p>La robusta caja de conexiones de Alarmtech est\u00e1 hecha de chapa galvanizada con una tapa pintada de blanco. La caja est\u00e1 dise\u00f1ada para alojar hasta tres bloques de terminales y est\u00e1 equipada con salidas de cables preperforadas que est\u00e1n cubiertas con tapones de pl\u00e1stico para facilitar la instalaci\u00f3n y la gesti\u00f3n de los cables. Esta caja de conexiones es ideal para usar en sistemas de seguridad y otras instalaciones el\u00e9ctricas donde es necesaria una gesti\u00f3n segura y ordenada de los cables.<\/p>\n<h4>Caracter\u00edsticas y beneficios<\/h4>\n<ul>\n<li><strong>Construcci\u00f3n robusta:<\/strong> Fabricado en chapa galvanizada para mayor durabilidad y larga vida \u00fatil.<\/li>\n<li><strong>Espacio para hasta 3 bloques de terminales:<\/strong> Adaptado para alojar hasta tres bloques de terminales o un bloque de terminales m\u00e1s grande.<\/li>\n<li><strong>Salidas de cable preperforadas:<\/strong> Salidas preparadas con tapones de pl\u00e1stico para una f\u00e1cil instalaci\u00f3n y gesti\u00f3n de cables.<\/li>\n<li><strong>Tapa completamente blanca:<\/strong> Proporciona una apariencia limpia y profesional a la vez que protege los componentes internos.<\/li>\n<li><strong>Firma oculta:<\/strong> La caja tambi\u00e9n est\u00e1 disponible en una versi\u00f3n con apertura para firma (3203.03) y se complementa con un cartel de firma para la pared.<\/li>\n<li><strong>Incluye accesorios:<\/strong> Se suministra con embalaje espaciador (4 espaciadores, 4 tornillos y 4 tacos).<\/li>\n<\/ul>\n<h4>Presupuesto<\/h4>\n<ul>\n<li><strong>Dimensiones (largo x ancho x alto):<\/strong> 128 x 167 x 38 mm<\/li>\n<li><strong>Material:<\/strong> Chapa galvanizada con tapa pintada de blanco<\/li>\n<li><strong>Compatibilidad:<\/strong> Se adapta a todos los bloques de terminales de Alarmtech, incluidos:\n<ul>\n<li>1-3 bloques de terminales con dimensiones 116\u00d740 mm (ocupa 1 espacio cada uno)<\/li>\n<li>1 bloque de terminales m\u00e1s grande con dimensiones 116\u00d780 mm (ocupa 2 ranuras)<\/li>\n<\/ul>\n<\/li>\n<li><strong>Accesorios:<\/strong> Paquete de espaciadores (12,7 mm) que incluye espaciadores, tornillos y tacos<\/li>\n<\/ul>\n<h4>Productos y accesorios relacionados<\/h4>\n<ul>\n<li><strong>Se\u00f1alizaci\u00f3n para Muro:<\/strong> Arte. No. 3132.01 (5015560)<\/li>\n<li><strong>Enchufe adicional:<\/strong> Arte. No. 0905.18 (5015540)<\/li>\n<li><strong>Distancias de pared:<\/strong> Arte. No. 2590.04 (5015360)<\/li>\n<\/ul>","protected":false},"excerpt":{"rendered":"<p><strong>Caja de conexiones de chapa met\u00e1lica con espacio para hasta 3 bloques de terminales<\/strong> \u2013 Caja de conexiones robusta fabricada en chapa galvanizada con tapa pintada de blanco y salidas de cables preperforadas. Dimensiones 128x167x38 mm. Adaptado para hasta tres bloques terminales. Ideal para sistemas de seguridad e instalaciones el\u00e9ctricas.<\/p>","protected":false},"featured_media":142585,"template":"","meta":{"_acf_changed":false},"product_brand":[],"product_cat":[1547],"product_tag":[2210],"class_list":{"0":"post-52201","1":"product","2":"type-product","3":"status-publish","4":"has-post-thumbnail","6":"product_cat-plint-larm-telebox","7":"product_tag-box-plat","8":"product_shipping_class-postnord-varubrev","9":"pa_brands-alarmtech","10":"tm-no-options","12":"first","13":"instock","14":"sale","15":"taxable","16":"shipping-taxable","17":"purchasable","18":"product-type-simple"},"acf":[],"_links":{"self":[{"href":"https:\/\/secureus.se\/es\/wp-json\/wp\/v2\/product\/52201","targetHints":{"allow":["GET"]}}],"collection":[{"href":"https:\/\/secureus.se\/es\/wp-json\/wp\/v2\/product"}],"about":[{"href":"https:\/\/secureus.se\/es\/wp-json\/wp\/v2\/types\/product"}],"wp:featuredmedia":[{"embeddable":true,"href":"https:\/\/secureus.se\/es\/wp-json\/wp\/v2\/media\/142585"}],"wp:attachment":[{"href":"https:\/\/secureus.se\/es\/wp-json\/wp\/v2\/media?parent=52201"}],"wp:term":[{"taxonomy":"product_brand","embeddable":true,"href":"https:\/\/secureus.se\/es\/wp-json\/wp\/v2\/product_brand?post=52201"},{"taxonomy":"product_cat","embeddable":true,"href":"https:\/\/secureus.se\/es\/wp-json\/wp\/v2\/product_cat?post=52201"},{"taxonomy":"product_tag","embeddable":true,"href":"https:\/\/secureus.se\/es\/wp-json\/wp\/v2\/product_tag?post=52201"}],"curies":[{"name":"wp","href":"https:\/\/api.w.org\/{rel}","templated":true}]}}