{"id":52207,"date":"2022-06-29T12:52:54","date_gmt":"2022-06-29T10:52:54","guid":{"rendered":"https:\/\/secureus.se\/produkt\/kopplingsbox-8-par-ip65\/"},"modified":"2026-03-26T11:45:16","modified_gmt":"2026-03-26T10:45:16","slug":"kopplingsbox-8-par-ip65","status":"publish","type":"product","link":"https:\/\/secureus.se\/es\/kopplingsbox-8-par-ip65\/","title":{"rendered":"Caja de conexiones de 8 pares IP65"},"content":{"rendered":"<p>Caja de conexiones de pl\u00e1stico con clasificaci\u00f3n IP 65, 8 polos de entrada, 8 polos de salida, terminales de tornillo con funci\u00f3n de elevaci\u00f3n. Conexi\u00f3n de conductor para cable de 0,14-1 mm2. La caja tiene 10 entradas de cables preparadas. Tama\u00f1o 87x87x39mm. Recomendado m\u00e1ximo 60 V, 2 A. El producto se puede complementar con el terminal de seguridad 28102.03 (E-no. 5015209) que se monta en el espaciador que se incluye en el producto. Para la identificaci\u00f3n\/se\u00f1alizaci\u00f3n se recomienda el cartel de pared 3132.01 (E-n.\u00ba 5015560).<\/p>","protected":false},"excerpt":{"rendered":"<p>IP 65-klassad kopplingsbox av plast med 8 poler in, 8 poler ut, skruvterminaler med hissfunktion. Ledaranslutning f\u00f6r 0,14-1mm2 tr\u00e5d. L\u00e5dan har 10 f\u00f6rberedda kabeling\u00e5ngar. Storlek 87x87x39mm. Rek max 60V, 2A.<\/p>","protected":false},"featured_media":142233,"template":"","meta":{"_acf_changed":false},"product_brand":[],"product_cat":[1545],"product_tag":[2215],"class_list":{"0":"post-52207","1":"product","2":"type-product","3":"status-publish","4":"has-post-thumbnail","6":"product_cat-kopplingsdosa-larmdosa","7":"product_tag-dosa-8-polig","8":"product_shipping_class-postnord-varubrev","9":"pa_brands-alarmtech","10":"pa_farg-vit","11":"tm-no-options","13":"first","14":"outofstock","15":"sale","16":"taxable","17":"shipping-taxable","18":"purchasable","19":"product-type-simple"},"acf":[],"_links":{"self":[{"href":"https:\/\/secureus.se\/es\/wp-json\/wp\/v2\/product\/52207","targetHints":{"allow":["GET"]}}],"collection":[{"href":"https:\/\/secureus.se\/es\/wp-json\/wp\/v2\/product"}],"about":[{"href":"https:\/\/secureus.se\/es\/wp-json\/wp\/v2\/types\/product"}],"wp:featuredmedia":[{"embeddable":true,"href":"https:\/\/secureus.se\/es\/wp-json\/wp\/v2\/media\/142233"}],"wp:attachment":[{"href":"https:\/\/secureus.se\/es\/wp-json\/wp\/v2\/media?parent=52207"}],"wp:term":[{"taxonomy":"product_brand","embeddable":true,"href":"https:\/\/secureus.se\/es\/wp-json\/wp\/v2\/product_brand?post=52207"},{"taxonomy":"product_cat","embeddable":true,"href":"https:\/\/secureus.se\/es\/wp-json\/wp\/v2\/product_cat?post=52207"},{"taxonomy":"product_tag","embeddable":true,"href":"https:\/\/secureus.se\/es\/wp-json\/wp\/v2\/product_tag?post=52207"}],"curies":[{"name":"wp","href":"https:\/\/api.w.org\/{rel}","templated":true}]}}