{"id":52210,"date":"2022-06-29T12:51:16","date_gmt":"2022-06-29T10:51:16","guid":{"rendered":"https:\/\/secureus.se\/produkt\/sakringsplint-10-30v-dc-ac\/"},"modified":"2026-03-26T11:46:15","modified_gmt":"2026-03-26T10:46:15","slug":"sakringsplint-10-30v-dc-ac","status":"publish","type":"product","link":"https:\/\/secureus.se\/es\/sakringsplint-10-30v-dc-ac\/","title":{"rendered":"Bloque de terminales de fusibles 10-30 V CC\/CA"},"content":{"rendered":"<p>Para distribuir alimentaci\u00f3n el\u00e9ctrica de 10A a 5 secciones. Fusible de 2 polos con m\u00e1ximo 2 A. Rel\u00e9 en serie con LED para indicaci\u00f3n de fusible lleno, aplica tanto para + como para -. Alarma total de cierre o rotura. Terminal independiente para conexi\u00f3n a pantalla. Completo con divisi\u00f3n de firma 3131.01 (Enr 5015386). El bloque de terminales tiene un tama\u00f1o de 116x80x16 mm y encaja en las cajas de pl\u00e1stico 4103.02, 4103.03 o en las cajas de metal un poco m\u00e1s grandes. Tambi\u00e9n disponible como producto terminado en caja de pl\u00e1stico, ver art\u00edculo n.\u00ba. 4103.7103 (Enr 5015329).<\/p>","protected":false},"excerpt":{"rendered":"<p>Para distribuir alimentaci\u00f3n el\u00e9ctrica de 10A a 5 secciones. Fusible de 2 polos con m\u00e1ximo 2 A. Rel\u00e9 en serie con LED para indicaci\u00f3n de fusible lleno, aplica tanto para + como para -. Alarma de suma<\/p>","protected":false},"featured_media":142619,"template":"","meta":{"_acf_changed":false},"product_brand":[],"product_cat":[4153,1548],"product_tag":[2427,2232],"class_list":{"0":"post-52210","1":"product","2":"type-product","3":"status-publish","4":"has-post-thumbnail","6":"product_cat-sakringsmodul","7":"product_cat-relaer-elektronik","8":"product_tag-rel-relaelektonik","9":"product_tag-rela-sakringsmodul","10":"product_shipping_class-postnord-varubrev","11":"pa_brands-alarmtech","12":"pa_farg-ovrigt","13":"tm-no-options","15":"first","16":"instock","17":"sale","18":"taxable","19":"shipping-taxable","20":"purchasable","21":"product-type-simple"},"acf":[],"_links":{"self":[{"href":"https:\/\/secureus.se\/es\/wp-json\/wp\/v2\/product\/52210","targetHints":{"allow":["GET"]}}],"collection":[{"href":"https:\/\/secureus.se\/es\/wp-json\/wp\/v2\/product"}],"about":[{"href":"https:\/\/secureus.se\/es\/wp-json\/wp\/v2\/types\/product"}],"wp:featuredmedia":[{"embeddable":true,"href":"https:\/\/secureus.se\/es\/wp-json\/wp\/v2\/media\/142619"}],"wp:attachment":[{"href":"https:\/\/secureus.se\/es\/wp-json\/wp\/v2\/media?parent=52210"}],"wp:term":[{"taxonomy":"product_brand","embeddable":true,"href":"https:\/\/secureus.se\/es\/wp-json\/wp\/v2\/product_brand?post=52210"},{"taxonomy":"product_cat","embeddable":true,"href":"https:\/\/secureus.se\/es\/wp-json\/wp\/v2\/product_cat?post=52210"},{"taxonomy":"product_tag","embeddable":true,"href":"https:\/\/secureus.se\/es\/wp-json\/wp\/v2\/product_tag?post=52210"}],"curies":[{"name":"wp","href":"https:\/\/api.w.org\/{rel}","templated":true}]}}