{"id":52211,"date":"2022-06-29T12:50:58","date_gmt":"2022-06-29T10:50:58","guid":{"rendered":"https:\/\/secureus.se\/produkt\/karmoverforing-14mm-rostfri\/"},"modified":"2026-04-23T11:07:36","modified_gmt":"2026-04-23T09:07:36","slug":"karmoverforing-14mm-rostfri","status":"publish","type":"product","link":"https:\/\/secureus.se\/es\/karmoverforing-14mm-rostfri\/","title":{"rendered":"Transferencia de marco de 14 mm de acero inoxidable"},"content":{"rendered":"<p>Transferencia de marco con manguera de acero inoxidable con protecci\u00f3n de cable en ambos extremos para proteger el cable durante la transici\u00f3n de la puerta al marco. 40 cm de largo, di\u00e1metro exterior 14 mm, di\u00e1metro interior 10,5 mm. Di\u00e1metro m\u00e1ximo del cable 8,8 mm. Los soportes de pared miden 36 x 36 x 17,7 mm con ranuras que bloquean la manguera para un montaje seguro. Soporte de pared en color plata y manguera de acero inoxidable. Los soportes de pared tambi\u00e9n est\u00e1n disponibles sueltos, DL H14 (plata). Se pueden encargar otros colores especiales (blanco y marr\u00f3n).<\/p>","protected":false},"excerpt":{"rendered":"<p>Transferencia de marco con manguera de acero inoxidable con protecci\u00f3n de cable en ambos extremos para proteger el cable durante la transici\u00f3n de la puerta al marco. 40 cm de largo, di\u00e1metro exterior 14 mm, di\u00e1metro interior 10,5 mm. Di\u00e1metro m\u00e1ximo del cable<\/p>","protected":false},"featured_media":142139,"template":"","meta":{"_acf_changed":false},"product_brand":[],"product_cat":[1546],"product_tag":[],"class_list":{"0":"post-52211","1":"product","2":"type-product","3":"status-publish","4":"has-post-thumbnail","6":"product_cat-kabeloverforing","7":"product_shipping_class-postnord-varubrev","8":"tm-no-options","10":"first","11":"instock","12":"sale","13":"taxable","14":"shipping-taxable","15":"purchasable","16":"product-type-simple"},"acf":[],"_links":{"self":[{"href":"https:\/\/secureus.se\/es\/wp-json\/wp\/v2\/product\/52211","targetHints":{"allow":["GET"]}}],"collection":[{"href":"https:\/\/secureus.se\/es\/wp-json\/wp\/v2\/product"}],"about":[{"href":"https:\/\/secureus.se\/es\/wp-json\/wp\/v2\/types\/product"}],"wp:featuredmedia":[{"embeddable":true,"href":"https:\/\/secureus.se\/es\/wp-json\/wp\/v2\/media\/142139"}],"wp:attachment":[{"href":"https:\/\/secureus.se\/es\/wp-json\/wp\/v2\/media?parent=52211"}],"wp:term":[{"taxonomy":"product_brand","embeddable":true,"href":"https:\/\/secureus.se\/es\/wp-json\/wp\/v2\/product_brand?post=52211"},{"taxonomy":"product_cat","embeddable":true,"href":"https:\/\/secureus.se\/es\/wp-json\/wp\/v2\/product_cat?post=52211"},{"taxonomy":"product_tag","embeddable":true,"href":"https:\/\/secureus.se\/es\/wp-json\/wp\/v2\/product_tag?post=52211"}],"curies":[{"name":"wp","href":"https:\/\/api.w.org\/{rel}","templated":true}]}}