{"id":52214,"date":"2022-06-29T12:50:04","date_gmt":"2022-06-29T10:50:04","guid":{"rendered":"https:\/\/secureus.se\/produkt\/bygl-plint-glaskrossdet-sk-sk\/"},"modified":"2026-03-26T11:47:32","modified_gmt":"2026-03-26T10:47:32","slug":"bygl-plint-glaskrossdet-sk-sk","status":"publish","type":"product","link":"https:\/\/secureus.se\/es\/bygl-plint-glaskrossdet-sk-sk\/","title":{"rendered":"Rompecristales para terminales de puente Sk\/Sk"},"content":{"rendered":"<p>Producto completo con protecci\u00f3n antimanipulaci\u00f3n, en caja Fatum Mini. Recomendado por ejemplo para la instalaci\u00f3n de GD475. La caja de conexiones se puede complementar con separadores de pared apilables de 6 mm o 13 mm de longitud, v\u00e9ase 2581.06 (Enr. 5015236) o 2581.13 (Enr. 5015238) y una peque\u00f1a placa de pared, v\u00e9ase 3132.01 (Enr. 5015560).<\/p>","protected":false},"excerpt":{"rendered":"<p>Producto completo con protecci\u00f3n antimanipulaci\u00f3n, en caja Fatum Mini. Recomendado por ejemplo para la instalaci\u00f3n de GD475. La caja de conexiones se puede complementar con separadores de pared apilables en longitudes de 6 mm o 13 mm, consulte 2581.06 (Enr. 5015236) o 2581.13<\/p>","protected":false},"featured_media":143030,"template":"","meta":{"_acf_changed":false},"product_brand":[],"product_cat":[1545],"product_tag":[2218],"class_list":{"0":"post-52214","1":"product","2":"type-product","3":"status-publish","4":"has-post-thumbnail","6":"product_cat-kopplingsdosa-larmdosa","7":"product_tag-dosa-glaskross","8":"product_shipping_class-postnord-varubrev","9":"pa_brands-alarmtech","10":"pa_farg-vit","11":"tm-no-options","13":"first","14":"instock","15":"sale","16":"taxable","17":"shipping-taxable","18":"purchasable","19":"product-type-simple"},"acf":[],"_links":{"self":[{"href":"https:\/\/secureus.se\/es\/wp-json\/wp\/v2\/product\/52214","targetHints":{"allow":["GET"]}}],"collection":[{"href":"https:\/\/secureus.se\/es\/wp-json\/wp\/v2\/product"}],"about":[{"href":"https:\/\/secureus.se\/es\/wp-json\/wp\/v2\/types\/product"}],"wp:featuredmedia":[{"embeddable":true,"href":"https:\/\/secureus.se\/es\/wp-json\/wp\/v2\/media\/143030"}],"wp:attachment":[{"href":"https:\/\/secureus.se\/es\/wp-json\/wp\/v2\/media?parent=52214"}],"wp:term":[{"taxonomy":"product_brand","embeddable":true,"href":"https:\/\/secureus.se\/es\/wp-json\/wp\/v2\/product_brand?post=52214"},{"taxonomy":"product_cat","embeddable":true,"href":"https:\/\/secureus.se\/es\/wp-json\/wp\/v2\/product_cat?post=52214"},{"taxonomy":"product_tag","embeddable":true,"href":"https:\/\/secureus.se\/es\/wp-json\/wp\/v2\/product_tag?post=52214"}],"curies":[{"name":"wp","href":"https:\/\/api.w.org\/{rel}","templated":true}]}}