{"id":52228,"date":"2022-06-29T12:47:37","date_gmt":"2022-06-29T10:47:37","guid":{"rendered":"https:\/\/secureus.se\/produkt\/relabox-mini10-30v-dc-acskruv\/"},"modified":"2026-04-23T11:07:40","modified_gmt":"2026-04-23T09:07:40","slug":"relabox-mini10-30v-dc-acskruv","status":"publish","type":"product","link":"https:\/\/secureus.se\/es\/relabox-mini10-30v-dc-acskruv\/","title":{"rendered":"Caja de rel\u00e9 Mini10-30 V CC\/CA tornillo"},"content":{"rendered":"<p>4 terminales de tornillo adicionales sin conectar con funci\u00f3n de elevaci\u00f3n disponibles para conexiones adicionales. Datos t\u00e9cnicos: \u00c1rea 0,14 \u2013 1,5 mm2. Tensi\u00f3n m\u00ednima de rel\u00e9: 10 V. Carga m\u00e1xima recomendada: 60 V \/ 2 A. Carga m\u00e1xima del contacto de manipulaci\u00f3n: 50 mA. Consumo de corriente a 12 V CC (t\u00edpico): 11,7 mA. Consumo de corriente a 24 V CC (t\u00edpico): 23,2 mA.<\/p>","protected":false},"excerpt":{"rendered":"<p>4 terminales de tornillo adicionales sin conectar con funci\u00f3n de elevaci\u00f3n disponibles para conexiones adicionales. Datos t\u00e9cnicos: \u00c1rea 0,14 \u2013 1,5 mm2. Tensi\u00f3n m\u00ednima del rel\u00e9: 10 V. Carga m\u00e1xima recomendada: 60 V \/ 2 A. Interruptor antisabotaje.<\/p>","protected":false},"featured_media":142647,"template":"","meta":{"_acf_changed":false},"product_brand":[],"product_cat":[1548],"product_tag":[],"class_list":{"0":"post-52228","1":"product","2":"type-product","3":"status-publish","4":"has-post-thumbnail","6":"product_cat-relaer-elektronik","7":"product_shipping_class-postnord-varubrev","8":"pa_farg-vit","9":"tm-no-options","11":"first","12":"instock","13":"sale","14":"taxable","15":"shipping-taxable","16":"purchasable","17":"product-type-simple"},"acf":[],"_links":{"self":[{"href":"https:\/\/secureus.se\/es\/wp-json\/wp\/v2\/product\/52228","targetHints":{"allow":["GET"]}}],"collection":[{"href":"https:\/\/secureus.se\/es\/wp-json\/wp\/v2\/product"}],"about":[{"href":"https:\/\/secureus.se\/es\/wp-json\/wp\/v2\/types\/product"}],"wp:featuredmedia":[{"embeddable":true,"href":"https:\/\/secureus.se\/es\/wp-json\/wp\/v2\/media\/142647"}],"wp:attachment":[{"href":"https:\/\/secureus.se\/es\/wp-json\/wp\/v2\/media?parent=52228"}],"wp:term":[{"taxonomy":"product_brand","embeddable":true,"href":"https:\/\/secureus.se\/es\/wp-json\/wp\/v2\/product_brand?post=52228"},{"taxonomy":"product_cat","embeddable":true,"href":"https:\/\/secureus.se\/es\/wp-json\/wp\/v2\/product_cat?post=52228"},{"taxonomy":"product_tag","embeddable":true,"href":"https:\/\/secureus.se\/es\/wp-json\/wp\/v2\/product_tag?post=52228"}],"curies":[{"name":"wp","href":"https:\/\/api.w.org\/{rel}","templated":true}]}}