{"id":52232,"date":"2022-06-29T12:47:06","date_gmt":"2022-06-29T10:47:06","guid":{"rendered":"https:\/\/secureus.se\/produkt\/larmbox-mini-12-pol-skruv\/"},"modified":"2026-02-20T11:53:06","modified_gmt":"2026-02-20T10:53:06","slug":"larmbox-mini-12-pol-skruv","status":"publish","type":"product","link":"https:\/\/secureus.se\/es\/larmbox-mini-12-pol-skruv\/","title":{"rendered":"Caja de alarma mini de 12 polos con tornillo"},"content":{"rendered":"<p>Terminal de tornillo con funci\u00f3n de elevaci\u00f3n y para cable de 0,14-1mm2. Producto completo en una peque\u00f1a caja de conexiones blanca hecha de pl\u00e1stico UL94-V0 (ign\u00edfugo y libre de hal\u00f3genos) con un espesor de material estable. La caja de conexiones se puede complementar con separadores de pared apilables de 6 mm o 13 mm de longitud, v\u00e9ase 2581.06, Enr 5015236 o 2581.13 Enr 5015238, y una peque\u00f1a placa de pared, v\u00e9ase 3132.01 Enr 5015560.<\/p>","protected":false},"excerpt":{"rendered":"<p>Terminal de tornillo con funci\u00f3n de elevaci\u00f3n y para cable de 0,14-1mm2. Producto completo en una peque\u00f1a caja de conexiones blanca hecha de pl\u00e1stico UL94-V0 (ign\u00edfugo y libre de hal\u00f3genos) con un espesor de material estable. La caja de conexiones se puede complementar con separadores de pared apilables en<\/p>","protected":false},"featured_media":142776,"template":"","meta":{"_acf_changed":false},"product_brand":[],"product_cat":[1545],"product_tag":[2219],"class_list":{"0":"post-52232","1":"product","2":"type-product","3":"status-publish","4":"has-post-thumbnail","6":"product_cat-kopplingsdosa-larmdosa","7":"product_tag-dosa-10-polig","8":"product_shipping_class-postnord-varubrev","9":"pa_brands-alarmtech","10":"pa_farg-vit","11":"tm-no-options","13":"first","14":"instock","15":"sale","16":"taxable","17":"shipping-taxable","18":"purchasable","19":"product-type-simple"},"acf":[],"_links":{"self":[{"href":"https:\/\/secureus.se\/es\/wp-json\/wp\/v2\/product\/52232","targetHints":{"allow":["GET"]}}],"collection":[{"href":"https:\/\/secureus.se\/es\/wp-json\/wp\/v2\/product"}],"about":[{"href":"https:\/\/secureus.se\/es\/wp-json\/wp\/v2\/types\/product"}],"wp:featuredmedia":[{"embeddable":true,"href":"https:\/\/secureus.se\/es\/wp-json\/wp\/v2\/media\/142776"}],"wp:attachment":[{"href":"https:\/\/secureus.se\/es\/wp-json\/wp\/v2\/media?parent=52232"}],"wp:term":[{"taxonomy":"product_brand","embeddable":true,"href":"https:\/\/secureus.se\/es\/wp-json\/wp\/v2\/product_brand?post=52232"},{"taxonomy":"product_cat","embeddable":true,"href":"https:\/\/secureus.se\/es\/wp-json\/wp\/v2\/product_cat?post=52232"},{"taxonomy":"product_tag","embeddable":true,"href":"https:\/\/secureus.se\/es\/wp-json\/wp\/v2\/product_tag?post=52232"}],"curies":[{"name":"wp","href":"https:\/\/api.w.org\/{rel}","templated":true}]}}