{"id":52241,"date":"2022-06-29T12:45:44","date_gmt":"2022-06-29T10:45:44","guid":{"rendered":"https:\/\/secureus.se\/produkt\/relakort-rel-2-12-24v-2-pol\/"},"modified":"2026-03-26T11:50:04","modified_gmt":"2026-03-26T10:50:04","slug":"relakort-rel-2-12-24v-2-pol","status":"publish","type":"product","link":"https:\/\/secureus.se\/es\/relakort-rel-2-12-24v-2-pol\/","title":{"rendered":"Tarjeta de rel\u00e9 Rel-2 12\/24V 2-Pol"},"content":{"rendered":"<p>\u2022 Consumo de energ\u00eda extremadamente bajo<br \/>\n\u2022 Amplio rango de voltaje<br \/>\n\u2022 El LED indica que el rel\u00e9 est\u00e1 extra\u00eddo<br \/>\n\u2022 Se puede controlar con voltaje positivo o negativo.<br \/>\n\u2022 Dos contactos de conmutaci\u00f3n libres<br \/>\n\u2022 Formato peque\u00f1o<\/p>\n<p>Datos:<br \/>\nVoltaje normal 12-24 VCC (Voltaje l\u00edmite 10-35 VCC)<br \/>\nConsumo. 10 mA (12 V)<br \/>\nDatos de contacto. 2 x 1 A (2 A)<br \/>\nRango de temperatura: -25 a +65 C<\/p>\n<p>La tarjeta de rel\u00e9 REL-2 se utiliza donde se desee, por ejemplo: cambiar la polaridad, aumentar una salida de corriente, cambiar NC\/NO en una salida, etc. Consumo de energ\u00eda extremadamente bajo. Amplio rango de voltaje. El LED indica que el rel\u00e9 est\u00e1 activado. Se puede controlar con voltaje positivo y negativo. Dos contactos cambiantes libres. Peque\u00f1o formato. Voltaje de funcionamiento: 11-28VDC. Consumo: 10ma (12VDC). Datos de contacto: 2 x 1A (30VDC). Rango de temperatura: -40 a +70 C.<\/p>","protected":false},"excerpt":{"rendered":"<p>El mejor amigo del instalador.<\/p>\n<p>Se utiliza donde se desee, por ejemplo: cambiar la polaridad, aumentar una salida de corriente, cambiar NC\/NO en una salida, etc.<\/p>","protected":false},"featured_media":142658,"template":"","meta":{"_acf_changed":false},"product_brand":[],"product_cat":[4151,1548],"product_tag":[2234],"class_list":{"0":"post-52241","1":"product","2":"type-product","3":"status-publish","4":"has-post-thumbnail","6":"product_cat-rela-12-volt","7":"product_cat-relaer-elektronik","8":"product_tag-rela-12-24v","9":"product_shipping_class-postnord-varubrev","10":"tm-no-options","12":"first","13":"instock","14":"sale","15":"taxable","16":"shipping-taxable","17":"purchasable","18":"product-type-simple"},"acf":[],"_links":{"self":[{"href":"https:\/\/secureus.se\/es\/wp-json\/wp\/v2\/product\/52241","targetHints":{"allow":["GET"]}}],"collection":[{"href":"https:\/\/secureus.se\/es\/wp-json\/wp\/v2\/product"}],"about":[{"href":"https:\/\/secureus.se\/es\/wp-json\/wp\/v2\/types\/product"}],"wp:featuredmedia":[{"embeddable":true,"href":"https:\/\/secureus.se\/es\/wp-json\/wp\/v2\/media\/142658"}],"wp:attachment":[{"href":"https:\/\/secureus.se\/es\/wp-json\/wp\/v2\/media?parent=52241"}],"wp:term":[{"taxonomy":"product_brand","embeddable":true,"href":"https:\/\/secureus.se\/es\/wp-json\/wp\/v2\/product_brand?post=52241"},{"taxonomy":"product_cat","embeddable":true,"href":"https:\/\/secureus.se\/es\/wp-json\/wp\/v2\/product_cat?post=52241"},{"taxonomy":"product_tag","embeddable":true,"href":"https:\/\/secureus.se\/es\/wp-json\/wp\/v2\/product_tag?post=52241"}],"curies":[{"name":"wp","href":"https:\/\/api.w.org\/{rel}","templated":true}]}}