{"id":52500,"date":"2022-06-28T13:15:28","date_gmt":"2022-06-28T11:15:28","guid":{"rendered":"https:\/\/secureus.se\/produkt\/brandfilt-silikon-120x180cm\/"},"modified":"2026-04-08T16:51:18","modified_gmt":"2026-04-08T14:51:18","slug":"brandfilt-silikon-120x180cm","status":"publish","type":"product","link":"https:\/\/secureus.se\/es\/brandfilt-silikon-120x180cm\/","title":{"rendered":"Manta ign\u00edfuga de silicona 120 x 180 cm"},"content":{"rendered":"<h1>Manta ign\u00edfuga de silicona 120 x 180 cm<\/h1>\n<p>Manta ign\u00edfuga de silicona 120x180 cm.<\/p>\n<p>Una manta ign\u00edfuga recubierta de silicona sofoca el incendio m\u00e1s r\u00e1pidamente y reduce significativamente el riesgo de que se vuelva a encender.<\/p>\n<p>La manta ign\u00edfuga resiste la penetraci\u00f3n de gas, soporta temperaturas de hasta 500 grados y extingue r\u00e1pidamente incendios m\u00e1s peque\u00f1os, por ejemplo, en ropa o en ollas.<\/p>\n<p>Se recomienda utilizar una manta ign\u00edfuga como complemento a un extintor de 6 kg.<\/p>\n<p>Coloque la manta ign\u00edfuga en un lugar visible donde pueda haber riesgo de incendio, por ejemplo en la cocina, el garaje o junto a una chimenea.<\/p>\n<p>Dimensiones de la caja (AnxAl): 200 x 330 mm.<\/p>\n<p>Trabajo m\u00ednimo de limpieza despu\u00e9s de la extinci\u00f3n.<\/p>\n<p>Extinci\u00f3n m\u00e1s r\u00e1pida, menor riesgo de reignici\u00f3n.<\/p>\n<p>Cumple los requisitos de la norma EN 1869:2019.<\/p>","protected":false},"excerpt":{"rendered":"<p>Manta Ign\u00edfuga Silicona 120X180Cm Manta Ign\u00edfuga Silicona 120 x 180 cm. Una manta ign\u00edfuga recubierta de silicona sofoca el incendio m\u00e1s r\u00e1pidamente y reduce significativamente el riesgo de que se vuelva a encender. La manta ign\u00edfuga resiste la penetraci\u00f3n de gas y puede soportar temperaturas de hasta<\/p>","protected":false},"featured_media":142540,"template":"","meta":{"_acf_changed":false},"product_brand":[],"product_cat":[1533],"product_tag":[],"class_list":{"0":"post-52500","1":"product","2":"type-product","3":"status-publish","4":"has-post-thumbnail","6":"product_cat-brandslackare","7":"product_shipping_class-tunga-paket","8":"tm-no-options","10":"first","11":"outofstock","12":"sale","13":"taxable","14":"shipping-taxable","15":"purchasable","16":"product-type-simple"},"acf":[],"_links":{"self":[{"href":"https:\/\/secureus.se\/es\/wp-json\/wp\/v2\/product\/52500","targetHints":{"allow":["GET"]}}],"collection":[{"href":"https:\/\/secureus.se\/es\/wp-json\/wp\/v2\/product"}],"about":[{"href":"https:\/\/secureus.se\/es\/wp-json\/wp\/v2\/types\/product"}],"wp:featuredmedia":[{"embeddable":true,"href":"https:\/\/secureus.se\/es\/wp-json\/wp\/v2\/media\/142540"}],"wp:attachment":[{"href":"https:\/\/secureus.se\/es\/wp-json\/wp\/v2\/media?parent=52500"}],"wp:term":[{"taxonomy":"product_brand","embeddable":true,"href":"https:\/\/secureus.se\/es\/wp-json\/wp\/v2\/product_brand?post=52500"},{"taxonomy":"product_cat","embeddable":true,"href":"https:\/\/secureus.se\/es\/wp-json\/wp\/v2\/product_cat?post=52500"},{"taxonomy":"product_tag","embeddable":true,"href":"https:\/\/secureus.se\/es\/wp-json\/wp\/v2\/product_tag?post=52500"}],"curies":[{"name":"wp","href":"https:\/\/api.w.org\/{rel}","templated":true}]}}