{"id":52501,"date":"2022-06-28T13:15:24","date_gmt":"2022-06-28T11:15:24","guid":{"rendered":"https:\/\/secureus.se\/produkt\/pulverslackare-2-kg-rod-13a\/"},"modified":"2026-04-08T16:46:54","modified_gmt":"2026-04-08T14:46:54","slug":"pulverslackare-2-kg-rod-13a","status":"publish","type":"product","link":"https:\/\/secureus.se\/es\/pulverslackare-2-kg-rod-13a\/","title":{"rendered":"Extintor de polvo 2 kg rojo 13A"},"content":{"rendered":"<p>Adecuado para apartamentos, casas de verano, trasteros, caravanas, autocaravanas, autom\u00f3viles, barcos, etc. Clase de potencia 13A 89B C. Calidad asegurada y certificada por DNV. Recargable por un t\u00e9cnico de servicio autorizado. Soporte de pared incluido. Extintor de polvo presurizado, polvo qu\u00edmico seco. Peso, lleno: 3,7 kg. Agente extintor: Polvo ABC. Gas propulsor: Nitr\u00f3geno (N2). Presi\u00f3n de trabajo: 14 bar a +20\u00b0C. Funcional entre -30\u00b0C y +60\u00b0C. Distancia de seguridad: 1 metro. Tiempo de vaciado: 13 seg. El extintor est\u00e1 homologado seg\u00fan SS-EN3-7. Incluido en Pro Select<\/p>","protected":false},"excerpt":{"rendered":"<p>Adecuado para apartamentos, casas de verano, trasteros, caravanas, autocaravanas, autom\u00f3viles, barcos, etc. Clase de potencia 13A 89B C. Calidad asegurada y certificada por DNV. Recargable por un t\u00e9cnico de servicio autorizado. Soporte de pared incluido. Extintor de polvo presurizado, polvo qu\u00edmico seco.<\/p>","protected":false},"featured_media":143312,"template":"","meta":{"_acf_changed":false},"product_brand":[],"product_cat":[1533],"product_tag":[],"class_list":{"0":"post-52501","1":"product","2":"type-product","3":"status-publish","4":"has-post-thumbnail","6":"product_cat-brandslackare","7":"product_shipping_class-tunga-paket","8":"tm-no-options","10":"first","11":"outofstock","12":"sale","13":"taxable","14":"shipping-taxable","15":"purchasable","16":"product-type-simple"},"acf":[],"_links":{"self":[{"href":"https:\/\/secureus.se\/es\/wp-json\/wp\/v2\/product\/52501","targetHints":{"allow":["GET"]}}],"collection":[{"href":"https:\/\/secureus.se\/es\/wp-json\/wp\/v2\/product"}],"about":[{"href":"https:\/\/secureus.se\/es\/wp-json\/wp\/v2\/types\/product"}],"wp:featuredmedia":[{"embeddable":true,"href":"https:\/\/secureus.se\/es\/wp-json\/wp\/v2\/media\/143312"}],"wp:attachment":[{"href":"https:\/\/secureus.se\/es\/wp-json\/wp\/v2\/media?parent=52501"}],"wp:term":[{"taxonomy":"product_brand","embeddable":true,"href":"https:\/\/secureus.se\/es\/wp-json\/wp\/v2\/product_brand?post=52501"},{"taxonomy":"product_cat","embeddable":true,"href":"https:\/\/secureus.se\/es\/wp-json\/wp\/v2\/product_cat?post=52501"},{"taxonomy":"product_tag","embeddable":true,"href":"https:\/\/secureus.se\/es\/wp-json\/wp\/v2\/product_tag?post=52501"}],"curies":[{"name":"wp","href":"https:\/\/api.w.org\/{rel}","templated":true}]}}