{"id":52503,"date":"2022-06-28T13:14:57","date_gmt":"2022-06-28T11:14:57","guid":{"rendered":"https:\/\/secureus.se\/produkt\/brandslackare-6-kg-palmblad\/"},"modified":"2026-04-08T16:51:32","modified_gmt":"2026-04-08T14:51:32","slug":"brandslackare-6-kg-palmblad","status":"publish","type":"product","link":"https:\/\/secureus.se\/es\/brandslackare-6-kg-palmblad\/","title":{"rendered":"Extintor de 6 kg de hoja de palma \u2013 Dise\u00f1o elegante"},"content":{"rendered":"<p>Extintor Nexas apto para villas, apartamentos, casas de verano, caravanas, autocaravanas, barcos, etc. Clase de eficiencia 43A 233B C. Extintor de polvo presurizado, polvo qu\u00edmico seco. Revise el man\u00f3metro peri\u00f3dicamente al menos una vez al a\u00f1o. Agente extintor: Polvo ABC. Gas propulsor: Nitr\u00f3geno (N2). Presi\u00f3n de trabajo: 14 bar a +20\u00b0. Funcional entre -30\u00b0 y +60\u00b0. Distancia de seguridad 1 m. Soporte de pared incluido.<\/p>","protected":false},"excerpt":{"rendered":"<p>Extintor Nexas apto para villas, apartamentos, casas de verano, caravanas, autocaravanas, barcos, etc. Clase de eficiencia 43A 233B C. Extintor de polvo presurizado, polvo qu\u00edmico seco. Revise el man\u00f3metro peri\u00f3dicamente al menos una vez al a\u00f1o. Agente extintor: Polvo ABC. Propelente: Nitr\u00f3geno<\/p>","protected":false},"featured_media":142887,"template":"","meta":{"_acf_changed":false},"product_brand":[],"product_cat":[1533],"product_tag":[],"class_list":{"0":"post-52503","1":"product","2":"type-product","3":"status-publish","4":"has-post-thumbnail","6":"product_cat-brandslackare","7":"product_shipping_class-tunga-paket","8":"pa_brands-nexa","9":"tm-no-options","11":"first","12":"instock","13":"sale","14":"taxable","15":"shipping-taxable","16":"purchasable","17":"product-type-simple"},"acf":[],"_links":{"self":[{"href":"https:\/\/secureus.se\/es\/wp-json\/wp\/v2\/product\/52503","targetHints":{"allow":["GET"]}}],"collection":[{"href":"https:\/\/secureus.se\/es\/wp-json\/wp\/v2\/product"}],"about":[{"href":"https:\/\/secureus.se\/es\/wp-json\/wp\/v2\/types\/product"}],"wp:featuredmedia":[{"embeddable":true,"href":"https:\/\/secureus.se\/es\/wp-json\/wp\/v2\/media\/142887"}],"wp:attachment":[{"href":"https:\/\/secureus.se\/es\/wp-json\/wp\/v2\/media?parent=52503"}],"wp:term":[{"taxonomy":"product_brand","embeddable":true,"href":"https:\/\/secureus.se\/es\/wp-json\/wp\/v2\/product_brand?post=52503"},{"taxonomy":"product_cat","embeddable":true,"href":"https:\/\/secureus.se\/es\/wp-json\/wp\/v2\/product_cat?post=52503"},{"taxonomy":"product_tag","embeddable":true,"href":"https:\/\/secureus.se\/es\/wp-json\/wp\/v2\/product_tag?post=52503"}],"curies":[{"name":"wp","href":"https:\/\/api.w.org\/{rel}","templated":true}]}}