{"id":53393,"date":"2022-06-23T15:29:22","date_gmt":"2022-06-23T13:29:22","guid":{"rendered":"https:\/\/secureus.se\/produkt\/sladdtryckknapp\/"},"modified":"2026-04-08T16:51:39","modified_gmt":"2026-04-08T14:51:39","slug":"sladdtryckknapp","status":"publish","type":"product","link":"https:\/\/secureus.se\/es\/sladdtryckknapp\/","title":{"rendered":"Bot\u00f3n pulsador de cable"},"content":{"rendered":"<p>Pulsador de cable. Carcasa de termopl\u00e1stico blanco, cable de conexi\u00f3n de 2m con teleconector de 3 polos de 6,3 mm. Dependiendo de la conexi\u00f3n en el enchufe durante la instalaci\u00f3n, se puede monitorear el bot\u00f3n pulsador del cable conectado para detectar desconexi\u00f3n o rotura del cable. Color blanco<\/p>","protected":false},"excerpt":{"rendered":"<p>Pulsador de cable. Carcasa de termopl\u00e1stico blanco, cable de conexi\u00f3n de 2m con teleconector de 3 polos de 6,3 mm. Dependiendo de la conexi\u00f3n en el enchufe durante la instalaci\u00f3n, se puede monitorear el bot\u00f3n pulsador del cable conectado para detectar desconexi\u00f3n o rotura del cable. Color blanco<\/p>","protected":false},"featured_media":143483,"template":"","meta":{"_acf_changed":false},"product_brand":[],"product_cat":[1603],"product_tag":[],"class_list":{"0":"post-53393","1":"product","2":"type-product","3":"status-publish","4":"has-post-thumbnail","6":"product_cat-tillbehor-till-rwc-larm","7":"product_shipping_class-tunga-paket","8":"pa_farg-vit","9":"tm-no-options","11":"first","12":"outofstock","13":"sale","14":"taxable","15":"shipping-taxable","16":"purchasable","17":"product-type-simple"},"acf":[],"_links":{"self":[{"href":"https:\/\/secureus.se\/es\/wp-json\/wp\/v2\/product\/53393","targetHints":{"allow":["GET"]}}],"collection":[{"href":"https:\/\/secureus.se\/es\/wp-json\/wp\/v2\/product"}],"about":[{"href":"https:\/\/secureus.se\/es\/wp-json\/wp\/v2\/types\/product"}],"wp:featuredmedia":[{"embeddable":true,"href":"https:\/\/secureus.se\/es\/wp-json\/wp\/v2\/media\/143483"}],"wp:attachment":[{"href":"https:\/\/secureus.se\/es\/wp-json\/wp\/v2\/media?parent=53393"}],"wp:term":[{"taxonomy":"product_brand","embeddable":true,"href":"https:\/\/secureus.se\/es\/wp-json\/wp\/v2\/product_brand?post=53393"},{"taxonomy":"product_cat","embeddable":true,"href":"https:\/\/secureus.se\/es\/wp-json\/wp\/v2\/product_cat?post=53393"},{"taxonomy":"product_tag","embeddable":true,"href":"https:\/\/secureus.se\/es\/wp-json\/wp\/v2\/product_tag?post=53393"}],"curies":[{"name":"wp","href":"https:\/\/api.w.org\/{rel}","templated":true}]}}