{"id":53400,"date":"2022-06-23T15:28:45","date_gmt":"2022-06-23T13:28:45","guid":{"rendered":"https:\/\/secureus.se\/produkt\/sladdtr-kn-med-signut-p-v\/"},"modified":"2026-04-08T16:45:29","modified_gmt":"2026-04-08T14:45:29","slug":"sladdtr-kn-med-signut-p-v","status":"publish","type":"product","link":"https:\/\/secureus.se\/es\/sladdtr-kn-med-signut-p-v\/","title":{"rendered":"Corded Tree Kn con Signut PV"},"content":{"rendered":"<p>Pulsador de cable RWC con enchufe telef\u00f3nico para pulsador de se\u00f1al de emergencia RWC con toma de se\u00f1al (53 063 38). Se suministra con soporte incluido. 1 polo normalmente abierto, m\u00e1x. 20 V CC, m\u00e1x. 20 mA, longitud 2 metros, enchufe de conexi\u00f3n de 2 polos 6,35 mm. Fabricado en termopl\u00e1stico.<\/p>","protected":false},"excerpt":{"rendered":"<p>RWC sladdtryckknapp med telepropp till RWC n\u00f6dsignalsknapp med signaluttag (53 063 38). Levereras inklusive h\u00e5llare. 1-polig slutande, max 20V DC, max 20mA, l\u00e4ngd 2 meter, 2-polig anslutningspropp 6,35mm. Tillverkad i<\/p>","protected":false},"featured_media":143495,"template":"","meta":{"_acf_changed":false},"product_brand":[],"product_cat":[1603],"product_tag":[],"class_list":{"0":"post-53400","1":"product","2":"type-product","3":"status-publish","4":"has-post-thumbnail","6":"product_cat-tillbehor-till-rwc-larm","7":"product_shipping_class-tunga-paket","8":"pa_farg-vit","9":"tm-no-options","11":"first","12":"instock","13":"sale","14":"taxable","15":"shipping-taxable","16":"purchasable","17":"product-type-simple"},"acf":[],"_links":{"self":[{"href":"https:\/\/secureus.se\/es\/wp-json\/wp\/v2\/product\/53400","targetHints":{"allow":["GET"]}}],"collection":[{"href":"https:\/\/secureus.se\/es\/wp-json\/wp\/v2\/product"}],"about":[{"href":"https:\/\/secureus.se\/es\/wp-json\/wp\/v2\/types\/product"}],"wp:featuredmedia":[{"embeddable":true,"href":"https:\/\/secureus.se\/es\/wp-json\/wp\/v2\/media\/143495"}],"wp:attachment":[{"href":"https:\/\/secureus.se\/es\/wp-json\/wp\/v2\/media?parent=53400"}],"wp:term":[{"taxonomy":"product_brand","embeddable":true,"href":"https:\/\/secureus.se\/es\/wp-json\/wp\/v2\/product_brand?post=53400"},{"taxonomy":"product_cat","embeddable":true,"href":"https:\/\/secureus.se\/es\/wp-json\/wp\/v2\/product_cat?post=53400"},{"taxonomy":"product_tag","embeddable":true,"href":"https:\/\/secureus.se\/es\/wp-json\/wp\/v2\/product_tag?post=53400"}],"curies":[{"name":"wp","href":"https:\/\/api.w.org\/{rel}","templated":true}]}}