{"id":53410,"date":"2022-06-23T15:26:04","date_gmt":"2022-06-23T13:26:04","guid":{"rendered":"https:\/\/secureus.se\/produkt\/grupplampa\/"},"modified":"2026-04-08T16:47:49","modified_gmt":"2026-04-08T14:47:49","slug":"grupplampa","status":"publish","type":"product","link":"https:\/\/secureus.se\/es\/grupplampa\/","title":{"rendered":"L\u00e1mpara de grupo Indicaci\u00f3n LED roja \u2013 Tono de timbre ajustable para alarma RWC"},"content":{"rendered":"<p>L\u00e1mpara de grupo con zumbador. L\u00e1mpara de grupo con indicaci\u00f3n LED roja y tono de zumbador ajustable. Tensi\u00f3n nominal: 24 V CA\/CC. Para montaje en salidas de tuber\u00edas o en cajas de dispositivos con espacio entre tornillos de montaje de 60 mm. Dimensiones: 85\u00d785 mm. Color blanco<\/p>","protected":false},"excerpt":{"rendered":"<p>L\u00e1mpara de grupo con zumbador. L\u00e1mpara de grupo con indicaci\u00f3n LED roja y tono de zumbador ajustable. Tensi\u00f3n nominal: 24 V CA\/CC. Para montaje en salidas de tuber\u00edas o en cajas de dispositivos con espacio entre tornillos de montaje de 60 mm. Dimensiones: 85\u00d785 mm. Color blanco<\/p>","protected":false},"featured_media":144188,"template":"","meta":{"_acf_changed":false},"product_brand":[],"product_cat":[1605],"product_tag":[],"class_list":{"0":"post-53410","1":"product","2":"type-product","3":"status-publish","4":"has-post-thumbnail","6":"product_cat-komponenter-till-rwc-larm","7":"product_shipping_class-tunga-paket","8":"pa_brands-elko","9":"pa_farg-vit","10":"tm-no-options","12":"first","13":"instock","14":"sale","15":"taxable","16":"shipping-taxable","17":"purchasable","18":"product-type-simple"},"acf":[],"_links":{"self":[{"href":"https:\/\/secureus.se\/es\/wp-json\/wp\/v2\/product\/53410","targetHints":{"allow":["GET"]}}],"collection":[{"href":"https:\/\/secureus.se\/es\/wp-json\/wp\/v2\/product"}],"about":[{"href":"https:\/\/secureus.se\/es\/wp-json\/wp\/v2\/types\/product"}],"wp:featuredmedia":[{"embeddable":true,"href":"https:\/\/secureus.se\/es\/wp-json\/wp\/v2\/media\/144188"}],"wp:attachment":[{"href":"https:\/\/secureus.se\/es\/wp-json\/wp\/v2\/media?parent=53410"}],"wp:term":[{"taxonomy":"product_brand","embeddable":true,"href":"https:\/\/secureus.se\/es\/wp-json\/wp\/v2\/product_brand?post=53410"},{"taxonomy":"product_cat","embeddable":true,"href":"https:\/\/secureus.se\/es\/wp-json\/wp\/v2\/product_cat?post=53410"},{"taxonomy":"product_tag","embeddable":true,"href":"https:\/\/secureus.se\/es\/wp-json\/wp\/v2\/product_tag?post=53410"}],"curies":[{"name":"wp","href":"https:\/\/api.w.org\/{rel}","templated":true}]}}