{"id":53421,"date":"2022-06-23T15:28:26","date_gmt":"2022-06-23T13:28:26","guid":{"rendered":"https:\/\/secureus.se\/produkt\/trafo-infalld-230-12vac-6va\/"},"modified":"2026-04-08T16:53:56","modified_gmt":"2026-04-08T14:53:56","slug":"trafo-infalld-230-12vac-6va","status":"publish","type":"product","link":"https:\/\/secureus.se\/es\/trafo-infalld-230-12vac-6va\/","title":{"rendered":"Transformador Empotrado 230\/12Vac 6Va"},"content":{"rendered":"<p>Transformador para montaje empotrado en caja de aparato redonda c\/c 60mm o montaje en superficie en marco de pared 5020012 (altura 26mm). Fusionado mediante fusible t\u00e9rmico incorporado en el lado secundario. Presione la tapa: \u201cTransformador\u201d y \u201c230VAC\/12VAC\u201d. La conexi\u00f3n se realiza mediante un bloque de terminales de tornillo con protecci\u00f3n de cable. Tapa para fijaci\u00f3n con tornillos, fabricada en termopl\u00e1stico de color blanco.<\/p>","protected":false},"excerpt":{"rendered":"<p>Transformador para montaje empotrado en caja de aparato redonda c\/c 60mm o montaje en superficie en marco de pared 5020012 (altura 26mm). Fusionado mediante fusible t\u00e9rmico incorporado en el lado secundario. Presione la tapa: \u201cTransformador\u201d y \u201c230VAC\/12VAC\u201d. La conexi\u00f3n est\u00e1 establecida<\/p>","protected":false},"featured_media":143503,"template":"","meta":{"_acf_changed":false},"product_brand":[],"product_cat":[1604],"product_tag":[],"class_list":{"0":"post-53421","1":"product","2":"type-product","3":"status-publish","4":"has-post-thumbnail","6":"product_cat-stromforsorjning-till-rwc-larm","7":"product_shipping_class-tunga-paket","8":"pa_brands-tjeders","9":"pa_farg-vit","10":"tm-no-options","12":"first","13":"instock","14":"sale","15":"taxable","16":"shipping-taxable","17":"purchasable","18":"product-type-simple"},"acf":[],"_links":{"self":[{"href":"https:\/\/secureus.se\/es\/wp-json\/wp\/v2\/product\/53421","targetHints":{"allow":["GET"]}}],"collection":[{"href":"https:\/\/secureus.se\/es\/wp-json\/wp\/v2\/product"}],"about":[{"href":"https:\/\/secureus.se\/es\/wp-json\/wp\/v2\/types\/product"}],"wp:featuredmedia":[{"embeddable":true,"href":"https:\/\/secureus.se\/es\/wp-json\/wp\/v2\/media\/143503"}],"wp:attachment":[{"href":"https:\/\/secureus.se\/es\/wp-json\/wp\/v2\/media?parent=53421"}],"wp:term":[{"taxonomy":"product_brand","embeddable":true,"href":"https:\/\/secureus.se\/es\/wp-json\/wp\/v2\/product_brand?post=53421"},{"taxonomy":"product_cat","embeddable":true,"href":"https:\/\/secureus.se\/es\/wp-json\/wp\/v2\/product_cat?post=53421"},{"taxonomy":"product_tag","embeddable":true,"href":"https:\/\/secureus.se\/es\/wp-json\/wp\/v2\/product_tag?post=53421"}],"curies":[{"name":"wp","href":"https:\/\/api.w.org\/{rel}","templated":true}]}}