{"id":53422,"date":"2022-06-23T15:28:15","date_gmt":"2022-06-23T13:28:15","guid":{"rendered":"https:\/\/secureus.se\/produkt\/rwc-transformator-infalld\/"},"modified":"2026-03-26T12:12:04","modified_gmt":"2026-03-26T11:12:04","slug":"rwc-transformator-infalld","status":"publish","type":"product","link":"https:\/\/secureus.se\/es\/rwc-transformator-infalld\/","title":{"rendered":"Transformador Rwc empotrado"},"content":{"rendered":"<p>Transformador 230\/12V AC para alimentar dispositivos Exxact RWC, suministra energ\u00eda a un m\u00e1ximo de un paquete RWC. Cuando se monta empotrado en una caja de dispositivo, un producto RWC de 1 bah\u00eda se puede montar encima del transformador utilizando una caja baja de 21 mm. Para instalaci\u00f3n en caja de dispositivo de 60 mm c\/c o instalaci\u00f3n en superficie en caja de 35 mm. Completo con marco Exxact opcional.<\/p>","protected":false},"excerpt":{"rendered":"<p>Transformador 230\/12V AC para alimentar dispositivos Exxact RWC, suministra energ\u00eda a un m\u00e1ximo de un paquete RWC. Cuando se monta empotrado en una caja de dispositivo, un producto RWC de 1 bah\u00eda se puede montar sobre el transformador utilizando una caja baja 21<\/p>","protected":false},"featured_media":143513,"template":"","meta":{"_acf_changed":false},"product_brand":[],"product_cat":[1604],"product_tag":[],"class_list":{"0":"post-53422","1":"product","2":"type-product","3":"status-publish","4":"has-post-thumbnail","6":"product_cat-stromforsorjning-till-rwc-larm","7":"product_shipping_class-tunga-paket","8":"pa_brands-schneider-electric","9":"pa_farg-vit","10":"tm-no-options","12":"first","13":"instock","14":"sale","15":"taxable","16":"shipping-taxable","17":"purchasable","18":"product-type-simple"},"acf":[],"_links":{"self":[{"href":"https:\/\/secureus.se\/es\/wp-json\/wp\/v2\/product\/53422","targetHints":{"allow":["GET"]}}],"collection":[{"href":"https:\/\/secureus.se\/es\/wp-json\/wp\/v2\/product"}],"about":[{"href":"https:\/\/secureus.se\/es\/wp-json\/wp\/v2\/types\/product"}],"wp:featuredmedia":[{"embeddable":true,"href":"https:\/\/secureus.se\/es\/wp-json\/wp\/v2\/media\/143513"}],"wp:attachment":[{"href":"https:\/\/secureus.se\/es\/wp-json\/wp\/v2\/media?parent=53422"}],"wp:term":[{"taxonomy":"product_brand","embeddable":true,"href":"https:\/\/secureus.se\/es\/wp-json\/wp\/v2\/product_brand?post=53422"},{"taxonomy":"product_cat","embeddable":true,"href":"https:\/\/secureus.se\/es\/wp-json\/wp\/v2\/product_cat?post=53422"},{"taxonomy":"product_tag","embeddable":true,"href":"https:\/\/secureus.se\/es\/wp-json\/wp\/v2\/product_tag?post=53422"}],"curies":[{"name":"wp","href":"https:\/\/api.w.org\/{rel}","templated":true}]}}