{"id":53423,"date":"2022-06-23T15:27:55","date_gmt":"2022-06-23T13:27:55","guid":{"rendered":"https:\/\/secureus.se\/produkt\/anropsapp-drag-nodsignal\/"},"modified":"2026-04-08T16:46:06","modified_gmt":"2026-04-08T14:46:06","slug":"anropsapp-drag-nodsignal","status":"publish","type":"product","link":"https:\/\/secureus.se\/es\/anropsapp-drag-nodsignal\/","title":{"rendered":"Aplicaci\u00f3n de llamadas Arrastre \u201cSOS\u201d"},"content":{"rendered":"<p>El dispositivo contiene un cord\u00f3n de tracci\u00f3n de 2 metros y un diodo de reconocimiento rojo debajo de una gu\u00eda de luz de 2 mm en la tapa. Presione la tapa: \u201cSOS\u201d. La conexi\u00f3n se realiza mediante un bloque de terminales de tornillo enchufable con protecci\u00f3n de cable. Para montaje empotrado en caja de dispositivo redonda c\/c 60mm o montaje en superficie en marco de pared 5020012 (altura 16mm). Tapa para fijaci\u00f3n con tornillos, fabricada en termopl\u00e1stico de color blanco.<\/p>","protected":false},"excerpt":{"rendered":"<p>El dispositivo contiene un cord\u00f3n de tracci\u00f3n de 2 metros y un diodo de reconocimiento rojo debajo de una gu\u00eda de luz de 2 mm en la tapa. Presione la tapa: \u201cSOS\u201d. La conexi\u00f3n se realiza mediante un bloque de terminales de tornillo enchufable con protecci\u00f3n de cable. Para montaje empotrado en redondo.<\/p>","protected":false},"featured_media":143735,"template":"","meta":{"_acf_changed":false},"product_brand":[],"product_cat":[1605],"product_tag":[],"class_list":{"0":"post-53423","1":"product","2":"type-product","3":"status-publish","4":"has-post-thumbnail","6":"product_cat-komponenter-till-rwc-larm","7":"product_shipping_class-tunga-paket","8":"pa_farg-vit","9":"tm-no-options","11":"first","12":"outofstock","13":"sale","14":"taxable","15":"shipping-taxable","16":"purchasable","17":"product-type-simple"},"acf":[],"_links":{"self":[{"href":"https:\/\/secureus.se\/es\/wp-json\/wp\/v2\/product\/53423","targetHints":{"allow":["GET"]}}],"collection":[{"href":"https:\/\/secureus.se\/es\/wp-json\/wp\/v2\/product"}],"about":[{"href":"https:\/\/secureus.se\/es\/wp-json\/wp\/v2\/types\/product"}],"wp:featuredmedia":[{"embeddable":true,"href":"https:\/\/secureus.se\/es\/wp-json\/wp\/v2\/media\/143735"}],"wp:attachment":[{"href":"https:\/\/secureus.se\/es\/wp-json\/wp\/v2\/media?parent=53423"}],"wp:term":[{"taxonomy":"product_brand","embeddable":true,"href":"https:\/\/secureus.se\/es\/wp-json\/wp\/v2\/product_brand?post=53423"},{"taxonomy":"product_cat","embeddable":true,"href":"https:\/\/secureus.se\/es\/wp-json\/wp\/v2\/product_cat?post=53423"},{"taxonomy":"product_tag","embeddable":true,"href":"https:\/\/secureus.se\/es\/wp-json\/wp\/v2\/product_tag?post=53423"}],"curies":[{"name":"wp","href":"https:\/\/api.w.org\/{rel}","templated":true}]}}