{"id":53426,"date":"2022-06-23T15:25:32","date_gmt":"2022-06-23T13:25:32","guid":{"rendered":"https:\/\/secureus.se\/produkt\/anropsapp-kn-uttag-nodsignal\/"},"modified":"2026-04-23T11:57:56","modified_gmt":"2026-04-23T09:57:56","slug":"anropsapp-kn-uttag-nodsignal","status":"publish","type":"product","link":"https:\/\/secureus.se\/es\/anropsapp-kn-uttag-nodsignal\/","title":{"rendered":"Llamar a la aplicaci\u00f3n Kn Outlet \u201cSe\u00f1al de emergencia\u201d"},"content":{"rendered":"<p>El dispositivo contiene un bot\u00f3n de funci\u00f3n rojo, un conector de funci\u00f3n de 6,35 mm y un diodo de reconocimiento rojo debajo de una gu\u00eda de luz de 2 mm en la tapa. Presione la tapa: \u201cSe\u00f1al de emergencia\u201d. La conexi\u00f3n se realiza mediante un bloque de terminales de tornillo enchufable con protecci\u00f3n de cable. Para montaje empotrado en caja de dispositivo redonda c\/c 60mm o montaje en superficie en marco de pared 5020012 (altura 16mm). Tapa para fijaci\u00f3n con tornillos, fabricada en termopl\u00e1stico de color blanco.<\/p>","protected":false},"excerpt":{"rendered":"<p>Apparaten inneh\u00e5ller r\u00f6d funktionsknapp, funktionsuttag 6,35mm och r\u00f6d kvitteringsdiod under en 2mm ljusledare i locket. Tryck p\u00e5 locket: \u201cN\u00f6dsignal\u201d. Inkoppling sker p\u00e5 jackbar skruvplint med tr\u00e5dskydd. F\u00f6r inf\u00e4llt montage i<\/p>","protected":false},"featured_media":143540,"template":"","meta":{"_acf_changed":false},"product_brand":[],"product_cat":[1605],"product_tag":[],"class_list":{"0":"post-53426","1":"product","2":"type-product","3":"status-publish","4":"has-post-thumbnail","6":"product_cat-komponenter-till-rwc-larm","7":"product_shipping_class-tunga-paket","8":"pa_farg-vit","9":"tm-no-options","11":"first","12":"instock","13":"sale","14":"taxable","15":"shipping-taxable","16":"purchasable","17":"product-type-simple"},"acf":[],"_links":{"self":[{"href":"https:\/\/secureus.se\/es\/wp-json\/wp\/v2\/product\/53426","targetHints":{"allow":["GET"]}}],"collection":[{"href":"https:\/\/secureus.se\/es\/wp-json\/wp\/v2\/product"}],"about":[{"href":"https:\/\/secureus.se\/es\/wp-json\/wp\/v2\/types\/product"}],"wp:featuredmedia":[{"embeddable":true,"href":"https:\/\/secureus.se\/es\/wp-json\/wp\/v2\/media\/143540"}],"wp:attachment":[{"href":"https:\/\/secureus.se\/es\/wp-json\/wp\/v2\/media?parent=53426"}],"wp:term":[{"taxonomy":"product_brand","embeddable":true,"href":"https:\/\/secureus.se\/es\/wp-json\/wp\/v2\/product_brand?post=53426"},{"taxonomy":"product_cat","embeddable":true,"href":"https:\/\/secureus.se\/es\/wp-json\/wp\/v2\/product_cat?post=53426"},{"taxonomy":"product_tag","embeddable":true,"href":"https:\/\/secureus.se\/es\/wp-json\/wp\/v2\/product_tag?post=53426"}],"curies":[{"name":"wp","href":"https:\/\/api.w.org\/{rel}","templated":true}]}}