{"id":53427,"date":"2022-06-23T15:25:10","date_gmt":"2022-06-23T13:25:10","guid":{"rendered":"https:\/\/secureus.se\/produkt\/rwc-rumslampa-med-summer\/"},"modified":"2026-04-23T11:56:07","modified_gmt":"2026-04-23T09:56:07","slug":"rwc-rumslampa-med-summer","status":"publish","type":"product","link":"https:\/\/secureus.se\/es\/rwc-rumslampa-med-summer\/","title":{"rendered":"L\u00e1mpara de habitaci\u00f3n Rwc con timbre"},"content":{"rendered":"<p>La l\u00e1mpara de habitaci\u00f3n con zumbador se combina con otros dispositivos de la gama Exxact RWC. Para un sistema completo se necesita una unidad de memoria, botones de emergencia y fuente de alimentaci\u00f3n. Para instalaci\u00f3n en una caja de dispositivo c\/c de 60 mm o instalaci\u00f3n en superficie en una caja de 21 mm. Completo con marco Exxact opcional. Zumbador de 3,1 Khz y nivel de sonido 80dB a un metro.<\/p>","protected":false},"excerpt":{"rendered":"<p>Rumslampa med summer kombineras med \u00f6vriga apparater ur Exxact RWC-sortimentet. F\u00f6r komplett system beh\u00f6vs, minnesenhet, n\u00f6dknappar och sp\u00e4nningsf\u00f6rs\u00f6rjning. F\u00f6r montage i apparatdosa c\/c 60mm alternativt utanp\u00e5liggande montage i dosa 21mm.<\/p>","protected":false},"featured_media":144212,"template":"","meta":{"_acf_changed":false},"product_brand":[],"product_cat":[1605],"product_tag":[],"class_list":{"0":"post-53427","1":"product","2":"type-product","3":"status-publish","4":"has-post-thumbnail","6":"product_cat-komponenter-till-rwc-larm","7":"product_shipping_class-tunga-paket","8":"pa_farg-vit","9":"tm-no-options","11":"first","12":"instock","13":"sale","14":"taxable","15":"shipping-taxable","16":"purchasable","17":"product-type-simple"},"acf":[],"_links":{"self":[{"href":"https:\/\/secureus.se\/es\/wp-json\/wp\/v2\/product\/53427","targetHints":{"allow":["GET"]}}],"collection":[{"href":"https:\/\/secureus.se\/es\/wp-json\/wp\/v2\/product"}],"about":[{"href":"https:\/\/secureus.se\/es\/wp-json\/wp\/v2\/types\/product"}],"wp:featuredmedia":[{"embeddable":true,"href":"https:\/\/secureus.se\/es\/wp-json\/wp\/v2\/media\/144212"}],"wp:attachment":[{"href":"https:\/\/secureus.se\/es\/wp-json\/wp\/v2\/media?parent=53427"}],"wp:term":[{"taxonomy":"product_brand","embeddable":true,"href":"https:\/\/secureus.se\/es\/wp-json\/wp\/v2\/product_brand?post=53427"},{"taxonomy":"product_cat","embeddable":true,"href":"https:\/\/secureus.se\/es\/wp-json\/wp\/v2\/product_cat?post=53427"},{"taxonomy":"product_tag","embeddable":true,"href":"https:\/\/secureus.se\/es\/wp-json\/wp\/v2\/product_tag?post=53427"}],"curies":[{"name":"wp","href":"https:\/\/api.w.org\/{rel}","templated":true}]}}