{"id":53430,"date":"2022-06-23T15:23:29","date_gmt":"2022-06-23T13:23:29","guid":{"rendered":"https:\/\/secureus.se\/produkt\/nodlarm-rwc-paket-gra\/"},"modified":"2026-04-08T16:58:30","modified_gmt":"2026-04-08T14:58:30","slug":"nodlarm-rwc-paket-gra","status":"publish","type":"product","link":"https:\/\/secureus.se\/es\/nodlarm-rwc-paket-gra\/","title":{"rendered":"Alarma de emergencia Rwc Paquete Gris"},"content":{"rendered":"<p>Las alarmas se activan a trav\u00e9s del bot\u00f3n de funci\u00f3n \u201cSe\u00f1al de emergencia\u201d en el dispositivo de reinicio o en uno de los dispositivos de llamada. En caso de alarma, se activa la indicaci\u00f3n ac\u00fastica y \u00f3ptica del panel indicador, as\u00ed como el diodo de reconocimiento en el dispositivo de reinicio y en los dispositivos de llamada. Las alarmas se restablecen a trav\u00e9s del bot\u00f3n de funci\u00f3n \u201cReset\u201d o a trav\u00e9s de la entrada de reinicio externa. Las alarmas se pueden retransmitir desde la salida de rel\u00e9 en el dispositivo de reinicio.<\/p>","protected":false},"excerpt":{"rendered":"<p>Las alarmas se activan a trav\u00e9s del bot\u00f3n de funci\u00f3n \u201cSe\u00f1al de emergencia\u201d en el dispositivo de reinicio o en uno de los dispositivos de llamada. En caso de alarma, se activa la indicaci\u00f3n ac\u00fastica y \u00f3ptica del panel indicador, as\u00ed como el diodo de reconocimiento en el dispositivo de reinicio y en los dispositivos de llamada. Restablecimiento de alarma mediante bot\u00f3n de funci\u00f3n<\/p>","protected":false},"featured_media":143552,"template":"","meta":{"_acf_changed":false},"product_brand":[],"product_cat":[1606],"product_tag":[],"class_list":{"0":"post-53430","1":"product","2":"type-product","3":"status-publish","4":"has-post-thumbnail","6":"product_cat-rwc-larm","7":"product_shipping_class-tunga-paket","8":"pa_farg-gra","9":"tm-no-options","11":"first","12":"outofstock","13":"sale","14":"taxable","15":"shipping-taxable","16":"purchasable","17":"product-type-simple"},"acf":[],"_links":{"self":[{"href":"https:\/\/secureus.se\/es\/wp-json\/wp\/v2\/product\/53430","targetHints":{"allow":["GET"]}}],"collection":[{"href":"https:\/\/secureus.se\/es\/wp-json\/wp\/v2\/product"}],"about":[{"href":"https:\/\/secureus.se\/es\/wp-json\/wp\/v2\/types\/product"}],"wp:featuredmedia":[{"embeddable":true,"href":"https:\/\/secureus.se\/es\/wp-json\/wp\/v2\/media\/143552"}],"wp:attachment":[{"href":"https:\/\/secureus.se\/es\/wp-json\/wp\/v2\/media?parent=53430"}],"wp:term":[{"taxonomy":"product_brand","embeddable":true,"href":"https:\/\/secureus.se\/es\/wp-json\/wp\/v2\/product_brand?post=53430"},{"taxonomy":"product_cat","embeddable":true,"href":"https:\/\/secureus.se\/es\/wp-json\/wp\/v2\/product_cat?post=53430"},{"taxonomy":"product_tag","embeddable":true,"href":"https:\/\/secureus.se\/es\/wp-json\/wp\/v2\/product_tag?post=53430"}],"curies":[{"name":"wp","href":"https:\/\/api.w.org\/{rel}","templated":true}]}}