{"id":53432,"date":"2022-06-23T15:23:05","date_gmt":"2022-06-23T13:23:05","guid":{"rendered":"https:\/\/secureus.se\/produkt\/rwc-set-jussi\/"},"modified":"2026-04-08T16:51:00","modified_gmt":"2026-04-08T14:51:00","slug":"rwc-set-jussi","status":"publish","type":"product","link":"https:\/\/secureus.se\/es\/rwc-set-jussi\/","title":{"rendered":"Conjunto Rwc Jussi"},"content":{"rendered":"<div class=\"col-12 col-lg-6\">\n<div class=\"product-description pe-lg-5\">Conjunto completo para instalaciones RWC (sin transformador) en dise\u00f1o Jussi.<br \/>\nEste conjunto contiene, 1 pulsador de se\u00f1al FAP2001 (55 060 12), 1 pulsador de se\u00f1al con interruptor de tirador FAP3002 (55 060 16), 1 pulsador de doble se\u00f1al FAP2002 (18 152 74). 1 dispositivo principal con dispositivo de alarma FEH2001 (55 060 58) y 1 resistencia de 1000 Ohm.<br \/>\nSe puede complementar con pulsadores\/tomas de se\u00f1al adicionales si es necesario. Etiqueta verde y roja incluida.<br \/>\nTensi\u00f3n de funcionamiento 15\u201328 V CA \/ 18\u201335 V CC.<br \/>\nConsumo de corriente 110 mA CA\/60 mA CC<\/div>\n<\/div>\n<div class=\"col-12 col-lg-6\">\n<div class=\"product-downloads\">\n<h3 class=\"mb-4\">Descargas<\/h3>\n<ul class=\"list-unstyled\">\n<li><a class=\"d-flex mb-3 event-tracking-btn\" href=\"https:\/\/www.installationsprodukter.se\/product\/pdf?pdf_id=2TKA00003571\" target=\"_blank\" rel=\"noopener\" data-tracking-category=\"Product\" data-tracking-action=\"PDF Download\" data-tracking-label=\"2TKA00003571 | Jussi med larm och reset-knapp i samma enhet\" data-once=\"button\">Ficha de producto en PDF<\/a><\/li>\n<li><a class=\"d-flex mb-3 event-tracking-btn\" href=\"https:\/\/search.abb.com\/library\/Download.aspx?DocumentID=9AKK107045A8158&amp;LanguageCode=en&amp;LanguageCode=sv&amp;DocumentPartId=&amp;Action=Launch\" target=\"_blank\" rel=\"noopener\" data-tracking-category=\"Product\" data-tracking-action=\"II Download\" data-tracking-label=\"2TKA00003571 | https:\/\/search.abb.com\/library\/Download.aspx?DocumentID=9AKK107045A8158&amp;LanguageCode=en&amp;LanguageCode=sv&amp;DocumentPartId=&amp;Action=Launch\" data-once=\"button\">Instrucciones de montaje<\/a><\/li>\n<li><a class=\"d-flex mb-3 event-tracking-btn\" href=\"https:\/\/search.abb.com\/library\/Download.aspx?DocumentID=9AKK108466A2494&amp;LanguageCode=sv&amp;DocumentPartId=&amp;Action=Launch\" target=\"_blank\" rel=\"noopener\" data-tracking-category=\"Product\" data-tracking-action=\"CE Download\" data-tracking-label=\"2TKA00003571 | https:\/\/search.abb.com\/library\/Download.aspx?DocumentID=9AKK108466A2494&amp;LanguageCode=sv&amp;DocumentPartId=&amp;Action=Launch\" data-once=\"button\">Declaraci\u00f3n CE<\/a><\/li>\n<li><a class=\"d-flex mb-3 event-tracking-btn\" href=\"https:\/\/search.abb.com\/library\/Download.aspx?DocumentID=9AKK106713A4634&amp;LanguageCode=en&amp;DocumentPartId=&amp;Action=Launch\" target=\"_blank\" rel=\"noopener\" data-tracking-category=\"Product\" data-tracking-action=\"MD49 Download\" data-tracking-label=\"2TKA00003571 | https:\/\/search.abb.com\/library\/Download.aspx?DocumentID=9AKK106713A4634&amp;LanguageCode=en&amp;DocumentPartId=&amp;Action=Launch\" data-once=\"button\">Declaraci\u00f3n RoHS<\/a><\/li>\n<li><a class=\"d-flex mb-3 event-tracking-btn\" href=\"https:\/\/search.abb.com\/library\/Download.aspx?DocumentID=9AKK108466A2494&amp;LanguageCode=en&amp;DocumentPartId=&amp;Action=Launch\" target=\"_blank\" rel=\"noopener\" data-tracking-category=\"Product\" data-tracking-action=\"MD52 Download\" data-tracking-label=\"2TKA00003571 | https:\/\/search.abb.com\/library\/Download.aspx?DocumentID=9AKK108466A2494&amp;LanguageCode=en&amp;DocumentPartId=&amp;Action=Launch\" data-once=\"button\">Declaraci\u00f3n de conformidad CE<\/a><\/li>\n<li><a class=\"d-flex mb-3 event-tracking-btn\" href=\"https:\/\/search.abb.com\/library\/Download.aspx?DocumentID=9AKK106713A4633&amp;LanguageCode=en&amp;DocumentPartId=&amp;Action=Launch\" target=\"_blank\" rel=\"noopener\" data-tracking-category=\"Product\" data-tracking-action=\"MD05 Download\" data-tracking-label=\"2TKA00003571 | https:\/\/search.abb.com\/library\/Download.aspx?DocumentID=9AKK106713A4633&amp;LanguageCode=en&amp;DocumentPartId=&amp;Action=Launch\" data-once=\"button\">Enlace profundo REACH<\/a><\/li>\n<\/ul>\n<\/div>\n<\/div>","protected":false},"excerpt":{"rendered":"<p>Jussi con alarma y bot\u00f3n de reinicio en la misma unidad<\/p>","protected":false},"featured_media":143558,"template":"","meta":{"_acf_changed":false},"product_brand":[],"product_cat":[1606],"product_tag":[],"class_list":{"0":"post-53432","1":"product","2":"type-product","3":"status-publish","4":"has-post-thumbnail","6":"product_cat-rwc-larm","7":"product_shipping_class-tunga-paket","8":"pa_brands-abb","9":"pa_farg-vit","10":"tm-no-options","12":"first","13":"instock","14":"sale","15":"taxable","16":"shipping-taxable","17":"purchasable","18":"product-type-simple"},"acf":[],"_links":{"self":[{"href":"https:\/\/secureus.se\/es\/wp-json\/wp\/v2\/product\/53432","targetHints":{"allow":["GET"]}}],"collection":[{"href":"https:\/\/secureus.se\/es\/wp-json\/wp\/v2\/product"}],"about":[{"href":"https:\/\/secureus.se\/es\/wp-json\/wp\/v2\/types\/product"}],"wp:featuredmedia":[{"embeddable":true,"href":"https:\/\/secureus.se\/es\/wp-json\/wp\/v2\/media\/143558"}],"wp:attachment":[{"href":"https:\/\/secureus.se\/es\/wp-json\/wp\/v2\/media?parent=53432"}],"wp:term":[{"taxonomy":"product_brand","embeddable":true,"href":"https:\/\/secureus.se\/es\/wp-json\/wp\/v2\/product_brand?post=53432"},{"taxonomy":"product_cat","embeddable":true,"href":"https:\/\/secureus.se\/es\/wp-json\/wp\/v2\/product_cat?post=53432"},{"taxonomy":"product_tag","embeddable":true,"href":"https:\/\/secureus.se\/es\/wp-json\/wp\/v2\/product_tag?post=53432"}],"curies":[{"name":"wp","href":"https:\/\/api.w.org\/{rel}","templated":true}]}}