{"id":53435,"date":"2022-06-23T15:22:36","date_gmt":"2022-06-23T13:22:36","guid":{"rendered":"https:\/\/secureus.se\/produkt\/rwc-paket\/"},"modified":"2026-04-08T16:52:10","modified_gmt":"2026-04-08T14:52:10","slug":"rwc-paket","status":"publish","type":"product","link":"https:\/\/secureus.se\/es\/rwc-paket\/","title":{"rendered":"RWC Paquete Exxact \u2013 Sistema completo de se\u00f1alizaci\u00f3n de emergencia"},"content":{"rendered":"<h4>Paquete Schneider Electric Exxact RWC: sistema completo de se\u00f1alizaci\u00f3n de emergencia para mayor seguridad<\/h4>\n<p>Este paquete RWC de la serie Exxact de Schneider Electric ofrece una soluci\u00f3n integral de se\u00f1alizaci\u00f3n de emergencia para todo tipo de edificios. El paquete incluye todo lo necesario para garantizar una comunicaci\u00f3n r\u00e1pida y eficaz en situaciones de emergencia, botones de emergencia y una luz de habitaci\u00f3n con zumbador. Las unidades blancas tienen clasificaci\u00f3n IP20 y se pueden complementar f\u00e1cilmente con cualquier marco Exxact para una instalaci\u00f3n elegante.<\/p>\n<h3>Caracter\u00edsticas y beneficios<\/h3>\n<ul>\n<li><strong>Paquete completo<\/strong>:Incluye 1 bot\u00f3n de emergencia, 1 bot\u00f3n de emergencia con toma de se\u00f1al, 1 unidad de memoria con bot\u00f3n de reinicio\/emergencia y 1 luz de habitaci\u00f3n con zumbador.<\/li>\n<li><strong>Potente indicaci\u00f3n ac\u00fastica<\/strong>:Zumbador con una frecuencia de sonido de 3,1 kHz y un nivel sonoro de 80 dB a 1 metro, garantizando que la alarma se escuche con claridad.<\/li>\n<li><strong>Indicaci\u00f3n visual<\/strong>:LED rojos para una clara indicaci\u00f3n visual de situaciones de emergencia.<\/li>\n<li><strong>Clasificaci\u00f3n IP20<\/strong>:Protegido contra objetos s\u00f3lidos mayores a 12,5 mm, lo que lo hace adecuado para uso en interiores.<\/li>\n<li><strong>F\u00e1cil instalaci\u00f3n<\/strong>:Las unidades est\u00e1n montadas al ras y conectadas con terminales de tornillo, lo que hace que la instalaci\u00f3n sea r\u00e1pida y sencilla.<\/li>\n<li><strong>Dise\u00f1o personalizable<\/strong>:Se puede completar con cualquier marco Exxact para adaptarse a su interior.<\/li>\n<\/ul>\n<h3>Especificaci\u00f3n t\u00e9cnica<\/h3>\n<ul>\n<li><strong>Botones de emergencia<\/strong>:\n<ul>\n<li><strong>Tensi\u00f3n de alimentaci\u00f3n<\/strong>: M\u00e1x. 20 V CC<\/li>\n<li><strong>Consumo de energ\u00eda<\/strong>:M\u00e1x. 25 mA cuando el dispositivo est\u00e1 activado, M\u00e1x. 0,1 mA cuando est\u00e1 inactivo<\/li>\n<li><strong>Indicaci\u00f3n \u00f3ptica<\/strong>: LED rojo<\/li>\n<li><strong>Bot\u00f3n de se\u00f1al<\/strong>:1 polo cerrado al voltaje del sistema m\u00e1s<\/li>\n<\/ul>\n<\/li>\n<li><strong>L\u00e1mpara de habitaci\u00f3n con timbre<\/strong>:\n<ul>\n<li><strong>Tensi\u00f3n de alimentaci\u00f3n<\/strong>: M\u00e1x. 20 VCC<\/li>\n<li><strong>Consumo de energ\u00eda<\/strong>:M\u00e1x. 55 mA cuando est\u00e1 activo, m\u00e1x. 6 mA cuando est\u00e1 inactivo<\/li>\n<li><strong>Indicaci\u00f3n \u00f3ptica<\/strong>:LED rojos bajo lente ovalada<\/li>\n<li><strong>Indicaci\u00f3n ac\u00fastica<\/strong>:Frecuencia del zumbador 3,1 kHz \u00b1 0,8 kHz, Nivel de sonido aprox. 80dB a 1 metro<\/li>\n<\/ul>\n<\/li>\n<\/ul>\n<h3>Instalaci\u00f3n y uso<\/h3>\n<ol>\n<li><strong>Montaje<\/strong>:Fije el marco de soporte a una caja de dispositivos o una caja empotrada y conecte los dispositivos RWC de acuerdo con el diagrama de cableado.<\/li>\n<li><strong>Inversi\u00f3n<\/strong>:\n<ul>\n<li>Unidad de memoria con bot\u00f3n de reinicio y emergencia: 700 mm sobre el suelo<\/li>\n<li>L\u00e1mpara de habitaci\u00f3n con zumbador: Al menos 2200 mm por encima del suelo<\/li>\n<li>Bot\u00f3n de se\u00f1al de emergencia con toma de se\u00f1al: 550 mm por encima del suelo<\/li>\n<li>Bot\u00f3n de emergencia: 200 mm por encima del suelo<\/li>\n<\/ul>\n<\/li>\n<li><strong>Terminaci\u00f3n<\/strong>:Completo con marco Exxact opcional para una instalaci\u00f3n completa y elegante.<\/li>\n<\/ol>\n<ul class=\"\">\n<li><a class=\"produkt-slide-bild produkt-bild-fil\" href=\"https:\/\/www.enummerbanken.se\/UserContent\/ArticleDocs\/MILJ%C3%96\/MILJ%C3%96_28030_5506308.pdf\" target=\"_blank\" rel=\"noopener\"><img decoding=\"async\" src=\"https:\/\/secureus.se\/wp-content\/uploads\/2023\/05\/pdf-icon.png\" alt=\"PDF\">\u00a0Documentos ambientales<\/a><\/li>\n<li><a class=\"produkt-slide-bild produkt-bild-fil\" href=\"https:\/\/www.se.com\/se\/sv\/product\/WDE002257\" target=\"_blank\" rel=\"noopener\"><i class=\"fa fa-file-o\"><\/i>\u00a0Enlace a la p\u00e1gina del producto<\/a><\/li>\n<li><a class=\"produkt-slide-bild produkt-bild-fil\" href=\"http:\/\/pdf.schneider-electric.nu\/Generatepdf.aspx?salesorgid=2&amp;dist=653&amp;lang=2&amp;form=no&amp;documenttype=plain&amp;productid=WDE002257&amp;render=eShopV3&amp;TemplateID=1\" target=\"_blank\" rel=\"noopener\"><i class=\"fa fa-file-o\"><\/i>\u00a0Ficha t\u00e9cnica del producto<\/a><\/li>\n<li><a class=\"produkt-slide-bild produkt-bild-fil\" href=\"https:\/\/download.schneider-electric.com\/files?p_enDocType=Instruction+sheet&amp;p_File_Name=S1A71629.pdf&amp;p_Doc_Ref=S1A71629\" target=\"_blank\" rel=\"noopener\"><i class=\"fa fa-file-o\"><\/i>\u00a0Instrucciones de montaje<\/a><\/li>\n<li><a class=\"produkt-slide-bild produkt-bild-fil\" href=\"https:\/\/checkaproduct.se.com\/DistantRequestDispatcher.aspx?action=exportPdfReach&amp;pid=62044143&amp;lang=en-us\" target=\"_blank\" rel=\"noopener\"><i class=\"fa fa-file-o\"><\/i>\u00a0Enlace REACH<\/a><\/li>\n<\/ul>","protected":false},"excerpt":{"rendered":"<p>Paquete RWC con transformador de la serie Exxact de Schneider Electric. Contiene 1 bot\u00f3n de emergencia, 1 bot\u00f3n de emergencia con toma de se\u00f1al, 1 unidad de memoria con bot\u00f3n de reinicio\/emergencia y 1 luz de habitaci\u00f3n con zumbador. Unidades con clasificaci\u00f3n IP20 en color blanco que se pueden complementar con cualquier marco Exxact.<\/p>","protected":false},"featured_media":144224,"template":"","meta":{"_acf_changed":false},"product_brand":[],"product_cat":[1606],"product_tag":[],"class_list":{"0":"post-53435","1":"product","2":"type-product","3":"status-publish","4":"has-post-thumbnail","6":"product_cat-rwc-larm","7":"product_shipping_class-tunga-paket","8":"pa_brands-schneider-electric","9":"pa_farg-vit","10":"tm-no-options","12":"first","13":"instock","14":"sale","15":"taxable","16":"shipping-taxable","17":"purchasable","18":"product-type-simple"},"acf":[],"_links":{"self":[{"href":"https:\/\/secureus.se\/es\/wp-json\/wp\/v2\/product\/53435","targetHints":{"allow":["GET"]}}],"collection":[{"href":"https:\/\/secureus.se\/es\/wp-json\/wp\/v2\/product"}],"about":[{"href":"https:\/\/secureus.se\/es\/wp-json\/wp\/v2\/types\/product"}],"wp:featuredmedia":[{"embeddable":true,"href":"https:\/\/secureus.se\/es\/wp-json\/wp\/v2\/media\/144224"}],"wp:attachment":[{"href":"https:\/\/secureus.se\/es\/wp-json\/wp\/v2\/media?parent=53435"}],"wp:term":[{"taxonomy":"product_brand","embeddable":true,"href":"https:\/\/secureus.se\/es\/wp-json\/wp\/v2\/product_brand?post=53435"},{"taxonomy":"product_cat","embeddable":true,"href":"https:\/\/secureus.se\/es\/wp-json\/wp\/v2\/product_cat?post=53435"},{"taxonomy":"product_tag","embeddable":true,"href":"https:\/\/secureus.se\/es\/wp-json\/wp\/v2\/product_tag?post=53435"}],"curies":[{"name":"wp","href":"https:\/\/api.w.org\/{rel}","templated":true}]}}