{"id":53437,"date":"2022-06-23T15:20:11","date_gmt":"2022-06-23T13:20:11","guid":{"rendered":"https:\/\/secureus.se\/produkt\/undercentral-evaq-2-kn\/"},"modified":"2026-03-26T12:16:09","modified_gmt":"2026-03-26T11:16:09","slug":"undercentral-evaq-2-kn","status":"publish","type":"product","link":"https:\/\/secureus.se\/es\/undercentral-evaq-2-kn\/","title":{"rendered":"Subestaci\u00f3n Evaq 2 Kn"},"content":{"rendered":"<p>El dispositivo contiene una pantalla con 8 caracteres alfanum\u00e9ricos rojos\/verdes (altura de car\u00e1cter 12 mm) y 2 botones de funci\u00f3n verdes. Diodo de reconocimiento rojo e indicador de funcionamiento verde debajo de una gu\u00eda de luz de 2 mm en la tapa. Zumbador con volumen regulable y entrada para funci\u00f3n de control (activaci\u00f3n de \u201cReconocimiento\u201d). Salidas para zumbador, alarma general y alarma de aver\u00eda. Presione la tapa: \u201cAcusaci\u00f3n\u201d. La conexi\u00f3n se realiza mediante terminales de tornillo con protecci\u00f3n de cable colocada en una placa de terminales enchufable. La plantilla de programaci\u00f3n se completa antes de la entrega.<\/p>","protected":false},"excerpt":{"rendered":"<p>Apparaten inneh\u00e5ller display med 8 r\u00f6da\/gr\u00f6na alfanumeriska tecken (teckenh\u00f6jd 12mm)och 2st gr\u00f6na funktionsknappar. R\u00f6d kvitteringsdiod och gr\u00f6n driftindikering under en 2mm ljusledare i locket. Summer med justerbar volym och ing\u00e5ng<\/p>","protected":false},"featured_media":143764,"template":"","meta":{"_acf_changed":false},"product_brand":[],"product_cat":[1609],"product_tag":[],"class_list":{"0":"post-53437","1":"product","2":"type-product","3":"status-publish","4":"has-post-thumbnail","6":"product_cat-nod-evakueringslarm","7":"product_shipping_class-tunga-paket","8":"tm-no-options","10":"first","11":"outofstock","12":"sale","13":"taxable","14":"shipping-taxable","15":"purchasable","16":"product-type-simple"},"acf":[],"_links":{"self":[{"href":"https:\/\/secureus.se\/es\/wp-json\/wp\/v2\/product\/53437","targetHints":{"allow":["GET"]}}],"collection":[{"href":"https:\/\/secureus.se\/es\/wp-json\/wp\/v2\/product"}],"about":[{"href":"https:\/\/secureus.se\/es\/wp-json\/wp\/v2\/types\/product"}],"wp:featuredmedia":[{"embeddable":true,"href":"https:\/\/secureus.se\/es\/wp-json\/wp\/v2\/media\/143764"}],"wp:attachment":[{"href":"https:\/\/secureus.se\/es\/wp-json\/wp\/v2\/media?parent=53437"}],"wp:term":[{"taxonomy":"product_brand","embeddable":true,"href":"https:\/\/secureus.se\/es\/wp-json\/wp\/v2\/product_brand?post=53437"},{"taxonomy":"product_cat","embeddable":true,"href":"https:\/\/secureus.se\/es\/wp-json\/wp\/v2\/product_cat?post=53437"},{"taxonomy":"product_tag","embeddable":true,"href":"https:\/\/secureus.se\/es\/wp-json\/wp\/v2\/product_tag?post=53437"}],"curies":[{"name":"wp","href":"https:\/\/api.w.org\/{rel}","templated":true}]}}