{"id":53439,"date":"2022-06-23T15:19:56","date_gmt":"2022-06-23T13:19:56","guid":{"rendered":"https:\/\/secureus.se\/produkt\/anropsapp-aterstalln-evaq-2-kn\/"},"modified":"2026-04-08T16:52:55","modified_gmt":"2026-04-08T14:52:55","slug":"anropsapp-aterstalln-evaq-2-kn","status":"publish","type":"product","link":"https:\/\/secureus.se\/es\/anropsapp-aterstalln-evaq-2-kn\/","title":{"rendered":"Dispositivo de llamada\/restablecimiento Tjeders EVAQ 2 Kn"},"content":{"rendered":"<p>El dispositivo contiene una pantalla con 8 caracteres alfanum\u00e9ricos rojos\/verdes (altura de car\u00e1cter 12 mm), 1 bot\u00f3n de funci\u00f3n rojo y 1 verde. Diodo de reconocimiento rojo e indicador de funcionamiento verde debajo de una gu\u00eda de luz de 2 mm en la tapa. Zumbador con volumen regulable y entrada\/salida de alarma. Presione la tapa: \u201cSe\u00f1al de emergencia\u201d y \u201cReset\u201d. La conexi\u00f3n se realiza mediante terminales de tornillo con protectores de cables colocados en una placa de terminales enchufable. Recuerde completar la plantilla de programaci\u00f3n al realizar el pedido, ya que el panel de control se programa antes de la entrega.<\/p>\n<p>N\u00famero electr\u00f3nico 5500531<\/p>\n<div id=\"section-c18\" class=\"section row section-1-cells entity-selectable\">\n<div class=\"cells wide\">\n<div id=\"c20\" class=\"cell column is-light twelve span-12 entity-selectable\">\n<div class=\"content\">\n<div class=\"widget html-widget\">\n<div class=\"tinymce\">\n<h2 id=\"ic_toc_link_1\"><strong>Llamar a la aplicaci\u00f3n\/Restablecer Evaq 2 Kn C<\/strong><\/h2>\n<\/div>\n<\/div>\n<\/div>\n<\/div>\n<\/div>\n<\/div>\n<div id=\"section-c28\" class=\"section row section-2-cells entity-selectable\">\n<div class=\"cells wide\">\n<div id=\"c34\" class=\"cell column is-light four span-4 entity-selectable\">\n<div class=\"content\">\n<div class=\"widget html-widget\">\n<div class=\"tinymce\">\n<p>Dispositivo de llamada y reinicio Evaq con pantalla, bot\u00f3n de funci\u00f3n rojo y verde. Texto \u201cDistress\u201d y \u201cReset\u201d.<\/p>\n<\/div>\n<\/div>\n<\/div>\n<\/div>\n<\/div>\n<\/div>\n<h3 class=\"action-buttons\"><strong>Descripci\u00f3n funcional<\/strong><\/h3>\n<div id=\"section-c48\" class=\"section row section-2-cells entity-selectable\">\n<div class=\"cells wide\">\n<div id=\"c50\" class=\"cell column is-light six span-6 entity-selectable\">\n<div class=\"content\">\n<div class=\"widget html-widget\">\n<div class=\"tinymce\">\n<p>El dispositivo contiene una pantalla con 8 caracteres alfanum\u00e9ricos rojos\/verdes (altura de car\u00e1cter 12 mm), 1 bot\u00f3n de funci\u00f3n rojo y 1 verde.<\/p>\n<p>Diodo de reconocimiento rojo e indicador de funcionamiento verde debajo de una gu\u00eda de luz de 2 mm en la tapa. Zumbador con volumen regulable y entrada\/salida de alarma. Presione la tapa: \u201cSOS\u201d y \u201cReset\u201d. La conexi\u00f3n se realiza mediante terminales de tornillo con protectores de cables colocados en una placa de terminales enchufable.<\/p>\n<p>Para montaje empotrado en caja de dispositivo redonda c\/c 60 mm o montaje en superficie en marco de pared 11060068 (E-no. 5020012) (altura 26 mm). Tapa para fijaci\u00f3n con tornillos fabricada en termopl\u00e1stico de color blanco.<\/p>\n<ul>\n<li><strong>Entrada de alarma<\/strong><br \/>\nLa activaci\u00f3n de la entrada (contacto de cierre) genera una alarma en el dispositivo.<\/li>\n<li><strong>Salida de alarma 1<\/strong><br \/>\nLa salida se activa cuando el dispositivo alarma y se desactiva cuando se restablece la alarma.<\/li>\n<li><strong>Salida de alarma 2<\/strong><br \/>\nLa salida se activa cuando hay una alarma en el dispositivo y se desactiva cuando se reconoce la alarma.<\/li>\n<\/ul>\n<\/div>\n<\/div>\n<\/div>\n<\/div>\n<div id=\"c54\" class=\"cell column is-light six span-6 entity-selectable\">\n<div class=\"content\">\n<div class=\"widget html-widget callout-widget left\">\n<div class=\"content-toolbar\"><\/div>\n<div class=\"tinymce callout\">\n<h3 id=\"ic_toc_link_4\"><strong>Especificaciones t\u00e9cnicas<\/strong><\/h3>\n<table class=\"procydoTable\" border=\"1\">\n<tbody>\n<tr>\n<td>Peso<\/td>\n<td>133 gramos<\/td>\n<\/tr>\n<tr>\n<td>Plazo de entrega<\/td>\n<td>10 d\u00edas<\/td>\n<\/tr>\n<tr>\n<td>Voltaje de funcionamiento<\/td>\n<td>12-24 VCC +\/-15%<\/td>\n<\/tr>\n<tr>\n<td>Entrada de contacto de se\u00f1al<\/td>\n<td>Cierre\/Rompimiento<\/td>\n<\/tr>\n<tr>\n<td>Dimensiones (dispositivo, sin embalaje) (alto x ancho x profundidad, mm)<\/td>\n<td>90x90x29<\/td>\n<\/tr>\n<tr>\n<td>Dimensiones (dispositivo, embalado en caja) (alto x ancho x profundidad, mm)<\/td>\n<td>93x93x40<\/td>\n<\/tr>\n<tr>\n<td>Salida de transistor, tipo colector abierto (GND)<\/td>\n<td>Conclusi\u00f3n<\/td>\n<\/tr>\n<tr>\n<td>Salida, voltaje m\u00e1ximo (VCC)<\/td>\n<td>50<\/td>\n<\/tr>\n<tr>\n<td>Salida, corriente m\u00e1xima (mA)<\/td>\n<td>500<\/td>\n<\/tr>\n<tr>\n<td>Peso (gramos)<\/td>\n<td>133<\/td>\n<\/tr>\n<tr>\n<td>Consumo m\u00e1ximo de corriente a 12 VCC (, mA)<\/td>\n<td>130<\/td>\n<\/tr>\n<tr>\n<td>Consumo m\u00e1ximo de corriente a 24 VCC (, mA)<\/td>\n<td>70<\/td>\n<\/tr>\n<\/tbody>\n<\/table>\n<\/div>\n<div class=\"pointer-container\"><\/div>\n<\/div>\n<\/div>\n<\/div>\n<\/div>\n<\/div>\n<div id=\"section-c68\" class=\"section row section-2-cells entity-selectable\">\n<div class=\"cells wide\">\n<div id=\"c74\" class=\"cell column is-light eight span-8 entity-selectable\">\n<div class=\"content\">\n<div class=\"widget html-widget\">\n<div class=\"tinymce\">\n<h4 id=\"ic_toc_link_5\"><strong>Instalaci\u00f3n \/ Conexi\u00f3n<\/strong><\/h4>\n<p>El dispositivo se monta empotrado en una caja de dispositivo redonda con una distancia entre ejes de 60 mm o en superficie en un marco de pared.<\/p>\n<p>Hay una serie de accesorios disponibles para su instalaci\u00f3n en diferentes entornos.<\/p>\n<p>La conexi\u00f3n se realiza mediante terminales de tornillo con protecci\u00f3n de cable.<br \/>\nLa conexi\u00f3n de la entrada de alarma y las salidas de alarma se realiza seg\u00fan el diagrama de principios.<\/p>\n<p><strong>Fuente de alimentaci\u00f3n<\/strong><\/p>\n<p>La unidad est\u00e1 alimentada por 12 \u2013 24 VCC. El rango de voltaje de entrada del dispositivo puede manejar +\/- 15%.<\/p>\n<\/div>\n<\/div>\n<\/div>\n<\/div>\n<\/div>\n<\/div>\n<div id=\"section-c80\" class=\"section row section-1-cells entity-selectable\">\n<div class=\"cells wide\">\n<div id=\"c82\" class=\"cell column is-light twelve span-12 entity-selectable\">\n<div class=\"content\">\n<div class=\"widget html-widget\">\n<div class=\"tinymce\">\n<div class=\"image-cell\"><img decoding=\"async\" src=\"https:\/\/tjeders.infocaption.com\/media\/20210128\/247\/image_3.png\" alt=\"\" \/><\/div>\n<\/div>\n<\/div>\n<\/div>\n<\/div>\n<\/div>\n<\/div>\n<div id=\"section-c88\" class=\"section row section-1-cells entity-selectable\">\n<div class=\"section-sibling\"><\/div>\n<\/div>\n<div id=\"section-c96\" class=\"section row section-2-cells entity-selectable\">\n<div class=\"cells wide\">\n<div id=\"c102\" class=\"cell column is-light eight span-8 entity-selectable\">\n<div class=\"content\">\n<div class=\"widget html-widget\">\n<div class=\"tinymce\">\n<h4 id=\"ic_toc_link_6\"><strong>Montaje\/Colocaci\u00f3n<\/strong><\/h4>\n<p>Para montaje empotrado en caja de dispositivo redonda c\/c 60 mm o montaje en superficie en marco de pared 11060068 (E-no. 5020012) (altura 26 mm). Tapa para fijaci\u00f3n con tornillos fabricada en termopl\u00e1stico de color blanco.<\/p>\n<p>El dispositivo se puede colocar en cualquier posici\u00f3n dentro del bucle.<\/p>\n<\/div>\n<\/div>\n<\/div>\n<\/div>\n<\/div>\n<\/div>\n<div id=\"section-c116\" class=\"section row section-2-cells entity-selectable\">\n<div class=\"cells wide\">\n<div id=\"c122\" class=\"cell column is-light eight span-8 entity-selectable\">\n<div class=\"content\">\n<div class=\"widget html-widget\">\n<div class=\"content-toolbar\"><\/div>\n<div class=\"tinymce\">\n<h4 id=\"ic_toc_link_7\"><strong>Programaci\u00f3n \/ Direccionamiento \/ Configuraci\u00f3n<\/strong><\/h4>\n<p>La direcci\u00f3n del dispositivo se establece de acuerdo con la documentaci\u00f3n espec\u00edfica de la planta. Cada direcci\u00f3n tiene su propio texto \u00fanico para la visualizaci\u00f3n de alarmas en las unidades centrales.<\/p>\n<p>Todas las unidades de llamada\/reinicio deben direccionarse en secuencia comenzando en la direcci\u00f3n 1 hasta un m\u00e1ximo de 50.<\/p>\n<\/div>\n<\/div>\n<\/div>\n<\/div>\n<\/div>\n<\/div>\n<div id=\"section-c128\" class=\"section row section-2-cells entity-selectable\">\n<div class=\"cells wide\">\n<div id=\"c130\" class=\"cell column is-light six span-6 entity-selectable\">\n<div class=\"content\">\n<div class=\"widget html-widget\">\n<div class=\"tinymce\">\n<div class=\"image-cell\"><img decoding=\"async\" src=\"https:\/\/tjeders.infocaption.com\/media\/20210128\/247\/image_1.png\" alt=\"\" \/><\/div>\n<\/div>\n<\/div>\n<\/div>\n<\/div>\n<div id=\"c134\" class=\"cell column is-light six span-6 entity-selectable\">\n<div class=\"action-buttons\"><\/div>\n<div class=\"content-toolbar\"><\/div>\n<div class=\"content\">\n<div class=\"widget html-widget\">\n<div class=\"content-toolbar\"><\/div>\n<div class=\"tinymce\">\n<div class=\"image-cell\"><img decoding=\"async\" src=\"https:\/\/tjeders.infocaption.com\/media\/20210128\/247\/image_2.png\" alt=\"\" \/><\/div>\n<\/div>\n<\/div>\n<\/div>\n<\/div>\n<\/div>\n<\/div>","protected":false},"excerpt":{"rendered":"<p>El dispositivo contiene una pantalla con 8 caracteres alfanum\u00e9ricos rojos\/verdes (altura de car\u00e1cter 12 mm), 1 bot\u00f3n de funci\u00f3n rojo y 1 verde. Diodo de reconocimiento rojo e indicador de funcionamiento verde debajo de una gu\u00eda de luz de 2 mm en la tapa. Zumbador con volumen ajustable<\/p>","protected":false},"featured_media":143774,"template":"","meta":{"_acf_changed":false},"product_brand":[],"product_cat":[1609],"product_tag":[],"class_list":{"0":"post-53439","1":"product","2":"type-product","3":"status-publish","4":"has-post-thumbnail","6":"product_cat-nod-evakueringslarm","7":"product_shipping_class-tunga-paket","8":"pa_brands-tjeders","9":"pa_farg-vit","10":"tm-no-options","12":"first","13":"instock","14":"sale","15":"taxable","16":"shipping-taxable","17":"purchasable","18":"product-type-simple"},"acf":[],"_links":{"self":[{"href":"https:\/\/secureus.se\/es\/wp-json\/wp\/v2\/product\/53439","targetHints":{"allow":["GET"]}}],"collection":[{"href":"https:\/\/secureus.se\/es\/wp-json\/wp\/v2\/product"}],"about":[{"href":"https:\/\/secureus.se\/es\/wp-json\/wp\/v2\/types\/product"}],"wp:featuredmedia":[{"embeddable":true,"href":"https:\/\/secureus.se\/es\/wp-json\/wp\/v2\/media\/143774"}],"wp:attachment":[{"href":"https:\/\/secureus.se\/es\/wp-json\/wp\/v2\/media?parent=53439"}],"wp:term":[{"taxonomy":"product_brand","embeddable":true,"href":"https:\/\/secureus.se\/es\/wp-json\/wp\/v2\/product_brand?post=53439"},{"taxonomy":"product_cat","embeddable":true,"href":"https:\/\/secureus.se\/es\/wp-json\/wp\/v2\/product_cat?post=53439"},{"taxonomy":"product_tag","embeddable":true,"href":"https:\/\/secureus.se\/es\/wp-json\/wp\/v2\/product_tag?post=53439"}],"curies":[{"name":"wp","href":"https:\/\/api.w.org\/{rel}","templated":true}]}}