{"id":53441,"date":"2022-06-23T15:18:33","date_gmt":"2022-06-23T13:18:33","guid":{"rendered":"https:\/\/secureus.se\/produkt\/nodlarm-bfl-paket\/"},"modified":"2026-04-23T12:01:07","modified_gmt":"2026-04-23T10:01:07","slug":"nodlarm-bfl-paket","status":"publish","type":"product","link":"https:\/\/secureus.se\/es\/nodlarm-bfl-paket\/","title":{"rendered":"Paquete de alarma de emergencia Bfl"},"content":{"rendered":"<p>Las alarmas se activan a trav\u00e9s del bot\u00f3n de funci\u00f3n \u201cSe\u00f1al de emergencia\u201d en el dispositivo de reinicio. En caso de alarma, se activa la indicaci\u00f3n ac\u00fastica y \u00f3ptica en el panel indicador, as\u00ed como el diodo de reconocimiento en el dispositivo de reinicio. Las alarmas se restablecen mediante el bot\u00f3n de funci\u00f3n \u201cReset\u201d. Las alarmas se pueden retransmitir desde la salida de rel\u00e9 en el dispositivo de reinicio con memoria.<\/p>","protected":false},"excerpt":{"rendered":"<p>Las alarmas se activan a trav\u00e9s del bot\u00f3n de funci\u00f3n \u201cSe\u00f1al de emergencia\u201d en el dispositivo de reinicio. En caso de alarma, se activa la indicaci\u00f3n ac\u00fastica y \u00f3ptica en el panel indicador, as\u00ed como el diodo de reconocimiento en el dispositivo de reinicio. Las alarmas se restablecen mediante el bot\u00f3n de funci\u00f3n \u201cReset\u201d. Las alarmas se pueden reenviar desde la salida del rel\u00e9 en<\/p>","protected":false},"featured_media":144232,"template":"","meta":{"_acf_changed":false},"product_brand":[],"product_cat":[1610],"product_tag":[],"class_list":{"0":"post-53441","1":"product","2":"type-product","3":"status-publish","4":"has-post-thumbnail","6":"product_cat-instangningslarm","7":"product_shipping_class-tunga-paket","8":"tm-no-options","10":"first","11":"outofstock","12":"sale","13":"taxable","14":"shipping-taxable","15":"purchasable","16":"product-type-simple"},"acf":[],"_links":{"self":[{"href":"https:\/\/secureus.se\/es\/wp-json\/wp\/v2\/product\/53441","targetHints":{"allow":["GET"]}}],"collection":[{"href":"https:\/\/secureus.se\/es\/wp-json\/wp\/v2\/product"}],"about":[{"href":"https:\/\/secureus.se\/es\/wp-json\/wp\/v2\/types\/product"}],"wp:featuredmedia":[{"embeddable":true,"href":"https:\/\/secureus.se\/es\/wp-json\/wp\/v2\/media\/144232"}],"wp:attachment":[{"href":"https:\/\/secureus.se\/es\/wp-json\/wp\/v2\/media?parent=53441"}],"wp:term":[{"taxonomy":"product_brand","embeddable":true,"href":"https:\/\/secureus.se\/es\/wp-json\/wp\/v2\/product_brand?post=53441"},{"taxonomy":"product_cat","embeddable":true,"href":"https:\/\/secureus.se\/es\/wp-json\/wp\/v2\/product_cat?post=53441"},{"taxonomy":"product_tag","embeddable":true,"href":"https:\/\/secureus.se\/es\/wp-json\/wp\/v2\/product_tag?post=53441"}],"curies":[{"name":"wp","href":"https:\/\/api.w.org\/{rel}","templated":true}]}}