{"id":53444,"date":"2022-06-23T15:14:11","date_gmt":"2022-06-23T13:14:11","guid":{"rendered":"https:\/\/secureus.se\/produkt\/aterstalln-knapp-2slingor\/"},"modified":"2026-04-08T16:49:56","modified_gmt":"2026-04-08T14:49:56","slug":"aterstalln-knapp-2slingor","status":"publish","type":"product","link":"https:\/\/secureus.se\/es\/aterstalln-knapp-2slingor\/","title":{"rendered":"Bot\u00f3n de reinicio de 2 bucles"},"content":{"rendered":"<p>El bucle se autocontrola ante cortocircuitos e interrupciones. Posibilidad de conectar contactos libres de potencial tanto normalmente abiertos como normalmente cerrados. Retardo de entrada seleccionable 150ms o 2,5s. Es posible activar\/desactivar la funci\u00f3n de memoria. Salida libre de potencial. Bot\u00f3n de control con LED. Buenas opciones de marcado en el bot\u00f3n y la placa de identificaci\u00f3n. Voltaje de funcionamiento: 15 \u2013 28 V CA \/ 18 \u2013 35 V CC. Consumo de energ\u00eda: 110 mA CA \/ 60 mA CC.<\/p>","protected":false},"excerpt":{"rendered":"<p>El bucle se autocontrola ante cortocircuitos e interrupciones. Posibilidad de conectar contactos libres de potencial tanto normalmente abiertos como normalmente cerrados. Retardo de entrada seleccionable 150ms o 2,5s. Posibilidad de activar\/desactivar<\/p>","protected":false},"featured_media":143567,"template":"","meta":{"_acf_changed":false},"product_brand":[],"product_cat":[1612],"product_tag":[],"class_list":{"0":"post-53444","1":"product","2":"type-product","3":"status-publish","4":"has-post-thumbnail","6":"product_cat-aterstallningsenhet","7":"product_shipping_class-tunga-paket","8":"pa_farg-vit","9":"tm-no-options","11":"first","12":"outofstock","13":"sale","14":"taxable","15":"shipping-taxable","16":"purchasable","17":"product-type-simple"},"acf":[],"_links":{"self":[{"href":"https:\/\/secureus.se\/es\/wp-json\/wp\/v2\/product\/53444","targetHints":{"allow":["GET"]}}],"collection":[{"href":"https:\/\/secureus.se\/es\/wp-json\/wp\/v2\/product"}],"about":[{"href":"https:\/\/secureus.se\/es\/wp-json\/wp\/v2\/types\/product"}],"wp:featuredmedia":[{"embeddable":true,"href":"https:\/\/secureus.se\/es\/wp-json\/wp\/v2\/media\/143567"}],"wp:attachment":[{"href":"https:\/\/secureus.se\/es\/wp-json\/wp\/v2\/media?parent=53444"}],"wp:term":[{"taxonomy":"product_brand","embeddable":true,"href":"https:\/\/secureus.se\/es\/wp-json\/wp\/v2\/product_brand?post=53444"},{"taxonomy":"product_cat","embeddable":true,"href":"https:\/\/secureus.se\/es\/wp-json\/wp\/v2\/product_cat?post=53444"},{"taxonomy":"product_tag","embeddable":true,"href":"https:\/\/secureus.se\/es\/wp-json\/wp\/v2\/product_tag?post=53444"}],"curies":[{"name":"wp","href":"https:\/\/api.w.org\/{rel}","templated":true}]}}