{"id":53445,"date":"2022-06-23T15:13:59","date_gmt":"2022-06-23T13:13:59","guid":{"rendered":"https:\/\/secureus.se\/produkt\/aterstalln-knapp-1slinga\/"},"modified":"2026-04-08T16:50:40","modified_gmt":"2026-04-08T14:50:40","slug":"aterstalln-knapp-1slinga","status":"publish","type":"product","link":"https:\/\/secureus.se\/es\/aterstalln-knapp-1slinga\/","title":{"rendered":"Bot\u00f3n de reinicio 1 bucle"},"content":{"rendered":"<p>Unidad principal con 1 bucle. Se pueden generar se\u00f1ales de alarma mediante interruptores o cerrando contactos libres de potencial. Al bucle se le puede dar un retardo de entrada de 150 ms o 2,5 s, as\u00ed como memoria\/no memoria. El bucle tiene monitoreo de cortocircuito\/interrupci\u00f3n. Contacto de conmutaci\u00f3n libre de potencial. Opci\u00f3n de marcado en el bot\u00f3n y placa de identificaci\u00f3n. Tensi\u00f3n de funcionamiento 15 \u2013 28 V CA \/ 18 \u2013 35 V CC. Consumo de energ\u00eda 70 mA CA \/ 40 mA CC.<\/p>","protected":false},"excerpt":{"rendered":"<p>Unidad principal con 1 bucle. Se pueden generar se\u00f1ales de alarma mediante interruptores o cerrando contactos libres de potencial. Al bucle se le puede dar un retardo de entrada de 150 ms o 2,5 s, as\u00ed como memoria\/no memoria. El bucle tiene protecci\u00f3n contra cortocircuitos.<\/p>","protected":false},"featured_media":143785,"template":"","meta":{"_acf_changed":false},"product_brand":[],"product_cat":[1612],"product_tag":[],"class_list":{"0":"post-53445","1":"product","2":"type-product","3":"status-publish","4":"has-post-thumbnail","6":"product_cat-aterstallningsenhet","7":"product_shipping_class-tunga-paket","8":"pa_farg-vit","9":"tm-no-options","11":"first","12":"outofstock","13":"sale","14":"taxable","15":"shipping-taxable","16":"purchasable","17":"product-type-simple"},"acf":[],"_links":{"self":[{"href":"https:\/\/secureus.se\/es\/wp-json\/wp\/v2\/product\/53445","targetHints":{"allow":["GET"]}}],"collection":[{"href":"https:\/\/secureus.se\/es\/wp-json\/wp\/v2\/product"}],"about":[{"href":"https:\/\/secureus.se\/es\/wp-json\/wp\/v2\/types\/product"}],"wp:featuredmedia":[{"embeddable":true,"href":"https:\/\/secureus.se\/es\/wp-json\/wp\/v2\/media\/143785"}],"wp:attachment":[{"href":"https:\/\/secureus.se\/es\/wp-json\/wp\/v2\/media?parent=53445"}],"wp:term":[{"taxonomy":"product_brand","embeddable":true,"href":"https:\/\/secureus.se\/es\/wp-json\/wp\/v2\/product_brand?post=53445"},{"taxonomy":"product_cat","embeddable":true,"href":"https:\/\/secureus.se\/es\/wp-json\/wp\/v2\/product_cat?post=53445"},{"taxonomy":"product_tag","embeddable":true,"href":"https:\/\/secureus.se\/es\/wp-json\/wp\/v2\/product_tag?post=53445"}],"curies":[{"name":"wp","href":"https:\/\/api.w.org\/{rel}","templated":true}]}}