{"id":53447,"date":"2022-06-23T15:13:37","date_gmt":"2022-06-23T13:13:37","guid":{"rendered":"https:\/\/secureus.se\/produkt\/aterstalln-minne\/"},"modified":"2026-04-08T16:54:30","modified_gmt":"2026-04-08T14:54:30","slug":"aterstalln-minne","status":"publish","type":"product","link":"https:\/\/secureus.se\/es\/aterstalln-minne\/","title":{"rendered":"Restablecer memoria"},"content":{"rendered":"<p>Funci\u00f3n de memoria y entradas para alarma y reset. Salidas de rel\u00e9 para alarmas. La conexi\u00f3n se realiza mediante un bloque de terminales de tornillo con protecci\u00f3n de cable. Para montaje empotrado en caja de dispositivo redonda c\/c 60mm o montaje en superficie en marco de pared 5020012 (altura 26mm). Tapa para fijaci\u00f3n con tornillos, fabricada en termopl\u00e1stico de color blanco.<\/p>","protected":false},"excerpt":{"rendered":"<p>Funci\u00f3n de memoria y entradas para alarma y reset. Salidas de rel\u00e9 para alarmas. La conexi\u00f3n se realiza mediante un bloque de terminales de tornillo con protecci\u00f3n de cable. Para montaje empotrado en caja de dispositivo redonda c\/c 60 mm o montaje en superficie en marco de pared 5020012 (altura<\/p>","protected":false},"featured_media":144250,"template":"","meta":{"_acf_changed":false},"product_brand":[],"product_cat":[1612],"product_tag":[],"class_list":{"0":"post-53447","1":"product","2":"type-product","3":"status-publish","4":"has-post-thumbnail","6":"product_cat-aterstallningsenhet","7":"product_shipping_class-tunga-paket","8":"pa_farg-vit","9":"tm-no-options","11":"first","12":"outofstock","13":"sale","14":"taxable","15":"shipping-taxable","16":"purchasable","17":"product-type-simple"},"acf":[],"_links":{"self":[{"href":"https:\/\/secureus.se\/es\/wp-json\/wp\/v2\/product\/53447","targetHints":{"allow":["GET"]}}],"collection":[{"href":"https:\/\/secureus.se\/es\/wp-json\/wp\/v2\/product"}],"about":[{"href":"https:\/\/secureus.se\/es\/wp-json\/wp\/v2\/types\/product"}],"wp:featuredmedia":[{"embeddable":true,"href":"https:\/\/secureus.se\/es\/wp-json\/wp\/v2\/media\/144250"}],"wp:attachment":[{"href":"https:\/\/secureus.se\/es\/wp-json\/wp\/v2\/media?parent=53447"}],"wp:term":[{"taxonomy":"product_brand","embeddable":true,"href":"https:\/\/secureus.se\/es\/wp-json\/wp\/v2\/product_brand?post=53447"},{"taxonomy":"product_cat","embeddable":true,"href":"https:\/\/secureus.se\/es\/wp-json\/wp\/v2\/product_cat?post=53447"},{"taxonomy":"product_tag","embeddable":true,"href":"https:\/\/secureus.se\/es\/wp-json\/wp\/v2\/product_tag?post=53447"}],"curies":[{"name":"wp","href":"https:\/\/api.w.org\/{rel}","templated":true}]}}