{"id":53448,"date":"2022-06-23T15:13:26","date_gmt":"2022-06-23T13:13:26","guid":{"rendered":"https:\/\/secureus.se\/produkt\/aterstalln-enkel-2-kn-2\/"},"modified":"2026-04-08T16:47:42","modified_gmt":"2026-04-08T14:47:42","slug":"aterstalln-enkel-2-kn-2","status":"publish","type":"product","link":"https:\/\/secureus.se\/es\/aterstalln-enkel-2-kn-2\/","title":{"rendered":"Restablecer simple 2 Kn"},"content":{"rendered":"<p>El dispositivo contiene 1 bot\u00f3n de funci\u00f3n rojo y 1 verde y un diodo de reconocimiento rojo debajo de una gu\u00eda de luz de 2 mm en la tapa. Presione la tapa: \u201cSOS\u201d y \u201cReset\u201d. La conexi\u00f3n se realiza a terminales de tornillo enchufables con protecci\u00f3n de cable. Para montaje empotrado en caja de dispositivo redonda c\/c 60mm o montaje en superficie en marco de pared 5020012 (altura 26mm). Tapa para fijaci\u00f3n con tornillos, fabricada en termopl\u00e1stico de color blanco.<\/p>","protected":false},"excerpt":{"rendered":"<p>El dispositivo contiene 1 bot\u00f3n de funci\u00f3n rojo y 1 verde y un diodo de reconocimiento rojo debajo de una gu\u00eda de luz de 2 mm en la tapa. Presione la tapa: \u201cSOS\u201d y \u201cReset\u201d. La conexi\u00f3n se realiza a terminales de tornillo enchufables con protecci\u00f3n de cable.<\/p>","protected":false},"featured_media":143577,"template":"","meta":{"_acf_changed":false},"product_brand":[],"product_cat":[1612],"product_tag":[],"class_list":{"0":"post-53448","1":"product","2":"type-product","3":"status-publish","4":"has-post-thumbnail","6":"product_cat-aterstallningsenhet","7":"product_shipping_class-tunga-paket","8":"pa_farg-vit","9":"tm-no-options","11":"first","12":"outofstock","13":"sale","14":"taxable","15":"shipping-taxable","16":"purchasable","17":"product-type-simple"},"acf":[],"_links":{"self":[{"href":"https:\/\/secureus.se\/es\/wp-json\/wp\/v2\/product\/53448","targetHints":{"allow":["GET"]}}],"collection":[{"href":"https:\/\/secureus.se\/es\/wp-json\/wp\/v2\/product"}],"about":[{"href":"https:\/\/secureus.se\/es\/wp-json\/wp\/v2\/types\/product"}],"wp:featuredmedia":[{"embeddable":true,"href":"https:\/\/secureus.se\/es\/wp-json\/wp\/v2\/media\/143577"}],"wp:attachment":[{"href":"https:\/\/secureus.se\/es\/wp-json\/wp\/v2\/media?parent=53448"}],"wp:term":[{"taxonomy":"product_brand","embeddable":true,"href":"https:\/\/secureus.se\/es\/wp-json\/wp\/v2\/product_brand?post=53448"},{"taxonomy":"product_cat","embeddable":true,"href":"https:\/\/secureus.se\/es\/wp-json\/wp\/v2\/product_cat?post=53448"},{"taxonomy":"product_tag","embeddable":true,"href":"https:\/\/secureus.se\/es\/wp-json\/wp\/v2\/product_tag?post=53448"}],"curies":[{"name":"wp","href":"https:\/\/api.w.org\/{rel}","templated":true}]}}