{"id":53449,"date":"2022-06-23T15:13:12","date_gmt":"2022-06-23T13:13:12","guid":{"rendered":"https:\/\/secureus.se\/produkt\/aterstalln-enkel-2-kn\/"},"modified":"2026-04-08T16:48:02","modified_gmt":"2026-04-08T14:48:02","slug":"aterstalln-enkel-2-kn","status":"publish","type":"product","link":"https:\/\/secureus.se\/es\/aterstalln-enkel-2-kn\/","title":{"rendered":"Restablecer simple 2 Kn"},"content":{"rendered":"<p>Dispositivo de reinicio que contiene 1 bot\u00f3n de funci\u00f3n rojo y 1 verde y un diodo de reconocimiento rojo debajo de una gu\u00eda de luz de 2 mm en la tapa. Presione la tapa: \u201cSe\u00f1al\u201d y \u201cReset\u201d. La conexi\u00f3n se realiza mediante un bloque de terminales de tornillo enchufable con protecci\u00f3n de cable. Para montaje empotrado en caja de dispositivo redonda c\/c 60mm o montaje en superficie en marco de pared 5020012 (altura 26mm). Tapa para fijaci\u00f3n con tornillos, fabricada en termopl\u00e1stico de color blanco.<\/p>","protected":false},"excerpt":{"rendered":"<p>\u00c5terst\u00e4llningsapparat inneh\u00e5llande 1st r\u00f6d och 1st gr\u00f6n funktionsknapp och r\u00f6d kvitteringsdiod under en 2mm ljusledare i locket. Tryck p\u00e5 locket: &#8220;Signal&#8221; och &#8220;\u00c5terst\u00e4llning&#8221;. Inkoppling sker p\u00e5 jackbar skruvplint med tr\u00e5dskydd.<\/p>","protected":false},"featured_media":143796,"template":"","meta":{"_acf_changed":false},"product_brand":[],"product_cat":[1612],"product_tag":[],"class_list":{"0":"post-53449","1":"product","2":"type-product","3":"status-publish","4":"has-post-thumbnail","6":"product_cat-aterstallningsenhet","7":"product_shipping_class-tunga-paket","8":"pa_farg-vit","9":"tm-no-options","11":"first","12":"outofstock","13":"sale","14":"taxable","15":"shipping-taxable","16":"purchasable","17":"product-type-simple"},"acf":[],"_links":{"self":[{"href":"https:\/\/secureus.se\/es\/wp-json\/wp\/v2\/product\/53449","targetHints":{"allow":["GET"]}}],"collection":[{"href":"https:\/\/secureus.se\/es\/wp-json\/wp\/v2\/product"}],"about":[{"href":"https:\/\/secureus.se\/es\/wp-json\/wp\/v2\/types\/product"}],"wp:featuredmedia":[{"embeddable":true,"href":"https:\/\/secureus.se\/es\/wp-json\/wp\/v2\/media\/143796"}],"wp:attachment":[{"href":"https:\/\/secureus.se\/es\/wp-json\/wp\/v2\/media?parent=53449"}],"wp:term":[{"taxonomy":"product_brand","embeddable":true,"href":"https:\/\/secureus.se\/es\/wp-json\/wp\/v2\/product_brand?post=53449"},{"taxonomy":"product_cat","embeddable":true,"href":"https:\/\/secureus.se\/es\/wp-json\/wp\/v2\/product_cat?post=53449"},{"taxonomy":"product_tag","embeddable":true,"href":"https:\/\/secureus.se\/es\/wp-json\/wp\/v2\/product_tag?post=53449"}],"curies":[{"name":"wp","href":"https:\/\/api.w.org\/{rel}","templated":true}]}}