{"id":53453,"date":"2022-06-23T15:12:39","date_gmt":"2022-06-23T13:12:39","guid":{"rendered":"https:\/\/secureus.se\/produkt\/aterstalln-minne-kn\/"},"modified":"2026-04-23T11:56:56","modified_gmt":"2026-04-23T09:56:56","slug":"aterstalln-minne-kn","status":"publish","type":"product","link":"https:\/\/secureus.se\/es\/aterstalln-minne-kn\/","title":{"rendered":"Restablecer memoria Kn"},"content":{"rendered":"<p>El dispositivo contiene un bot\u00f3n de funci\u00f3n verde y un LED de reconocimiento rojo debajo de una gu\u00eda de luz de 2 mm en la tapa. Funci\u00f3n de memoria y entradas para alarma y reset. Salidas de rel\u00e9 para alarmas. Presione la tapa: \u201cReset\u201d. La conexi\u00f3n se realiza mediante un bloque de terminales de tornillo con protecci\u00f3n de cable. Para montaje empotrado en caja de dispositivo redonda c\/c 60mm o montaje en superficie en marco de pared 5020012 (altura 26mm). Tapa para fijaci\u00f3n con tornillos, fabricada en termopl\u00e1stico de color blanco.<\/p>","protected":false},"excerpt":{"rendered":"<p>Apparaten inneh\u00e5ller gr\u00f6n funktionsknapp och r\u00f6d kvitteringsdiod under en 2mm ljusledare i locket. Minnesfunktion och ing\u00e5ngar f\u00f6r larm och \u00e5terst\u00e4llning. Rel\u00e4utg\u00e5ngar f\u00f6r larm. Tryck p\u00e5 locket: \u201c\u00c5terst\u00e4llning\u201d. Inkoppling sker p\u00e5<\/p>","protected":false},"featured_media":143807,"template":"","meta":{"_acf_changed":false},"product_brand":[],"product_cat":[1612],"product_tag":[],"class_list":{"0":"post-53453","1":"product","2":"type-product","3":"status-publish","4":"has-post-thumbnail","6":"product_cat-aterstallningsenhet","7":"product_shipping_class-tunga-paket","8":"pa_farg-vit","9":"tm-no-options","11":"first","12":"outofstock","13":"sale","14":"taxable","15":"shipping-taxable","16":"purchasable","17":"product-type-simple"},"acf":[],"_links":{"self":[{"href":"https:\/\/secureus.se\/es\/wp-json\/wp\/v2\/product\/53453","targetHints":{"allow":["GET"]}}],"collection":[{"href":"https:\/\/secureus.se\/es\/wp-json\/wp\/v2\/product"}],"about":[{"href":"https:\/\/secureus.se\/es\/wp-json\/wp\/v2\/types\/product"}],"wp:featuredmedia":[{"embeddable":true,"href":"https:\/\/secureus.se\/es\/wp-json\/wp\/v2\/media\/143807"}],"wp:attachment":[{"href":"https:\/\/secureus.se\/es\/wp-json\/wp\/v2\/media?parent=53453"}],"wp:term":[{"taxonomy":"product_brand","embeddable":true,"href":"https:\/\/secureus.se\/es\/wp-json\/wp\/v2\/product_brand?post=53453"},{"taxonomy":"product_cat","embeddable":true,"href":"https:\/\/secureus.se\/es\/wp-json\/wp\/v2\/product_cat?post=53453"},{"taxonomy":"product_tag","embeddable":true,"href":"https:\/\/secureus.se\/es\/wp-json\/wp\/v2\/product_tag?post=53453"}],"curies":[{"name":"wp","href":"https:\/\/api.w.org\/{rel}","templated":true}]}}