{"id":53454,"date":"2022-06-23T15:11:32","date_gmt":"2022-06-23T13:11:32","guid":{"rendered":"https:\/\/secureus.se\/produkt\/anropsapp-kn-drag-2\/"},"modified":"2026-04-08T16:50:57","modified_gmt":"2026-04-08T14:50:57","slug":"anropsapp-kn-drag-2","status":"publish","type":"product","link":"https:\/\/secureus.se\/es\/anropsapp-kn-drag-2\/","title":{"rendered":"Aplicaci\u00f3n de llamadas Kn Drag"},"content":{"rendered":"<p>El dispositivo contiene un bot\u00f3n de funci\u00f3n rojo, un cable de tracci\u00f3n de 2 metros y un diodo de reconocimiento rojo debajo de un<br \/>\nGu\u00eda de luz de 2 mm en la tapa. Presione la tapa: \u201cSe\u00f1al de emergencia\u201d. La conexi\u00f3n se realiza mediante un bloque de terminales de tornillo enchufable con<br \/>\nprotecci\u00f3n de cables. Para montaje empotrado en una caja de dispositivo redonda c\/c 60 mm o montaje en superficie en un marco de pared<br \/>\n5020088 (altura 16mm). Tapa para fijaci\u00f3n con tornillos, fabricada en termopl\u00e1stico de color blanco.<\/p>","protected":false},"excerpt":{"rendered":"<p>El dispositivo contiene un bot\u00f3n de funci\u00f3n rojo, un cable de tracci\u00f3n de 2 metros y un diodo de reconocimiento rojo debajo de una gu\u00eda de luz de 2 mm en la tapa. Presione la tapa: \u201cSe\u00f1al de emergencia\u201d. La conexi\u00f3n se realiza mediante un bloque de terminales de tornillo enchufable con protecci\u00f3n de cable. Para montaje empotrado<\/p>","protected":false},"featured_media":143345,"template":"","meta":{"_acf_changed":false},"product_brand":[],"product_cat":[1608],"product_tag":[],"class_list":{"0":"post-53454","1":"product","2":"type-product","3":"status-publish","4":"has-post-thumbnail","6":"product_cat-larmknappar","7":"product_shipping_class-tunga-paket","8":"pa_farg-vit","9":"tm-no-options","11":"first","12":"outofstock","13":"sale","14":"taxable","15":"shipping-taxable","16":"purchasable","17":"product-type-simple"},"acf":[],"_links":{"self":[{"href":"https:\/\/secureus.se\/es\/wp-json\/wp\/v2\/product\/53454","targetHints":{"allow":["GET"]}}],"collection":[{"href":"https:\/\/secureus.se\/es\/wp-json\/wp\/v2\/product"}],"about":[{"href":"https:\/\/secureus.se\/es\/wp-json\/wp\/v2\/types\/product"}],"wp:featuredmedia":[{"embeddable":true,"href":"https:\/\/secureus.se\/es\/wp-json\/wp\/v2\/media\/143345"}],"wp:attachment":[{"href":"https:\/\/secureus.se\/es\/wp-json\/wp\/v2\/media?parent=53454"}],"wp:term":[{"taxonomy":"product_brand","embeddable":true,"href":"https:\/\/secureus.se\/es\/wp-json\/wp\/v2\/product_brand?post=53454"},{"taxonomy":"product_cat","embeddable":true,"href":"https:\/\/secureus.se\/es\/wp-json\/wp\/v2\/product_cat?post=53454"},{"taxonomy":"product_tag","embeddable":true,"href":"https:\/\/secureus.se\/es\/wp-json\/wp\/v2\/product_tag?post=53454"}],"curies":[{"name":"wp","href":"https:\/\/api.w.org\/{rel}","templated":true}]}}