{"id":53457,"date":"2022-06-23T15:11:27","date_gmt":"2022-06-23T13:11:27","guid":{"rendered":"https:\/\/secureus.se\/produkt\/anropsapp-kn-uttag-signal\/"},"modified":"2026-03-26T12:18:39","modified_gmt":"2026-03-26T11:18:39","slug":"anropsapp-kn-uttag-signal","status":"publish","type":"product","link":"https:\/\/secureus.se\/es\/anropsapp-kn-uttag-signal\/","title":{"rendered":"Llamar a la aplicaci\u00f3n Kn Outlet \u201cSignal\u201d"},"content":{"rendered":"<p>El dispositivo contiene un bot\u00f3n de funci\u00f3n rojo, un conector de funci\u00f3n de 6,35 mm y un diodo de reconocimiento rojo debajo de una gu\u00eda de luz de 2 mm en la tapa. Presione la tapa: \u201cSe\u00f1al\u201d. La conexi\u00f3n se realiza mediante un bloque de terminales de tornillo enchufable con protecci\u00f3n de cable. Para montaje empotrado en caja de dispositivo redonda c\/c 60mm o montaje en superficie en marco de pared 5020012 (altura 16mm). Tapa para fijaci\u00f3n con tornillos, fabricada en termopl\u00e1stico de color blanco.<\/p>","protected":false},"excerpt":{"rendered":"<p>El dispositivo contiene un bot\u00f3n de funci\u00f3n rojo, un conector de funci\u00f3n de 6,35 mm y un diodo de reconocimiento rojo debajo de una gu\u00eda de luz de 2 mm en la tapa. Presione la tapa: \u201cSe\u00f1al\u201d. La conexi\u00f3n se realiza mediante un bloque de terminales de tornillo enchufable con protecci\u00f3n de cable. Para montaje empotrado en<\/p>","protected":false},"featured_media":143812,"template":"","meta":{"_acf_changed":false},"product_brand":[],"product_cat":[1608],"product_tag":[],"class_list":{"0":"post-53457","1":"product","2":"type-product","3":"status-publish","4":"has-post-thumbnail","6":"product_cat-larmknappar","7":"product_shipping_class-tunga-paket","8":"pa_farg-vit","9":"tm-no-options","11":"first","12":"outofstock","13":"sale","14":"taxable","15":"shipping-taxable","16":"purchasable","17":"product-type-simple"},"acf":[],"_links":{"self":[{"href":"https:\/\/secureus.se\/es\/wp-json\/wp\/v2\/product\/53457","targetHints":{"allow":["GET"]}}],"collection":[{"href":"https:\/\/secureus.se\/es\/wp-json\/wp\/v2\/product"}],"about":[{"href":"https:\/\/secureus.se\/es\/wp-json\/wp\/v2\/types\/product"}],"wp:featuredmedia":[{"embeddable":true,"href":"https:\/\/secureus.se\/es\/wp-json\/wp\/v2\/media\/143812"}],"wp:attachment":[{"href":"https:\/\/secureus.se\/es\/wp-json\/wp\/v2\/media?parent=53457"}],"wp:term":[{"taxonomy":"product_brand","embeddable":true,"href":"https:\/\/secureus.se\/es\/wp-json\/wp\/v2\/product_brand?post=53457"},{"taxonomy":"product_cat","embeddable":true,"href":"https:\/\/secureus.se\/es\/wp-json\/wp\/v2\/product_cat?post=53457"},{"taxonomy":"product_tag","embeddable":true,"href":"https:\/\/secureus.se\/es\/wp-json\/wp\/v2\/product_tag?post=53457"}],"curies":[{"name":"wp","href":"https:\/\/api.w.org\/{rel}","templated":true}]}}