{"id":53460,"date":"2022-06-23T15:11:23","date_gmt":"2022-06-23T13:11:23","guid":{"rendered":"https:\/\/secureus.se\/produkt\/signaltryck-signaluttag\/"},"modified":"2026-04-08T16:53:26","modified_gmt":"2026-04-08T14:53:26","slug":"signaltryck-signaluttag","status":"publish","type":"product","link":"https:\/\/secureus.se\/es\/signaltryck-signaluttag\/","title":{"rendered":"Presi\u00f3n de se\u00f1al. Toma de se\u00f1al"},"content":{"rendered":"<p>El dispositivo tiene un bot\u00f3n con luz de se\u00f1alizaci\u00f3n y un conector para conector jack de 6,3 mm. Opci\u00f3n de marcado en el bot\u00f3n y placa de identificaci\u00f3n. Luz de se\u00f1alizaci\u00f3n (LED) Tensi\u00f3n de funcionamiento\/consumo de energ\u00eda: 9,5-28 V CA\/20 mA o 9,5-35 V CC\/10 mA. Bot\u00f3n m\u00e1x. Tensi\u00f3n de conmutaci\u00f3n \/ Corriente de conmutaci\u00f3n \/ Potencia de conmutaci\u00f3n: 30 Vac \/ 35 Vdc \/ 100 mA ac\/dc \/ 3VA\/W.<\/p>","protected":false},"excerpt":{"rendered":"<p>Apparaten har en knapp f\u00f6rsedd med signallampa och uttag f\u00f6r 6,3 mm Jack-anslutning. Markeringsm\u00f6jlighet i knappen och namnskylten. Signalljusets (LED) driftsp\u00e4nning \/ elf\u00f6rbrukning: 9,5-28 Vac \/ 20 mA eller 9,5-35<\/p>","protected":false},"featured_media":143604,"template":"","meta":{"_acf_changed":false},"product_brand":[],"product_cat":[1608],"product_tag":[],"class_list":{"0":"post-53460","1":"product","2":"type-product","3":"status-publish","4":"has-post-thumbnail","6":"product_cat-larmknappar","7":"product_shipping_class-tunga-paket","8":"pa_farg-vit","9":"tm-no-options","11":"first","12":"outofstock","13":"sale","14":"taxable","15":"shipping-taxable","16":"purchasable","17":"product-type-simple"},"acf":[],"_links":{"self":[{"href":"https:\/\/secureus.se\/es\/wp-json\/wp\/v2\/product\/53460","targetHints":{"allow":["GET"]}}],"collection":[{"href":"https:\/\/secureus.se\/es\/wp-json\/wp\/v2\/product"}],"about":[{"href":"https:\/\/secureus.se\/es\/wp-json\/wp\/v2\/types\/product"}],"wp:featuredmedia":[{"embeddable":true,"href":"https:\/\/secureus.se\/es\/wp-json\/wp\/v2\/media\/143604"}],"wp:attachment":[{"href":"https:\/\/secureus.se\/es\/wp-json\/wp\/v2\/media?parent=53460"}],"wp:term":[{"taxonomy":"product_brand","embeddable":true,"href":"https:\/\/secureus.se\/es\/wp-json\/wp\/v2\/product_brand?post=53460"},{"taxonomy":"product_cat","embeddable":true,"href":"https:\/\/secureus.se\/es\/wp-json\/wp\/v2\/product_cat?post=53460"},{"taxonomy":"product_tag","embeddable":true,"href":"https:\/\/secureus.se\/es\/wp-json\/wp\/v2\/product_tag?post=53460"}],"curies":[{"name":"wp","href":"https:\/\/api.w.org\/{rel}","templated":true}]}}