{"id":53463,"date":"2022-06-22T11:25:24","date_gmt":"2022-06-22T09:25:24","guid":{"rendered":"https:\/\/secureus.se\/produkt\/radiosandare-s2tr2641e4\/"},"modified":"2026-04-08T16:58:36","modified_gmt":"2026-04-08T14:58:36","slug":"radiosandare-s2tr2641e4","status":"publish","type":"product","link":"https:\/\/secureus.se\/es\/radiosandare-s2tr2641e4\/","title":{"rendered":"Emisor de radio S2Tr2641E4 - CDVI 433 MHz, 4 botones, KeeLoq"},"content":{"rendered":"<h3 data-start=\"1148\" data-end=\"1212\">Transmisor de radio con 4 botones: f\u00e1cil de usar, alta seguridad<\/h3>\n<p data-start=\"1213\" data-end=\"1484\">El CDVI Erone S2TR2641E4 es un transmisor de radio ergon\u00f3mico con <strong data-start=\"1269\" data-end=\"1303\">cuatro botones grandes y claros<\/strong>Dise\u00f1ado para ser f\u00e1cil de usar incluso con manos un poco m\u00e1s d\u00e9biles. Perfecto para controlar, por ejemplo, <strong data-start=\"1413\" data-end=\"1483\">Abrepuertas, portones, puertas de garaje, funciones de iluminaci\u00f3n o alarma<\/strong>.<\/p>\n<h3 data-start=\"1486\" data-end=\"1526\">Se\u00f1al segura con KeeLoq Rolling Code<\/h3>\n<p data-start=\"1527\" data-end=\"1711\">El transmisor utiliza <strong data-start=\"1545\" data-end=\"1576\">C\u00f3digo de salto\/rolling de KeeLoq<\/strong>, lo que significa que el c\u00f3digo cambia con cada pulsaci\u00f3n de tecla para reducir el riesgo de copia.<\/p>\n<h3 data-start=\"1713\" data-end=\"1758\">Compatible con receptores CDVI\/Erone a 433,92 MHz<\/h3>\n<p data-start=\"1759\" data-end=\"1970\">S2TR2641E4 funciona con todos <strong data-start=\"1783\" data-end=\"1808\">Receptor de radio CDVI<\/strong> que utiliza la misma frecuencia (<strong data-start=\"1838\" data-end=\"1852\">433,92 MHz<\/strong>) y se puede programar en uno o m\u00e1s receptores dependiendo de la instalaci\u00f3n.<\/p>\n<h3 data-start=\"1972\" data-end=\"1998\">Bater\u00eda e indicaci\u00f3n<\/h3>\n<p data-start=\"1999\" data-end=\"2222\">El transmisor est\u00e1 alimentado por un <strong data-start=\"2021\" data-end=\"2048\">Bater\u00eda de 12 V 23A\/L1028<\/strong>El LED indica transmisi\u00f3n y cuando el nivel de bater\u00eda es bajo, puede comportarse de manera diferente (por ejemplo, parpadear), lo que es una buena se\u00f1al para cambiar la bater\u00eda.<\/p>\n<p class=\"not-prose mt-0! mb-0! flex-auto truncate\">Manual S2TR2641Ex ES<\/p>\n<hr data-start=\"2224\" data-end=\"2227\" \/>\n<h2 data-start=\"2229\" data-end=\"2253\">Beneficios<\/h2>\n<ul data-start=\"2254\" data-end=\"2750\">\n<li data-start=\"2254\" data-end=\"2321\">\n<p data-start=\"2256\" data-end=\"2321\"><strong data-start=\"2256\" data-end=\"2281\">4 botones \/ 4 canales<\/strong><\/p>\n<\/li>\n<li data-start=\"2322\" data-end=\"2387\">\n<p data-start=\"2324\" data-end=\"2387\"><strong data-start=\"2324\" data-end=\"2338\">433,92 MHz<\/strong> (AM\/PREGUNTAR)<\/p>\n<\/li>\n<li data-start=\"2388\" data-end=\"2470\">\n<p data-start=\"2390\" data-end=\"2470\"><strong data-start=\"2390\" data-end=\"2413\">C\u00f3digo rodante KeeLoq<\/strong> (alta seguridad)<\/p>\n<\/li>\n<li data-start=\"2471\" data-end=\"2553\">\n<p data-start=\"2473\" data-end=\"2553\"><strong data-start=\"2473\" data-end=\"2511\">Alcance en campo abierto aprox. 150\u2013250 m<\/strong><\/p>\n<\/li>\n<li data-start=\"2554\" data-end=\"2594\">\n<p data-start=\"2556\" data-end=\"2594\"><strong data-start=\"2556\" data-end=\"2592\">Dise\u00f1o ergon\u00f3mico, botones grandes.<\/strong><\/p>\n<\/li>\n<li data-start=\"2595\" data-end=\"2639\">\n<p data-start=\"2597\" data-end=\"2639\">Se adapta <strong data-start=\"2604\" data-end=\"2627\">soporte de pared SESMT03<\/strong> (opcional)<\/p>\n<\/li>\n<li data-start=\"2640\" data-end=\"2750\">\n<p data-start=\"2642\" data-end=\"2750\">Bater\u00eda: <strong data-start=\"2651\" data-end=\"2672\">23 A \/ L1028 (12 V)<\/strong>, esperanza de vida t\u00edpica <strong data-start=\"2691\" data-end=\"2708\">12\u201318 meses<\/strong><\/p>\n<\/li>\n<\/ul>","protected":false},"excerpt":{"rendered":"<p>Emisor de radio ergon\u00f3mico de 4 botones (433,92 MHz) con encriptaci\u00f3n KeeLoq para el control seguro de, por ejemplo, puertas autom\u00e1ticas, portones, iluminaci\u00f3n y alarmas. Se adapta a los receptores CDVI\/Erone en la misma frecuencia y tambi\u00e9n funciona con nuestro soporte de pared.<\/p>","protected":false},"featured_media":143400,"template":"","meta":{"_acf_changed":false},"product_brand":[],"product_cat":[1616],"product_tag":[2273],"class_list":{"0":"post-53463","1":"product","2":"type-product","3":"status-publish","4":"has-post-thumbnail","6":"product_cat-radiosandare-mottagare","7":"product_tag-radio-sandare-erone","8":"product_shipping_class-postnord-varubrev","9":"pa_brands-cdvi","10":"tm-no-options","12":"first","13":"instock","14":"sale","15":"taxable","16":"shipping-taxable","17":"purchasable","18":"product-type-simple"},"acf":[],"_links":{"self":[{"href":"https:\/\/secureus.se\/es\/wp-json\/wp\/v2\/product\/53463","targetHints":{"allow":["GET"]}}],"collection":[{"href":"https:\/\/secureus.se\/es\/wp-json\/wp\/v2\/product"}],"about":[{"href":"https:\/\/secureus.se\/es\/wp-json\/wp\/v2\/types\/product"}],"wp:featuredmedia":[{"embeddable":true,"href":"https:\/\/secureus.se\/es\/wp-json\/wp\/v2\/media\/143400"}],"wp:attachment":[{"href":"https:\/\/secureus.se\/es\/wp-json\/wp\/v2\/media?parent=53463"}],"wp:term":[{"taxonomy":"product_brand","embeddable":true,"href":"https:\/\/secureus.se\/es\/wp-json\/wp\/v2\/product_brand?post=53463"},{"taxonomy":"product_cat","embeddable":true,"href":"https:\/\/secureus.se\/es\/wp-json\/wp\/v2\/product_cat?post=53463"},{"taxonomy":"product_tag","embeddable":true,"href":"https:\/\/secureus.se\/es\/wp-json\/wp\/v2\/product_tag?post=53463"}],"curies":[{"name":"wp","href":"https:\/\/api.w.org\/{rel}","templated":true}]}}