{"id":53473,"date":"2022-06-22T11:20:53","date_gmt":"2022-06-22T09:20:53","guid":{"rendered":"https:\/\/secureus.se\/produkt\/radiosandare-s2tr2641e1\/"},"modified":"2026-04-08T16:42:23","modified_gmt":"2026-04-08T14:42:23","slug":"radiosandare-s2tr2641e1","status":"publish","type":"product","link":"https:\/\/secureus.se\/es\/radiosandare-s2tr2641e1\/","title":{"rendered":"Transmisor de radio S2Tr2641E1"},"content":{"rendered":"<p>Transmisor de radio con un bot\u00f3n de dise\u00f1o ergon\u00f3mico, que se adapta a nuestro soporte de pared SESMT03. Se adapta a todos los receptores de radio CDVI que funcionan en la misma frecuencia (433,92 MHz). Excelente para controlar automatizaci\u00f3n de puertas, iluminaci\u00f3n, alarmas, etc.<\/p>","protected":false},"excerpt":{"rendered":"<p>Transmisor de radio con un bot\u00f3n en dise\u00f1o ergon\u00f3mico, que se adapta a nuestro soporte de pared SESMT03. Se adapta a todos los receptores de radio CDVI que funcionan en la misma frecuencia (433,92 MHz). Excelente para controlar la automatizaci\u00f3n de puertas, iluminaci\u00f3n,<\/p>","protected":false},"featured_media":143686,"template":"","meta":{"_acf_changed":false},"product_brand":[],"product_cat":[1616],"product_tag":[2273],"class_list":{"0":"post-53473","1":"product","2":"type-product","3":"status-publish","4":"has-post-thumbnail","6":"product_cat-radiosandare-mottagare","7":"product_tag-radio-sandare-erone","8":"product_shipping_class-postnord-varubrev","9":"pa_brands-cdvi","10":"tm-no-options","12":"first","13":"outofstock","14":"sale","15":"taxable","16":"shipping-taxable","17":"purchasable","18":"product-type-simple"},"acf":[],"_links":{"self":[{"href":"https:\/\/secureus.se\/es\/wp-json\/wp\/v2\/product\/53473","targetHints":{"allow":["GET"]}}],"collection":[{"href":"https:\/\/secureus.se\/es\/wp-json\/wp\/v2\/product"}],"about":[{"href":"https:\/\/secureus.se\/es\/wp-json\/wp\/v2\/types\/product"}],"wp:featuredmedia":[{"embeddable":true,"href":"https:\/\/secureus.se\/es\/wp-json\/wp\/v2\/media\/143686"}],"wp:attachment":[{"href":"https:\/\/secureus.se\/es\/wp-json\/wp\/v2\/media?parent=53473"}],"wp:term":[{"taxonomy":"product_brand","embeddable":true,"href":"https:\/\/secureus.se\/es\/wp-json\/wp\/v2\/product_brand?post=53473"},{"taxonomy":"product_cat","embeddable":true,"href":"https:\/\/secureus.se\/es\/wp-json\/wp\/v2\/product_cat?post=53473"},{"taxonomy":"product_tag","embeddable":true,"href":"https:\/\/secureus.se\/es\/wp-json\/wp\/v2\/product_tag?post=53473"}],"curies":[{"name":"wp","href":"https:\/\/api.w.org\/{rel}","templated":true}]}}