{"id":53476,"date":"2022-06-22T11:19:30","date_gmt":"2022-06-22T09:19:30","guid":{"rendered":"https:\/\/secureus.se\/produkt\/radiosandare-setr2641am2-n\/"},"modified":"2026-04-08T16:43:55","modified_gmt":"2026-04-08T14:43:55","slug":"radiosandare-setr2641am2-n","status":"publish","type":"product","link":"https:\/\/secureus.se\/es\/radiosandare-setr2641am2-n\/","title":{"rendered":"Transmisor de radio SETR2641AM2.N \u2013 CDVI 433 MHz, 2 botones, KeeLoq\u00ae"},"content":{"rendered":"<h3 data-start=\"593\" data-end=\"661\">Transmisor de radio SETR2641AM2.N \u2013 CDVI 433 MHz, 2 botones, KeeLoq\u00ae<\/h3>\n<p data-start=\"662\" data-end=\"954\"><strong data-start=\"662\" data-end=\"679\">SETR2641AM2.N<\/strong> es un <strong data-start=\"686\" data-end=\"710\">transmisor de radio compacto<\/strong> con dos botones de funci\u00f3n, desarrollado para un control seguro y confiable de <strong data-start=\"782\" data-end=\"839\">puertas autom\u00e1ticas, portones, sistemas de iluminaci\u00f3n y alarma<\/strong>.<br data-start=\"840\" data-end=\"843\" \/>El transmisor es parte de <strong data-start=\"865\" data-end=\"889\">Serie de 433 MHz de CDVI<\/strong> y es totalmente compatible con receptores dentro del mismo rango de frecuencia.<\/p>\n<p data-start=\"956\" data-end=\"1137\">Se utiliza <strong data-start=\"969\" data-end=\"993\">C\u00f3digo de salto KeeLoq\u00ae<\/strong>, una tecnolog\u00eda de cifrado avanzada que genera un nuevo c\u00f3digo con cada transmisi\u00f3n, protegiendo eficazmente contra el escaneo y la copia de la se\u00f1al.<\/p>\n<hr data-start=\"1139\" data-end=\"1142\" \/>\n<h3 data-start=\"1144\" data-end=\"1170\">Caracter\u00edsticas t\u00e9cnicas<\/h3>\n<ul data-start=\"1171\" data-end=\"1544\">\n<li data-start=\"1171\" data-end=\"1199\">\n<p data-start=\"1173\" data-end=\"1199\"><strong data-start=\"1173\" data-end=\"1186\">Frecuencia:<\/strong> 433,92 MHz<\/p>\n<\/li>\n<li data-start=\"1200\" data-end=\"1224\">\n<p data-start=\"1202\" data-end=\"1224\"><strong data-start=\"1202\" data-end=\"1220\">N\u00famero de botones:<\/strong> 2<\/p>\n<\/li>\n<li data-start=\"1225\" data-end=\"1268\">\n<p data-start=\"1227\" data-end=\"1268\"><strong data-start=\"1227\" data-end=\"1240\">Alcance:<\/strong> hasta 200 m (l\u00ednea de visi\u00f3n)<\/p>\n<\/li>\n<li data-start=\"1269\" data-end=\"1309\">\n<p data-start=\"1271\" data-end=\"1309\"><strong data-start=\"1271\" data-end=\"1286\">Cifrado:<\/strong> C\u00f3digo de salto KeeLoq\u00ae<\/p>\n<\/li>\n<li data-start=\"1310\" data-end=\"1344\">\n<p data-start=\"1312\" data-end=\"1344\"><strong data-start=\"1312\" data-end=\"1324\">Bater\u00eda:<\/strong> 2 \u00d7 CR2016 de litio<\/p>\n<\/li>\n<li data-start=\"1345\" data-end=\"1371\">\n<p data-start=\"1347\" data-end=\"1371\"><strong data-start=\"1347\" data-end=\"1365\">Voltaje de funcionamiento:<\/strong> 3 V<\/p>\n<\/li>\n<li data-start=\"1372\" data-end=\"1417\">\n<p data-start=\"1374\" data-end=\"1417\"><strong data-start=\"1374\" data-end=\"1383\">Pintar:<\/strong> Gris (tambi\u00e9n disponible en varios colores)<\/p>\n<\/li>\n<li data-start=\"1418\" data-end=\"1476\">\n<p data-start=\"1420\" data-end=\"1476\"><strong data-start=\"1420\" data-end=\"1429\">Medida:<\/strong> Dise\u00f1o compacto: f\u00e1cil de llevar en un llavero.<\/p>\n<\/li>\n<li data-start=\"1477\" data-end=\"1544\">\n<p data-start=\"1479\" data-end=\"1544\"><strong data-start=\"1479\" data-end=\"1498\">Compatibilidad:<\/strong> Compatible con todos los receptores CDVI de la serie de 433 MHz<\/p>\n<\/li>\n<\/ul>\n<hr data-start=\"1546\" data-end=\"1549\" \/>\n<h3 data-start=\"1551\" data-end=\"1581\">Funci\u00f3n y uso<\/h3>\n<p data-start=\"1582\" data-end=\"1819\">A cada transmisor se le asigna un n\u00famero de serie \u00fanico y se sincroniza autom\u00e1ticamente con el receptor.<br data-start=\"1673\" data-end=\"1676\" \/>El sistema almacena identificaciones y claves de cifrado en la memoria EEPROM, lo que permite m\u00faltiples transmisores por receptor, perfecto para <strong data-start=\"1794\" data-end=\"1816\">sistema multiusuario<\/strong>.<\/p>\n<p data-start=\"1821\" data-end=\"1861\">El transmisor se puede utilizar para controlar:<\/p>\n<ul data-start=\"1862\" data-end=\"2007\">\n<li data-start=\"1862\" data-end=\"1890\">\n<p data-start=\"1864\" data-end=\"1890\">Portones y puertas de garaje<\/p>\n<\/li>\n<li data-start=\"1891\" data-end=\"1923\">\n<p data-start=\"1893\" data-end=\"1923\">Puertas y persianas autom\u00e1ticas<\/p>\n<\/li>\n<li data-start=\"1924\" data-end=\"1956\">\n<p data-start=\"1926\" data-end=\"1956\">Control de alarma e iluminaci\u00f3n<\/p>\n<\/li>\n<li data-start=\"1957\" data-end=\"2007\">\n<p data-start=\"1959\" data-end=\"2007\">Funciones de seguridad en la industria y el sector inmobiliario<\/p>\n<\/li>\n<\/ul>\n<hr data-start=\"2009\" data-end=\"2012\" \/>\n<h3 data-start=\"2014\" data-end=\"2029\">Beneficios<\/h3>\n<ul data-start=\"2030\" data-end=\"2237\">\n<li data-start=\"2030\" data-end=\"2069\">\n<p data-start=\"2032\" data-end=\"2069\">Alta seguridad con cifrado KeeLoq\u00ae<\/p>\n<\/li>\n<li data-start=\"2070\" data-end=\"2109\">\n<p data-start=\"2072\" data-end=\"2109\">Compatible con toda la serie CDVI 433<\/p>\n<\/li>\n<li data-start=\"2110\" data-end=\"2141\">\n<p data-start=\"2112\" data-end=\"2141\">Alcance de hasta 200 metros<\/p>\n<\/li>\n<li data-start=\"2142\" data-end=\"2196\">\n<p data-start=\"2144\" data-end=\"2196\">Dise\u00f1o peque\u00f1o y duradero: perfecto para tu llavero.<\/p>\n<\/li>\n<li data-start=\"2197\" data-end=\"2237\">\n<p data-start=\"2199\" data-end=\"2237\">F\u00e1cil instalaci\u00f3n y programaci\u00f3n<\/p>\n<\/li>\n<\/ul>\n<hr data-start=\"2239\" data-end=\"2242\" \/>\n<h3 data-start=\"2244\" data-end=\"2259\">Contenido<\/h3>\n<ul data-start=\"2260\" data-end=\"2359\">\n<li data-start=\"2260\" data-end=\"2294\">\n<p data-start=\"2262\" data-end=\"2294\">1 \u00d7 Transmisor de radio SETR2641AM2.N<\/p>\n<\/li>\n<li data-start=\"2295\" data-end=\"2340\">\n<p data-start=\"2297\" data-end=\"2340\">2 pilas de litio CR2016 (preinstaladas)<\/p>\n<\/li>\n<li data-start=\"2341\" data-end=\"2359\">\n<p data-start=\"2343\" data-end=\"2359\">Instrucciones de uso<\/p>\n<\/li>\n<\/ul>","protected":false},"excerpt":{"rendered":"<p>Compacto <strong data-start=\"282\" data-end=\"303\">Transmisor de radio CDVI<\/strong> con <strong data-start=\"308\" data-end=\"323\">dos botones<\/strong> y hasta <strong data-start=\"337\" data-end=\"355\">Alcance de 200 m<\/strong>.<br data-start=\"356\" data-end=\"359\" \/>Usos <strong data-start=\"368\" data-end=\"392\">C\u00f3digo de salto KeeLoq\u00ae<\/strong> para alta seguridad.<br data-start=\"410\" data-end=\"413\" \/>Compatible con todos <strong data-start=\"433\" data-end=\"462\">Receptor CDVI de 433,92 MHz<\/strong> \u2013 ideal para controlar <strong data-start=\"490\" data-end=\"529\">portones, puertas, iluminaci\u00f3n y alarmas<\/strong>.<\/p>","protected":false},"featured_media":143924,"template":"","meta":{"_acf_changed":false},"product_brand":[],"product_cat":[1616],"product_tag":[2273],"class_list":{"0":"post-53476","1":"product","2":"type-product","3":"status-publish","4":"has-post-thumbnail","6":"product_cat-radiosandare-mottagare","7":"product_tag-radio-sandare-erone","8":"product_shipping_class-postnord-varubrev","9":"pa_brands-cdvi","10":"tm-has-options","12":"first","13":"instock","14":"taxable","15":"shipping-taxable","16":"purchasable","17":"product-type-simple"},"acf":[],"_links":{"self":[{"href":"https:\/\/secureus.se\/es\/wp-json\/wp\/v2\/product\/53476","targetHints":{"allow":["GET"]}}],"collection":[{"href":"https:\/\/secureus.se\/es\/wp-json\/wp\/v2\/product"}],"about":[{"href":"https:\/\/secureus.se\/es\/wp-json\/wp\/v2\/types\/product"}],"wp:featuredmedia":[{"embeddable":true,"href":"https:\/\/secureus.se\/es\/wp-json\/wp\/v2\/media\/143924"}],"wp:attachment":[{"href":"https:\/\/secureus.se\/es\/wp-json\/wp\/v2\/media?parent=53476"}],"wp:term":[{"taxonomy":"product_brand","embeddable":true,"href":"https:\/\/secureus.se\/es\/wp-json\/wp\/v2\/product_brand?post=53476"},{"taxonomy":"product_cat","embeddable":true,"href":"https:\/\/secureus.se\/es\/wp-json\/wp\/v2\/product_cat?post=53476"},{"taxonomy":"product_tag","embeddable":true,"href":"https:\/\/secureus.se\/es\/wp-json\/wp\/v2\/product_tag?post=53476"}],"curies":[{"name":"wp","href":"https:\/\/api.w.org\/{rel}","templated":true}]}}